{"id":1902,"date":"2022-04-22T19:03:55","date_gmt":"2022-04-22T17:03:55","guid":{"rendered":"http:\/\/cds64.org\/WordPress3\/?post_type=product&#038;p=1902"},"modified":"2022-07-12T09:15:31","modified_gmt":"2022-07-12T07:15:31","slug":"topo-guide-canyon","status":"publish","type":"product","link":"https:\/\/cds64.org\/WordPress3\/produit\/topo-guide-canyon\/","title":{"rendered":"Topo guide canyon"},"content":{"rendered":"<p><a href=\"http:\/\/cds64.org\/WordPress3\/wp-content\/uploads\/2022\/04\/couverture-topo-canyon-2022.jpg\"><img loading=\"lazy\" decoding=\"async\" class=\"wp-image-1903 alignleft\" src=\"http:\/\/cds64.org\/WordPress3\/wp-content\/uploads\/2022\/04\/couverture-topo-canyon-2022.jpg\" alt=\"\" width=\"236\" height=\"342\" srcset=\"https:\/\/cds64.org\/WordPress3\/wp-content\/uploads\/2022\/04\/couverture-topo-canyon-2022.jpg 919w, https:\/\/cds64.org\/WordPress3\/wp-content\/uploads\/2022\/04\/couverture-topo-canyon-2022-207x300.jpg 207w, https:\/\/cds64.org\/WordPress3\/wp-content\/uploads\/2022\/04\/couverture-topo-canyon-2022-768x1114.jpg 768w, https:\/\/cds64.org\/WordPress3\/wp-content\/uploads\/2022\/04\/couverture-topo-canyon-2022-706x1024.jpg 706w, https:\/\/cds64.org\/WordPress3\/wp-content\/uploads\/2022\/04\/couverture-topo-canyon-2022-600x870.jpg 600w, https:\/\/cds64.org\/WordPress3\/wp-content\/uploads\/2022\/04\/couverture-topo-canyon-2022-103x150.jpg 103w\" sizes=\"auto, (max-width: 236px) 100vw, 236px\" \/><\/a>Le voici, le voil\u00e0, le tant attendu nouveau topoguide canyon des Pyr\u00e9n\u00e9es Atlantiques.<\/p>\n<p>Cette nouvelle version, enrichie, compl\u00e9t\u00e9e, est \u00e0 vous pour sauter, nager, et descendre nos gorges et canyons.<\/p>\n","protected":false},"excerpt":{"rendered":"<p>Le voici, le voil\u00e0, le tant attendu nouveau topoguide canyon des Pyr\u00e9n\u00e9es Atlantiques. Cette nouvelle version, enrichie, compl\u00e9t\u00e9e, est \u00e0 \u2026 <a class=\"continue-reading-link\" href=\"https:\/\/cds64.org\/WordPress3\/produit\/topo-guide-canyon\/\">Lire la suite <span class=\"meta-nav\">&rarr; <\/span><\/a><\/p>\n","protected":false},"featured_media":1903,"template":"","meta":[],"product_brand":[],"product_cat":[31],"product_tag":[],"class_list":{"0":"post-1902","1":"product","2":"type-product","3":"status-publish","4":"has-post-thumbnail","6":"product_cat-publications","7":"product_shipping_class-envoi_postal","9":"first","10":"instock","11":"shipping-taxable","12":"purchasable","13":"product-type-simple"},"_links":{"self":[{"href":"https:\/\/cds64.org\/WordPress3\/wp-json\/wp\/v2\/product\/1902","targetHints":{"allow":["GET"]}}],"collection":[{"href":"https:\/\/cds64.org\/WordPress3\/wp-json\/wp\/v2\/product"}],"about":[{"href":"https:\/\/cds64.org\/WordPress3\/wp-json\/wp\/v2\/types\/product"}],"wp:featuredmedia":[{"embeddable":true,"href":"https:\/\/cds64.org\/WordPress3\/wp-json\/wp\/v2\/media\/1903"}],"wp:attachment":[{"href":"https:\/\/cds64.org\/WordPress3\/wp-json\/wp\/v2\/media?parent=1902"}],"wp:term":[{"taxonomy":"product_brand","embeddable":true,"href":"https:\/\/cds64.org\/WordPress3\/wp-json\/wp\/v2\/product_brand?post=1902"},{"taxonomy":"product_cat","embeddable":true,"href":"https:\/\/cds64.org\/WordPress3\/wp-json\/wp\/v2\/product_cat?post=1902"},{"taxonomy":"product_tag","embeddable":true,"href":"https:\/\/cds64.org\/WordPress3\/wp-json\/wp\/v2\/product_tag?post=1902"}],"curies":[{"name":"wp","href":"https:\/\/api.w.org\/{rel}","templated":true}]}}