{"id":84,"date":"2014-03-20T15:33:58","date_gmt":"2014-03-20T14:33:58","guid":{"rendered":"http:\/\/cds64.org\/WordPress3\/?page_id=84"},"modified":"2014-03-24T09:47:37","modified_gmt":"2014-03-24T08:47:37","slug":"contact","status":"publish","type":"page","link":"https:\/\/cds64.org\/WordPress3\/presentation\/contact\/","title":{"rendered":"Contact"},"content":{"rendered":"<table width=\"100%\" border=\"0\">\n<tbody>\n<tr>\n<td style=\"text-align: center;\"><strong>Comit\u00e9 D\u00e9partemental<\/strong><br \/>\n<strong> de Sp\u00e9l\u00e9ologie<\/strong><br \/>\n<strong> des Pyr\u00e9n\u00e9es-Atlantiques<\/strong>&nbsp;<\/p>\n<address style=\"text-align: center;\">Centre D\u00e9partemental Nelson Paillou<br \/>\n12, rue du professeur Garrigou Lagrange<br \/>\n64000 PAU<\/address>\n<address style=\"text-align: center;\">\u00a0<\/address>\n<address style=\"text-align: center;\">T\u00e9l\u00e9phone : 05.59.14.18.63<\/address>\n<address style=\"text-align: center;\">Mobile : 06.76.70.10.48<\/address>\n<address style=\"text-align: center;\">\u00a0<\/address>\n<address>e-mail : <a href=\"mailto:cds64@ffspeleo.fr\">cds64@ffspeleo.fr<\/a><\/address>\n<address>\u00a0<\/address>\n<p>Consultez les horaires de permanence du salari\u00e9<br \/>\ndans nos bureaux de Pau sur <a title=\"son agenda\" href=\"http:\/\/cds64.org\/WordPress3\/agenda\/\">son agenda<\/a><\/td>\n<td><iframe loading=\"lazy\" src=\"https:\/\/maps.google.fr\/maps\/ms?msa=0&amp;msid=216687493112520903831.00049ea7f51bec82fefbb&amp;ie=UTF8&amp;t=h&amp;ll=43.308691,-0.374393&amp;spn=0.043719,0.060081&amp;z=13&amp;output=embed\" height=\"350\" width=\"350\" frameborder=\"0\" marginwidth=\"0\" marginheight=\"0\" scrolling=\"no\"><\/iframe><br \/>\n<small>Afficher <a style=\"color: #0000ff; text-align: left;\" href=\"https:\/\/maps.google.fr\/maps\/ms?msa=0&amp;msid=216687493112520903831.00049ea7f51bec82fefbb&amp;ie=UTF8&amp;t=h&amp;ll=43.308691,-0.374393&amp;spn=0.043719,0.060081&amp;z=13&amp;source=embed\">Bureaux du CDS 64<\/a> sur une carte plus grande<\/small><\/td>\n<\/tr>\n<\/tbody>\n<\/table>\n","protected":false},"excerpt":{"rendered":"<p>Comit\u00e9 D\u00e9partemental de Sp\u00e9l\u00e9ologie des Pyr\u00e9n\u00e9es-Atlantiques&nbsp; Centre D\u00e9partemental Nelson Paillou 12, rue du professeur Garrigou Lagrange 64000 PAU \u00a0 T\u00e9l\u00e9phone \u2026 <a class=\"continue-reading-link\" href=\"https:\/\/cds64.org\/WordPress3\/presentation\/contact\/\">Lire la suite <span class=\"meta-nav\">&rarr; <\/span><\/a><\/p>\n","protected":false},"author":1,"featured_media":0,"parent":24,"menu_order":3,"comment_status":"closed","ping_status":"open","template":"","meta":{"footnotes":""},"class_list":["post-84","page","type-page","status-publish","hentry"],"_links":{"self":[{"href":"https:\/\/cds64.org\/WordPress3\/wp-json\/wp\/v2\/pages\/84","targetHints":{"allow":["GET"]}}],"collection":[{"href":"https:\/\/cds64.org\/WordPress3\/wp-json\/wp\/v2\/pages"}],"about":[{"href":"https:\/\/cds64.org\/WordPress3\/wp-json\/wp\/v2\/types\/page"}],"author":[{"embeddable":true,"href":"https:\/\/cds64.org\/WordPress3\/wp-json\/wp\/v2\/users\/1"}],"replies":[{"embeddable":true,"href":"https:\/\/cds64.org\/WordPress3\/wp-json\/wp\/v2\/comments?post=84"}],"version-history":[{"count":14,"href":"https:\/\/cds64.org\/WordPress3\/wp-json\/wp\/v2\/pages\/84\/revisions"}],"predecessor-version":[{"id":202,"href":"https:\/\/cds64.org\/WordPress3\/wp-json\/wp\/v2\/pages\/84\/revisions\/202"}],"up":[{"embeddable":true,"href":"https:\/\/cds64.org\/WordPress3\/wp-json\/wp\/v2\/pages\/24"}],"wp:attachment":[{"href":"https:\/\/cds64.org\/WordPress3\/wp-json\/wp\/v2\/media?parent=84"}],"curies":[{"name":"wp","href":"https:\/\/api.w.org\/{rel}","templated":true}]}}