{"id":29,"date":"2014-03-20T11:49:37","date_gmt":"2014-03-20T10:49:37","guid":{"rendered":"http:\/\/cds64.org\/WordPress3\/?page_id=29"},"modified":"2014-03-20T16:13:56","modified_gmt":"2014-03-20T15:13:56","slug":"federation","status":"publish","type":"page","link":"https:\/\/cds64.org\/WordPress3\/presentation\/federation\/","title":{"rendered":"F\u00e9d\u00e9ration Fran\u00e7aise de Sp\u00e9l\u00e9ologie"},"content":{"rendered":"<h1 style=\"text-align: center;\"><img loading=\"lazy\" decoding=\"async\" style=\"font-family: inherit; font-size: 14.44444465637207px; font-style: inherit; font-weight: inherit; color: #222222; line-height: 22px;\" alt=\"Image Exemple\" src=\"http:\/\/www.cds64.org\/images\/stories\/logos\/ffs.png\" width=\"169\" height=\"143\" name=\"view_imagefiles\" \/><\/h1>\n<p style=\"text-align: center;\"><a title=\"ffspeleo.fr\" href=\"http:\/\/http:\/\/ffspeleo.fr\/\" target=\"_blank\"><b>Voir le site de la FFS<\/b><\/a><\/p>\n<p style=\"text-align: justify;\">La F\u00e9d\u00e9ration fran\u00e7aise de sp\u00e9l\u00e9ologie fut Fond\u00e9e en 1963 \u00e0 Millau, de la fusion du Comit\u00e9 National de Sp\u00e9l\u00e9ologie (CNS), et de la Soci\u00e9t\u00e9 Sp\u00e9l\u00e9ologique de France (SSF).<\/p>\n<div>\n<p style=\"text-align: justify;\">La F\u00e9d\u00e9ration fran\u00e7aise de sp\u00e9l\u00e9ologie a pour but :<\/p>\n<p style=\"text-align: justify;\">\u2022 L&#8217;union de toutes personnes pratiquant la sp\u00e9l\u00e9ologie et le canyonisme et notamment l\u2019exploration du milieu souterrain naturel et artificiel.<\/p>\n<p style=\"text-align: justify;\">\u2022 La recherche scientifique, la promotion et l&#8217;enseignement de la sp\u00e9l\u00e9ologie et du canyonisme, la protection et la d\u00e9fense du monde souterrain et de son environnement.<\/p>\n<p style=\"text-align: justify;\">\u2022 L\u2019apport de son concours et de celui de ses adh\u00e9rents \u00e0 des missions de s\u00e9curit\u00e9 civile, de pr\u00e9vention, de formation et lors d\u2019op\u00e9ration de secours en milieu souterrain, dans des cavit\u00e9s naturelles ou artificielles, noy\u00e9es ou \u00e0 l\u2019air libre;<\/p>\n<p style=\"text-align: justify;\">\u2022 L&#8217;organisation, seule ou associ\u00e9e, de manifestations ayant un rapport avec la sp\u00e9l\u00e9ologie ou la descente de canyon.<\/p>\n<p style=\"text-align: justify;\">Membre du coll\u00e8ge des f\u00e9d\u00e9rations sportives non olympiques au sein du Comit\u00e9 national olympique et sportif\u00a0fran\u00e7ais, la FFS est investie d&#8217;une mission de service public, par le Minist\u00e8re des Sports, elle est reconnue comme association de protection de la nature, elle a l&#8217;agr\u00e9ment du Minist\u00e8re de l&#8217;Environnement.<\/p>\n<p style=\"text-align: justify;\">Elle est agr\u00e9\u00e9e par le Minist\u00e8re de l&#8217;int\u00e9rieur comme acteur de la s\u00e9curit\u00e9 civile .<\/p>\n<p style=\"text-align: justify;\">Elle f\u00e9d\u00e8re quelques 467 clubs ou associations et des membres individuels, soit 7482 licenci\u00e9s (chiffres de 2011).<\/p>\n<\/div>\n","protected":false},"excerpt":{"rendered":"<p>Voir le site de la FFS La F\u00e9d\u00e9ration fran\u00e7aise de sp\u00e9l\u00e9ologie fut Fond\u00e9e en 1963 \u00e0 Millau, de la fusion \u2026 <a class=\"continue-reading-link\" href=\"https:\/\/cds64.org\/WordPress3\/presentation\/federation\/\">Lire la suite <span class=\"meta-nav\">&rarr; <\/span><\/a><\/p>\n","protected":false},"author":1,"featured_media":0,"parent":24,"menu_order":1,"comment_status":"closed","ping_status":"open","template":"","meta":{"footnotes":""},"class_list":["post-29","page","type-page","status-publish","hentry"],"_links":{"self":[{"href":"https:\/\/cds64.org\/WordPress3\/wp-json\/wp\/v2\/pages\/29","targetHints":{"allow":["GET"]}}],"collection":[{"href":"https:\/\/cds64.org\/WordPress3\/wp-json\/wp\/v2\/pages"}],"about":[{"href":"https:\/\/cds64.org\/WordPress3\/wp-json\/wp\/v2\/types\/page"}],"author":[{"embeddable":true,"href":"https:\/\/cds64.org\/WordPress3\/wp-json\/wp\/v2\/users\/1"}],"replies":[{"embeddable":true,"href":"https:\/\/cds64.org\/WordPress3\/wp-json\/wp\/v2\/comments?post=29"}],"version-history":[{"count":4,"href":"https:\/\/cds64.org\/WordPress3\/wp-json\/wp\/v2\/pages\/29\/revisions"}],"predecessor-version":[{"id":139,"href":"https:\/\/cds64.org\/WordPress3\/wp-json\/wp\/v2\/pages\/29\/revisions\/139"}],"up":[{"embeddable":true,"href":"https:\/\/cds64.org\/WordPress3\/wp-json\/wp\/v2\/pages\/24"}],"wp:attachment":[{"href":"https:\/\/cds64.org\/WordPress3\/wp-json\/wp\/v2\/media?parent=29"}],"curies":[{"name":"wp","href":"https:\/\/api.w.org\/{rel}","templated":true}]}}