{"id":2241,"date":"2026-01-13T12:22:22","date_gmt":"2026-01-13T11:22:22","guid":{"rendered":"https:\/\/cds64.org\/WordPress3\/?page_id=2241"},"modified":"2026-02-27T10:15:46","modified_gmt":"2026-02-27T09:15:46","slug":"docs-ag-2025","status":"publish","type":"page","link":"https:\/\/cds64.org\/WordPress3\/docs-ag-2025\/","title":{"rendered":"Docs AG 2025"},"content":{"rendered":"<p>Tenu AG et repr\u00e9sentants :<br \/>\nArticle 8 \u2013 Composition \u2013 Attributions \u2013 Convocation<br \/>\nL\u2019Assembl\u00e9e G\u00e9n\u00e9rale se compose des repr\u00e9sentants, pr\u00e9sents ou repr\u00e9sent\u00e9s, \u00e9lus pour 4 ans par les associations ainsi<br \/>\nque ceux du \u00ab coll\u00e8ge des \u00e9tablissements \u00bb et du \u00ab coll\u00e8ge des individuels \u00bb. Ces repr\u00e9sentants doivent \u00eatre licenci\u00e9s \u00e0 la FF Sp\u00e9l\u00e9ologie.<\/p>\n<p>Le Conseil d\u2019Administration ne d\u00e9lib\u00e8re valablement que si<strong> le tiers au moins de ses membres est pr\u00e9sent ou repr\u00e9sent\u00e9.<br \/>\n<\/strong>L\u2019Assembl\u00e9e G\u00e9n\u00e9rale ne d\u00e9lib\u00e8re valablement que si <strong>la moiti\u00e9 au moins de ses membres est pr\u00e9sente ou repr\u00e9sent\u00e9e<\/strong>.<\/p>\n<p>Nombre de licenci\u00e9s en 2025 : 183 + 2 individuels = 185<br \/>\nNombre de repr\u00e9sentants, licenci\u00e9s 2026 : 26 (28 si ASCT f\u00e9d\u00e9r\u00e9)<br \/>\nQuorum 50 % : 13 (14 si ACST f\u00e9d\u00e9r\u00e9)<\/p>\n<p>Chaque repr\u00e9sentant dispose d\u2019une voix. Le nombre de repr\u00e9sentants est d\u00e9termin\u00e9 en fonction du nombre de licences d\u00e9livr\u00e9es dans chaque association ou coll\u00e8ge selon le bar\u00e8me suivant :<\/p>\n<p>de 2 \u00e0 5 licences = 1 repr\u00e9sentant\u00a0 (Baudreix &amp; GSG)<br \/>\nde 6 \u00e0 10 licences = 2 repr\u00e9sentants (ARSIP &amp; ACST)<br \/>\nde 11 \u00e0 20 licences = 3 repr\u00e9sentants (Rigalou)<br \/>\nde 21 \u00e0 30 licences = 4 repr\u00e9sentants (GSO &amp; SSPPO)<br \/>\nde 31 \u00e0 40 licences = 5 repr\u00e9sentants (GSVO)<br \/>\nAu-del\u00e0 de 40 licences = 6 repr\u00e9sentants (Leize Mendi)<br \/>\nCas particulier d&#8217;un membre f\u00e9d\u00e9r\u00e9 individuel dans le 64 = 1 repr\u00e9sentant<\/p>\n<table width=\"945\">\n<tbody>\n<tr>\n<td width=\"131\">\u00a0 \u00a0\u00a0\u00a0\u00a0\u00a0\u00a0&#8220;Code FFS&#8221;<\/td>\n<td width=\"263\">Clubs<\/td>\n<td width=\"98\">Total licenci\u00e9s<\/td>\n<td width=\"104\">Repr\u00e9sentants<\/td>\n<td colspan=\"2\" width=\"350\">Pr\u00e9sident d\u00e9clar\u00e9<\/td>\n<\/tr>\n<tr>\n<td width=\"131\">G64-003-000<\/td>\n<td width=\"263\">LEIZE\u00a0MENDI<\/td>\n<td width=\"98\">63<\/td>\n<td width=\"104\">6<\/td>\n<td width=\"227\">sebastien.arhanegoity@orange.fr<\/td>\n<td width=\"123\"><\/td>\n<\/tr>\n<tr>\n<td width=\"131\">G64-005-000<\/td>\n<td width=\"263\">SP\u00c9L\u00c9O CLUB BAUDREIX<\/td>\n<td width=\"98\">3<\/td>\n<td width=\"104\">1<\/td>\n<td width=\"227\">jean-charles.roussel@wanadoo.fr<\/td>\n<td width=\"123\"><\/td>\n<\/tr>\n<tr>\n<td width=\"131\">G64-011-000<\/td>\n<td width=\"263\">G S VALL\u00c9E D&#8217;OSSAU<\/td>\n<td width=\"98\">32<\/td>\n<td width=\"104\">5<\/td>\n<td width=\"227\">paul.doumenjou@wanadoo.fr<\/td>\n<td width=\"123\"><\/td>\n<\/tr>\n<tr>\n<td width=\"131\">G64-012-000<\/td>\n<td width=\"263\">G S OLORONAIS<\/td>\n<td width=\"98\">25<\/td>\n<td width=\"104\">4<\/td>\n<td width=\"227\">christophe@de-st-sauveur.com<\/td>\n<td width=\"123\"><\/td>\n<\/tr>\n<tr>\n<td width=\"131\">G64-013-000<\/td>\n<td width=\"263\">S S P P O<\/td>\n<td width=\"98\">27<\/td>\n<td width=\"104\">4<\/td>\n<td width=\"227\">contact.ssppo@gmail.com<\/td>\n<td width=\"123\"><\/td>\n<\/tr>\n<tr>\n<td width=\"131\">G64-015-000<\/td>\n<td width=\"263\">G\u00a0S\u00a0DES\u00a0GAVES<\/td>\n<td width=\"98\">3<\/td>\n<td width=\"104\">1<\/td>\n<td width=\"227\">nouscontacter@gsgaves.org<\/td>\n<td width=\"123\"><\/td>\n<\/tr>\n<tr>\n<td width=\"131\">G64-017-000<\/td>\n<td width=\"263\">A R S I P<\/td>\n<td width=\"98\">10<\/td>\n<td width=\"104\">2<\/td>\n<td width=\"227\">alexandre.pont@yahoo.fr<\/td>\n<td width=\"123\"><\/td>\n<\/tr>\n<tr>\n<td width=\"131\">G64-021-000<\/td>\n<td width=\"263\">A S C T<\/td>\n<td width=\"98\">7<\/td>\n<td width=\"104\">2<\/td>\n<td width=\"227\">yohan.toque@orange.fr<\/td>\n<td width=\"123\"><\/td>\n<\/tr>\n<tr>\n<td width=\"131\">G64-023-000<\/td>\n<td width=\"263\">RIGALOU<\/td>\n<td width=\"98\">13<\/td>\n<td width=\"104\">3<\/td>\n<td width=\"227\">lucie.dalso@gmail.com<\/td>\n<td width=\"123\"><\/td>\n<\/tr>\n<tr>\n<td width=\"131\">G64-023-000<\/td>\n<td width=\"263\">Individuel<\/td>\n<td width=\"98\">2<\/td>\n<td width=\"104\">1<\/td>\n<td width=\"227\">d.dorez@wanadoo.fr<\/td>\n<td width=\"123\"><\/td>\n<\/tr>\n<\/tbody>\n<\/table>\n<p><a href=\"http:\/\/cds64.org\/WordPress3\/wp-content\/uploads\/2026\/01\/federes-2025.png\"><img loading=\"lazy\" decoding=\"async\" class=\"alignnone wp-image-2244 size-full\" src=\"http:\/\/cds64.org\/WordPress3\/wp-content\/uploads\/2026\/01\/federes-2025.png\" alt=\"\" width=\"1920\" height=\"910\" srcset=\"https:\/\/cds64.org\/WordPress3\/wp-content\/uploads\/2026\/01\/federes-2025.png 1920w, https:\/\/cds64.org\/WordPress3\/wp-content\/uploads\/2026\/01\/federes-2025-300x142.png 300w, https:\/\/cds64.org\/WordPress3\/wp-content\/uploads\/2026\/01\/federes-2025-1024x485.png 1024w, https:\/\/cds64.org\/WordPress3\/wp-content\/uploads\/2026\/01\/federes-2025-768x364.png 768w, https:\/\/cds64.org\/WordPress3\/wp-content\/uploads\/2026\/01\/federes-2025-600x284.png 600w, https:\/\/cds64.org\/WordPress3\/wp-content\/uploads\/2026\/01\/federes-2025-1536x728.png 1536w, https:\/\/cds64.org\/WordPress3\/wp-content\/uploads\/2026\/01\/federes-2025-150x71.png 150w, https:\/\/cds64.org\/WordPress3\/wp-content\/uploads\/2026\/01\/federes-2025-250x118.png 250w\" sizes=\"auto, (max-width: 1920px) 100vw, 1920px\" \/><\/a><\/p>\n<p><strong>Repr\u00e9sentants des clubs (non membres du bureau du CDSC) :<\/strong><\/p>\n<p>Leize Mendi : 6 : David Iraudeguy ; Marc P\u00e9zier ; Alexis Augustin (procuration \u00e0 Jean Louis Dab\u00e8ne) ; Jean Louis Dab\u00e8ne, S\u00e9bastien Arhan\u00e9g\u00efty (procuration \u00e0 Jean Louis Dab\u00e8ne) ; Philippe Arot\u00e7arena (Xipo) (procuration \u00e0 Marc P\u00e9zier)<\/p>\n<p>SC Baudreix : 1 : ?<\/p>\n<p>GSVO : 5 : Paul Doumenjou ; Brigitte Choze ; Yves bramoull\u00e9 ; Florence Issaly (procuration \u00e0 Brigitte Choze) ; R\u00e9gis Lejeune (procuration \u00e0 Paul Doumenjou)<\/p>\n<p>GSO : 4 : Christine Gast\u00e9r\u00e9guy ; Delphine Castagnet ; Charles Piault ; No\u00e9mie capo<\/p>\n<p>SSPPO : 4 : Emmanuel Tixier ; Zorka Coso ; Pierre Fillon ; Claire Viala<\/p>\n<p>GSG : 1 : Michel Lauga<\/p>\n<p>ARSIP : 2 : Michel Douat ; Marie-Claude Douat<\/p>\n<p>ASCT : 2 : ?<\/p>\n<p>Rigalou : 3 : Lucie Dal Soglio ; Samuel Maysonnave ; Wilfreid papon (procuration \u00e0 Lucie Dal Soglio)<\/p>\n<p>Individuel : 1 : Dominique Dorez<\/p>\n<p>Grand \u00e9lecteur AG FF Sp\u00e9l\u00e9o : 1 :<\/p>\n<p>Grands \u00e9lecteurs AG CSR-NA : 9 :<\/p>\n<p>Documents et rapports :<\/p>\n<p><a href=\"http:\/\/cds64.org\/WordPress3\/wp-content\/uploads\/2026\/02\/RAPPORT-MORAL-2025.pdf\" target=\"_blank\" rel=\"noopener\">Rapport moral du pr\u00e9sident.<\/a><\/p>\n<p><a href=\"http:\/\/cds64.org\/WordPress3\/wp-content\/uploads\/2026\/02\/Rapport-Financier-2025.pdf\" target=\"_blank\" rel=\"noopener\">Compte de r\u00e9sultat 2025 et bilan.<\/a><\/p>\n<p><a href=\"http:\/\/cds64.org\/WordPress3\/wp-content\/uploads\/2026\/02\/Previsionnel-2026.pdf\" target=\"_blank\" rel=\"noopener\">Budget pr\u00e9visionnel 2026.<\/a><\/p>\n<p><a href=\"http:\/\/cds64.org\/WordPress3\/wp-content\/uploads\/2026\/02\/CR-CDST-CDSC64-2025-avec-annexes.pdf\" target=\"_blank\" rel=\"noopener\">Compte rendu 2025 des CDST avec annexes.<\/a><\/p>\n<p><a href=\"http:\/\/cds64.org\/WordPress3\/wp-content\/uploads\/2026\/02\/Bilan-Alienor.pdf\" target=\"_blank\" rel=\"noopener\">Compte-rendu journ\u00e9es Ali\u00e9nor.<\/a><\/p>\n<p><a href=\"http:\/\/cds64.org\/WordPress3\/wp-content\/uploads\/2026\/02\/Bilan-Financier-Alienor-2025.pdf\" target=\"_blank\" rel=\"noopener\">Compte-rendu financier Ali\u00e9nor.<\/a><\/p>\n<p><a href=\"http:\/\/cds64.org\/WordPress3\/wp-content\/uploads\/2026\/02\/Annexe-1-RapportTroglotin1et2-1-copie.pdf\" target=\"_blank\" rel=\"noopener\">Annexe 1 Rapport Troglotin1.<\/a><\/p>\n<p><a href=\"http:\/\/cds64.org\/WordPress3\/wp-content\/uploads\/2026\/02\/Annexe-2-SCIENCES-PARTICIPATIVES_178_260525-copie.pdf\" target=\"_blank\" rel=\"noopener\">Annexe 2 Sciences Participatives.<\/a><\/p>\n<p><a href=\"http:\/\/cds64.org\/WordPress3\/wp-content\/uploads\/2026\/02\/Annexe-3-Comptage-CS-Bexanka-2025-copie.pdf\" target=\"_blank\" rel=\"noopener\">Annexe 3 Comptage chauves-souris Bexanka 2025.<\/a><\/p>\n<p><a href=\"http:\/\/cds64.org\/WordPress3\/wp-content\/uploads\/2026\/02\/Annexe-4-Pilorge_projet-de-coloration_GSVO-03_11_2026-copie.pdf\" target=\"_blank\" rel=\"noopener\">Annexe 4 Projet de coloration Pilorge.<\/a><\/p>\n<p><a href=\"http:\/\/cds64.org\/WordPress3\/wp-content\/uploads\/2026\/02\/CR-Cosci-CDS64-2025-V2-docx-final-.pdf\" target=\"_blank\" rel=\"noopener\">CR COSCI CDSC64 2025.<\/a><\/p>\n<p><a href=\"http:\/\/cds64.org\/WordPress3\/wp-content\/uploads\/2026\/02\/CR-Cosci-SSPPO-2025-Version-CDSCV1-.pdf\" target=\"_blank\" rel=\"noopener\">CR COSCI SSPPO 2025.<\/a><\/p>\n<p><a href=\"http:\/\/cds64.org\/WordPress3\/wp-content\/uploads\/2026\/02\/CR-GSO-2025-copie.pdf\" target=\"_blank\" rel=\"noopener\">CR GSO 2025.<\/a><\/p>\n<p><a href=\"http:\/\/cds64.org\/WordPress3\/wp-content\/uploads\/2026\/02\/CR-GSVO-2025-copie.pdf\" target=\"_blank\" rel=\"noopener\">CR GSVO 2025.<\/a><\/p>\n<p><a href=\"http:\/\/cds64.org\/WordPress3\/wp-content\/uploads\/2026\/02\/Leize-Mendi-ce-qui-sest-passe-en-2025.pdf\" target=\"_blank\" rel=\"noopener\">CR Leize Mendi 2025.<\/a><\/p>\n<p><a href=\"http:\/\/cds64.org\/WordPress3\/wp-content\/uploads\/2026\/02\/2026-PV-de-lassemblee-generale.pdf\" target=\"_blank\" rel=\"noopener\">CR AG et activit\u00e9 Leize Mendi.<\/a><\/p>\n<p><a href=\"http:\/\/cds64.org\/WordPress3\/wp-content\/uploads\/2026\/01\/CR-de-lASSEMBLEE-GENERALE-DU-CDSC-64-2024-08-Fevrier-2025-Licq-Atherey.pdf\" target=\"_blank\" rel=\"noopener\">Compte-rendu de l&#8217;AG 2024 du 8 f\u00e9vrier 2025.<\/a><\/p>\n<p><a href=\"http:\/\/cds64.org\/WordPress3\/wp-content\/uploads\/2026\/01\/Procutation-AG.pdf\" target=\"_blank\" rel=\"noopener\">Mod\u00e8le de procuration.<\/a><\/p>\n<p>&nbsp;<\/p>\n","protected":false},"excerpt":{"rendered":"<p>Tenu AG et repr\u00e9sentants : Article 8 \u2013 Composition \u2013 Attributions \u2013 Convocation L\u2019Assembl\u00e9e G\u00e9n\u00e9rale se compose des repr\u00e9sentants, pr\u00e9sents \u2026 <a class=\"continue-reading-link\" href=\"https:\/\/cds64.org\/WordPress3\/docs-ag-2025\/\">Lire la suite <span class=\"meta-nav\">&rarr; <\/span><\/a><\/p>\n","protected":false},"author":2,"featured_media":0,"parent":0,"menu_order":0,"comment_status":"closed","ping_status":"closed","template":"","meta":{"footnotes":""},"class_list":["post-2241","page","type-page","status-publish","hentry"],"_links":{"self":[{"href":"https:\/\/cds64.org\/WordPress3\/wp-json\/wp\/v2\/pages\/2241","targetHints":{"allow":["GET"]}}],"collection":[{"href":"https:\/\/cds64.org\/WordPress3\/wp-json\/wp\/v2\/pages"}],"about":[{"href":"https:\/\/cds64.org\/WordPress3\/wp-json\/wp\/v2\/types\/page"}],"author":[{"embeddable":true,"href":"https:\/\/cds64.org\/WordPress3\/wp-json\/wp\/v2\/users\/2"}],"replies":[{"embeddable":true,"href":"https:\/\/cds64.org\/WordPress3\/wp-json\/wp\/v2\/comments?post=2241"}],"version-history":[{"count":15,"href":"https:\/\/cds64.org\/WordPress3\/wp-json\/wp\/v2\/pages\/2241\/revisions"}],"predecessor-version":[{"id":2288,"href":"https:\/\/cds64.org\/WordPress3\/wp-json\/wp\/v2\/pages\/2241\/revisions\/2288"}],"wp:attachment":[{"href":"https:\/\/cds64.org\/WordPress3\/wp-json\/wp\/v2\/media?parent=2241"}],"curies":[{"name":"wp","href":"https:\/\/api.w.org\/{rel}","templated":true}]}}