{"id":222,"date":"2014-03-24T10:33:48","date_gmt":"2014-03-24T09:33:48","guid":{"rendered":"http:\/\/cds64.org\/WordPress3\/?page_id=222"},"modified":"2023-01-18T19:00:07","modified_gmt":"2023-01-18T18:00:07","slug":"leize-mendi","status":"publish","type":"page","link":"https:\/\/cds64.org\/WordPress3\/les-clubs-du-departement\/leize-mendi\/","title":{"rendered":"Leize Mendi"},"content":{"rendered":"<p><a href=\"http:\/\/www.leizemendi.fr\/\" target=\"_blank\" rel=\"noopener noreferrer\"><img loading=\"lazy\" decoding=\"async\" class=\"wp-image-1067 alignright\" src=\"http:\/\/cds64.org\/WordPress3\/wp-content\/uploads\/2017\/05\/logo-300x300.png\" alt=\"\" width=\"250\" height=\"250\" srcset=\"https:\/\/cds64.org\/WordPress3\/wp-content\/uploads\/2017\/05\/logo-300x300.png 300w, https:\/\/cds64.org\/WordPress3\/wp-content\/uploads\/2017\/05\/logo-100x100.png 100w, https:\/\/cds64.org\/WordPress3\/wp-content\/uploads\/2017\/05\/logo-150x150.png 150w, https:\/\/cds64.org\/WordPress3\/wp-content\/uploads\/2017\/05\/logo.png 559w\" sizes=\"auto, (max-width: 250px) 100vw, 250px\" \/><\/a><\/p>\n<p>Pr\u00e9sident : Christophe HAJDUK<\/p>\n<p>T\u00e9l\u00e9phone : 06 44 01 31 50<\/p>\n<p>E-mail : krystofhaj@gmail.com<\/p>\n<p>Site web : <a href=\"http:\/\/www.leizemendi.fr\" target=\"_blank\" rel=\"noopener noreferrer\">www.leizemendi.fr<\/a><\/p>\n<p>Blog :\u00a0\u00a0<a href=\"http:\/\/strates.canalblog.com\/\" target=\"_blank\" rel=\"noopener noreferrer\">http:\/\/strates.canalblog.com\/<\/a><\/p>\n","protected":false},"excerpt":{"rendered":"<p>Pr\u00e9sident : Christophe HAJDUK T\u00e9l\u00e9phone : 06 44 01 31 50 E-mail : krystofhaj@gmail.com Site web : www.leizemendi.fr Blog :\u00a0\u00a0http:\/\/strates.canalblog.com\/<\/p>\n","protected":false},"author":1,"featured_media":0,"parent":162,"menu_order":8,"comment_status":"closed","ping_status":"open","template":"","meta":{"footnotes":""},"class_list":["post-222","page","type-page","status-publish","hentry"],"_links":{"self":[{"href":"https:\/\/cds64.org\/WordPress3\/wp-json\/wp\/v2\/pages\/222","targetHints":{"allow":["GET"]}}],"collection":[{"href":"https:\/\/cds64.org\/WordPress3\/wp-json\/wp\/v2\/pages"}],"about":[{"href":"https:\/\/cds64.org\/WordPress3\/wp-json\/wp\/v2\/types\/page"}],"author":[{"embeddable":true,"href":"https:\/\/cds64.org\/WordPress3\/wp-json\/wp\/v2\/users\/1"}],"replies":[{"embeddable":true,"href":"https:\/\/cds64.org\/WordPress3\/wp-json\/wp\/v2\/comments?post=222"}],"version-history":[{"count":11,"href":"https:\/\/cds64.org\/WordPress3\/wp-json\/wp\/v2\/pages\/222\/revisions"}],"predecessor-version":[{"id":2077,"href":"https:\/\/cds64.org\/WordPress3\/wp-json\/wp\/v2\/pages\/222\/revisions\/2077"}],"up":[{"embeddable":true,"href":"https:\/\/cds64.org\/WordPress3\/wp-json\/wp\/v2\/pages\/162"}],"wp:attachment":[{"href":"https:\/\/cds64.org\/WordPress3\/wp-json\/wp\/v2\/media?parent=222"}],"curies":[{"name":"wp","href":"https:\/\/api.w.org\/{rel}","templated":true}]}}