{"id":119,"date":"2014-03-20T16:05:52","date_gmt":"2014-03-20T15:05:52","guid":{"rendered":"http:\/\/cds64.org\/WordPress3\/?page_id=119"},"modified":"2014-03-25T11:20:49","modified_gmt":"2014-03-25T10:20:49","slug":"canyons","status":"publish","type":"page","link":"https:\/\/cds64.org\/WordPress3\/sites-de-pratique\/canyons\/","title":{"rendered":"Gorges et canyons"},"content":{"rendered":"<p>Depuis E.A Martel qui en 1908 et 1909 fut charg\u00e9 d&#8217;explorer les gorges de Kakueta, une\u00a0longue tradition a attir\u00e9 les sp\u00e9l\u00e9ologues \u00e0 explorer les gorges des pyr\u00e9n\u00e9es.<\/p>\n<p align=\"justify\">\u00a0\u00a0Aujourd&#8217;hui l&#8217;aspect ludique de la descente de canyon a pris le pas sur l&#8217;aspect scientifique, et le potentiel sportif et touristique de notre d\u00e9partement\u00a0 attire chaque ann\u00e9e de plus en plus de pratiquants \u00e0 venir d\u00e9couvrir nos gorges et canyons.<\/p>\n<p align=\"justify\">\u00a0La plupart des canyons de notre d\u00e9partement sont \u00e0 tendance verticale et ne peuvent \u00eatre parcourus uniquement par des personnes ayant un bon niveau technique, du mat\u00e9riel adapt\u00e9, de l&#8217;exp\u00e9rience, et une bonne condition physique.\u00a0Les parcours sont class\u00e9s en suivant le<a href=\"http:\/\/www.canyoning.com\/documents\/cotation.pdf\" target=\"_blank\">\u00a0<\/a><a href=\"http:\/\/www.canyoning.com\/documents\/cotation.pdf\" target=\"_blank\">syst\u00e8me de cotation canyon<\/a>\u00a0assurez vous d&#8217;avoir le niveau requis avant de vous engager dans une course.<\/p>\n<div align=\"justify\">\u00a0Retrouvez la carte des canyons des Pyr\u00e9n\u00e9es-Atlantiques\u00a0sur le site de la\u00a0<a href=\"http:\/\/www.canyoning.com\/\" target=\"_blank\">Commission Canyon Interf\u00e9d\u00e9rale<\/a>\u00a0:<\/div>\n<p align=\"center\">\n<p align=\"center\"><b><a href=\"http:\/\/www.canyoning.com\/site.php?ID_DEPARTEMENT=64\" target=\"_blank\">CARTE DES SITES DE PRATIQUE DES<br \/>\nPYRENEES-ATLANTIQUES<\/a><\/b><\/p>\n<p>\u00a0Et pour tout conna\u00eetre des 30 principaux parcours de notre d\u00e9partement, <a title=\"Topoguide canyon\" href=\"http:\/\/cds64.org\/WordPress3\/2014\/02\/topoguide-canyon\/\">n&#8217;oubliez pas d&#8217;acheter notre tout nouveau topoguide.<\/a><\/p>\n<div align=\"justify\">\n<p style=\"text-align: center;\" align=\"center\"><a href=\"http:\/\/cds64.org\/WordPress3\/wp-content\/uploads\/2014\/03\/topo-canyon-64.jpg\"><img loading=\"lazy\" decoding=\"async\" class=\" wp-image-147 aligncenter\" alt=\"topo canyon 64\" src=\"http:\/\/cds64.org\/WordPress3\/wp-content\/uploads\/2014\/03\/topo-canyon-64-723x1024.jpg\" width=\"506\" height=\"717\" srcset=\"https:\/\/cds64.org\/WordPress3\/wp-content\/uploads\/2014\/03\/topo-canyon-64-723x1024.jpg 723w, https:\/\/cds64.org\/WordPress3\/wp-content\/uploads\/2014\/03\/topo-canyon-64-600x849.jpg 600w, https:\/\/cds64.org\/WordPress3\/wp-content\/uploads\/2014\/03\/topo-canyon-64-212x300.jpg 212w, https:\/\/cds64.org\/WordPress3\/wp-content\/uploads\/2014\/03\/topo-canyon-64-106x150.jpg 106w, https:\/\/cds64.org\/WordPress3\/wp-content\/uploads\/2014\/03\/topo-canyon-64.jpg 1240w\" sizes=\"auto, (max-width: 506px) 100vw, 506px\" \/><\/a><\/p>\n<p align=\"center\">\n<\/div>\n","protected":false},"excerpt":{"rendered":"<p>Depuis E.A Martel qui en 1908 et 1909 fut charg\u00e9 d&#8217;explorer les gorges de Kakueta, une\u00a0longue tradition a attir\u00e9 les \u2026 <a class=\"continue-reading-link\" href=\"https:\/\/cds64.org\/WordPress3\/sites-de-pratique\/canyons\/\">Lire la suite <span class=\"meta-nav\">&rarr; <\/span><\/a><\/p>\n","protected":false},"author":1,"featured_media":0,"parent":115,"menu_order":2,"comment_status":"closed","ping_status":"open","template":"","meta":{"footnotes":""},"class_list":["post-119","page","type-page","status-publish","hentry"],"_links":{"self":[{"href":"https:\/\/cds64.org\/WordPress3\/wp-json\/wp\/v2\/pages\/119","targetHints":{"allow":["GET"]}}],"collection":[{"href":"https:\/\/cds64.org\/WordPress3\/wp-json\/wp\/v2\/pages"}],"about":[{"href":"https:\/\/cds64.org\/WordPress3\/wp-json\/wp\/v2\/types\/page"}],"author":[{"embeddable":true,"href":"https:\/\/cds64.org\/WordPress3\/wp-json\/wp\/v2\/users\/1"}],"replies":[{"embeddable":true,"href":"https:\/\/cds64.org\/WordPress3\/wp-json\/wp\/v2\/comments?post=119"}],"version-history":[{"count":10,"href":"https:\/\/cds64.org\/WordPress3\/wp-json\/wp\/v2\/pages\/119\/revisions"}],"predecessor-version":[{"id":294,"href":"https:\/\/cds64.org\/WordPress3\/wp-json\/wp\/v2\/pages\/119\/revisions\/294"}],"up":[{"embeddable":true,"href":"https:\/\/cds64.org\/WordPress3\/wp-json\/wp\/v2\/pages\/115"}],"wp:attachment":[{"href":"https:\/\/cds64.org\/WordPress3\/wp-json\/wp\/v2\/media?parent=119"}],"curies":[{"name":"wp","href":"https:\/\/api.w.org\/{rel}","templated":true}]}}