{"id":111,"date":"2014-03-20T16:03:08","date_gmt":"2014-03-20T15:03:08","guid":{"rendered":"http:\/\/cds64.org\/WordPress3\/?page_id=111"},"modified":"2014-04-01T10:17:47","modified_gmt":"2014-04-01T08:17:47","slug":"rejoignez-nous","status":"publish","type":"page","link":"https:\/\/cds64.org\/WordPress3\/pratiquer\/rejoignez-nous\/","title":{"rendered":"Rejoignez-nous"},"content":{"rendered":"<p style=\"text-align: justify;\">Pratiquer la sp\u00e9l\u00e9ologie ou le canyonisme n&#8217;est pas une activit\u00e9 solitaire, les grandes explorations et les grandes r\u00e9ussites sont des \u0153uvres collectives fruit d&#8217;efforts et de recherches qui ont pris naissance au sein de clubs.<\/p>\n<div style=\"text-align: justify;\">\n<p><img loading=\"lazy\" decoding=\"async\" class=\"alignright  wp-image-61\" alt=\"OLYMPUS DIGITAL CAMERA\" src=\"http:\/\/cds64.org\/WordPress3\/wp-content\/uploads\/2014\/03\/PC130066-768x1024.jpg\" width=\"230\" height=\"307\" srcset=\"https:\/\/cds64.org\/WordPress3\/wp-content\/uploads\/2014\/03\/PC130066-768x1024.jpg 768w, https:\/\/cds64.org\/WordPress3\/wp-content\/uploads\/2014\/03\/PC130066-600x800.jpg 600w, https:\/\/cds64.org\/WordPress3\/wp-content\/uploads\/2014\/03\/PC130066-225x300.jpg 225w, https:\/\/cds64.org\/WordPress3\/wp-content\/uploads\/2014\/03\/PC130066-112x150.jpg 112w, https:\/\/cds64.org\/WordPress3\/wp-content\/uploads\/2014\/03\/PC130066.jpg 1200w\" sizes=\"auto, (max-width: 230px) 100vw, 230px\" \/>M\u00eame si la premi\u00e8re d\u00e9couverte avec la sp\u00e9l\u00e9ologie ou le canyonisme est souvent arriv\u00e9e\u00a0soit en visitant un site am\u00e9nag\u00e9 pour le tourisme (<a title=\"grottes en france\" href=\"http:\/\/www.grottes-en-france.com\/\" target=\"_blank\">www.grottes-en-france.com<\/a>) soit \u00e0 l&#8217;occasion d&#8217;une sortie en centre de vacances et pourquoi pas au cours des journ\u00e9es nationales de la sp\u00e9l\u00e9ologie et du canyonisme (<a title=\"jnsc ffs sp\u00e9l\u00e9ologie\" href=\"http:\/\/jnsc.ffspeleo.fr\/\" target=\"_blank\">http:\/\/jnsc.ffspeleo.fr<\/a>)\u00a0<strong>si le virus vous a attrap\u00e9, alors vous pouvez adh\u00e9rer \u00e0 la F\u00e9d\u00e9ration Fran\u00e7aise de Sp\u00e9l\u00e9ologie par l&#8217;interm\u00e9diaire d&#8217;un de ses 500 clubs.<\/strong><\/p>\n<p><strong>Adh\u00e9rer \u00e0 la F\u00e9d\u00e9ration vous fera b\u00e9n\u00e9ficier d\u2019offres de stages, d&#8217;une assurance taill\u00e9e sur mesure et de la certitude de pouvoir disposer d\u2019un encadrement qui vous permettra de progresser dans vos d\u00e9couvertes dans l&#8217;ensemble des domaines.<\/strong>\u00a0Adh\u00e9rer \u00e0 la f\u00e9d\u00e9ration vous permettra de d\u00e9couvrir des r\u00e9gions ou des pays sous un angle nouveau en participant aux exp\u00e9ditions.<\/p>\n<p>&nbsp;<\/p>\n<p>Etre membre de la F\u00e9d\u00e9ration c&#8217;est contribuer \u00e0 donner les moyens aux structures de rendre plus lisible les activit\u00e9s. C\u2019est aussi la possibilit\u00e9 de participer aux diff\u00e9rentes instances qui concernent nos milieux de pratique, c&#8217;est permettre d&#8217;assurer sa repr\u00e9sentation au niveau international.<\/p>\n<p><strong>Vous aurez \u00e9galement un aper\u00e7u exhaustif des r\u00e9alisations par les deux revues f\u00e9d\u00e9rales Spelunca et Karstologia.<\/strong><\/p>\n<\/div>\n","protected":false},"excerpt":{"rendered":"<p>Pratiquer la sp\u00e9l\u00e9ologie ou le canyonisme n&#8217;est pas une activit\u00e9 solitaire, les grandes explorations et les grandes r\u00e9ussites sont des \u2026 <a class=\"continue-reading-link\" href=\"https:\/\/cds64.org\/WordPress3\/pratiquer\/rejoignez-nous\/\">Lire la suite <span class=\"meta-nav\">&rarr; <\/span><\/a><\/p>\n","protected":false},"author":1,"featured_media":0,"parent":107,"menu_order":3,"comment_status":"closed","ping_status":"open","template":"","meta":{"footnotes":""},"class_list":["post-111","page","type-page","status-publish","hentry"],"_links":{"self":[{"href":"https:\/\/cds64.org\/WordPress3\/wp-json\/wp\/v2\/pages\/111","targetHints":{"allow":["GET"]}}],"collection":[{"href":"https:\/\/cds64.org\/WordPress3\/wp-json\/wp\/v2\/pages"}],"about":[{"href":"https:\/\/cds64.org\/WordPress3\/wp-json\/wp\/v2\/types\/page"}],"author":[{"embeddable":true,"href":"https:\/\/cds64.org\/WordPress3\/wp-json\/wp\/v2\/users\/1"}],"replies":[{"embeddable":true,"href":"https:\/\/cds64.org\/WordPress3\/wp-json\/wp\/v2\/comments?post=111"}],"version-history":[{"count":8,"href":"https:\/\/cds64.org\/WordPress3\/wp-json\/wp\/v2\/pages\/111\/revisions"}],"predecessor-version":[{"id":385,"href":"https:\/\/cds64.org\/WordPress3\/wp-json\/wp\/v2\/pages\/111\/revisions\/385"}],"up":[{"embeddable":true,"href":"https:\/\/cds64.org\/WordPress3\/wp-json\/wp\/v2\/pages\/107"}],"wp:attachment":[{"href":"https:\/\/cds64.org\/WordPress3\/wp-json\/wp\/v2\/media?parent=111"}],"curies":[{"name":"wp","href":"https:\/\/api.w.org\/{rel}","templated":true}]}}