{"id":109,"date":"2014-03-20T16:02:20","date_gmt":"2014-03-20T15:02:20","guid":{"rendered":"http:\/\/cds64.org\/WordPress3\/?page_id=109"},"modified":"2014-03-25T12:55:03","modified_gmt":"2014-03-25T11:55:03","slug":"entrez-dans-laventure-souterraine","status":"publish","type":"page","link":"https:\/\/cds64.org\/WordPress3\/pratiquer\/entrez-dans-laventure-souterraine\/","title":{"rendered":"Entrez dans l&#8217;aventure souterraine"},"content":{"rendered":"<p align=\"justify\">\u00a0 Apr\u00e8s s&#8217;\u00eatre vu confi\u00e9 en 2007, par le SIVU La Verna (compos\u00e9 des communes d&#8217;Arette, Aramits et Ste Engr\u00e2ce) la conduite du projet de valorisation touristique de la salle de la Verna, le Comit\u00e9 D\u00e9partemental de Sp\u00e9l\u00e9ologie a cr\u00e9e une soci\u00e9t\u00e9, la &#8220;SAS La Verna Pierre-Saint-Martin&#8221; pour r\u00e9pondre \u00e0 l&#8217;appel d&#8217;offre concernant la gestion du site.<\/p>\n<p align=\"justify\">\u00a0 L&#8217;implication du CDS 64 dans ce projet nous permet aujourd&#8217;hui :<br \/>\n_ de poss\u00e9der une superbe vitrine de notre activit\u00e9, accessible au plus grand nombre<br \/>\n_ de garantir l&#8217;acc\u00e8s aux r\u00e9seaux de la Pierre St Martin par le tunnel de la Verna aux sp\u00e9l\u00e9ologues f\u00e9d\u00e9r\u00e9s<br \/>\n_ de cr\u00e9er des emplois dans une haute vall\u00e9e souletine (4,6 \u00e9quivalents temps plein)<br \/>\n_ d&#8217;\u00e9sp\u00e9rer dans le futur quelques rentr\u00e9es d&#8217;argent pour financer nos actions<\/p>\n<p align=\"justify\">\u00a0 Depuis son inauguration en juin 2010, que ce soit pour simplement admirer l&#8217;illumination de la Salle ou r\u00e9aliser un des parcours sportif propos\u00e9 dans le r\u00e9seau, il est possible \u00e0 tout le monde d&#8217;acc\u00e8der \u00e0 ce site d&#8217;exception.<\/p>\n<table width=\"700\" border=\"0\">\n<tbody>\n<tr>\n<td align=\"center\"><i><b>ENTREZ DANS L&#8217;AVENTURE SOUTERRAINE<\/b><\/i><\/p>\n<p><a href=\"http:\/\/www.laverna.fr\/\" target=\"_self\">Visitez le site internet de la Verna<\/a><\/td>\n<td align=\"center\">\u00a0<img loading=\"lazy\" decoding=\"async\" alt=\"Image Active\" src=\"http:\/\/www.cds64.org\/images\/stories\/logos\/logo-la-verna.jpg\" width=\"238\" height=\"150\" name=\"view_imagelist\" \/><\/td>\n<\/tr>\n<\/tbody>\n<\/table>\n<p align=\"center\">\u00a0\u00a0L&#8217;acc\u00e8s aux r\u00e9seau souterrains de la Pierre Saint Martin par le tunnel de la Verna<br \/>\npour les sp\u00e9l\u00e9ologues f\u00e9d\u00e9r\u00e9s est soumis \u00e0 conditions.<\/p>\n<p align=\"center\">Pour vous inscrire, t\u00e9l\u00e9chargez la\u00a0<a href=\"http:\/\/s391384129.onlinehome.fr\/arsip\/index.php\/classiques\/21-gestion-des-classiques\" target=\"_self\">demande d&#8217;inscription au calendrier ARSIP<\/a><\/p>\n","protected":false},"excerpt":{"rendered":"<p>\u00a0 Apr\u00e8s s&#8217;\u00eatre vu confi\u00e9 en 2007, par le SIVU La Verna (compos\u00e9 des communes d&#8217;Arette, Aramits et Ste Engr\u00e2ce) \u2026 <a class=\"continue-reading-link\" href=\"https:\/\/cds64.org\/WordPress3\/pratiquer\/entrez-dans-laventure-souterraine\/\">Lire la suite <span class=\"meta-nav\">&rarr; <\/span><\/a><\/p>\n","protected":false},"author":1,"featured_media":0,"parent":107,"menu_order":1,"comment_status":"closed","ping_status":"open","template":"","meta":{"footnotes":""},"class_list":["post-109","page","type-page","status-publish","hentry"],"_links":{"self":[{"href":"https:\/\/cds64.org\/WordPress3\/wp-json\/wp\/v2\/pages\/109","targetHints":{"allow":["GET"]}}],"collection":[{"href":"https:\/\/cds64.org\/WordPress3\/wp-json\/wp\/v2\/pages"}],"about":[{"href":"https:\/\/cds64.org\/WordPress3\/wp-json\/wp\/v2\/types\/page"}],"author":[{"embeddable":true,"href":"https:\/\/cds64.org\/WordPress3\/wp-json\/wp\/v2\/users\/1"}],"replies":[{"embeddable":true,"href":"https:\/\/cds64.org\/WordPress3\/wp-json\/wp\/v2\/comments?post=109"}],"version-history":[{"count":3,"href":"https:\/\/cds64.org\/WordPress3\/wp-json\/wp\/v2\/pages\/109\/revisions"}],"predecessor-version":[{"id":312,"href":"https:\/\/cds64.org\/WordPress3\/wp-json\/wp\/v2\/pages\/109\/revisions\/312"}],"up":[{"embeddable":true,"href":"https:\/\/cds64.org\/WordPress3\/wp-json\/wp\/v2\/pages\/107"}],"wp:attachment":[{"href":"https:\/\/cds64.org\/WordPress3\/wp-json\/wp\/v2\/media?parent=109"}],"curies":[{"name":"wp","href":"https:\/\/api.w.org\/{rel}","templated":true}]}}