{"id":47,"date":"2022-01-27T10:24:13","date_gmt":"2022-01-27T09:24:13","guid":{"rendered":"https:\/\/cds64.org\/Camp_UIS_2022_Aquitaine\/?page_id=47"},"modified":"2022-02-10T18:56:57","modified_gmt":"2022-02-10T17:56:57","slug":"programme","status":"publish","type":"page","link":"https:\/\/cds64.org\/Camp_UIS_2022_Aquitaine\/programme\/","title":{"rendered":"Programme"},"content":{"rendered":"\n<div class=\"wp-container-1 wp-block-buttons\">\n<div class=\"wp-block-button has-custom-width wp-block-button__width-100 is-style-fill\"><a class=\"wp-block-button__link has-sitebg-color has-accent-1-background-color has-text-color has-background\" href=\"https:\/\/cds64.org\/Camp_UIS_2022_Aquitaine\/sinscrire-a-ce-camp-post-congres-uis-2022\/\" style=\"border-radius:14px\"><strong>S&rsquo;inscrire \u00e0 ce camp<\/strong><\/a><\/div>\n<\/div>\n\n\n\n<div class=\"wp-block-columns\">\n<div class=\"wp-block-column\" style=\"flex-basis:70%\">\n<ul><li>1er Ao\u00fbt 2022<ul><li>Votre voyage commencera \u00e0 8 heures du matin sur le parking de Savoie Technolac, 73370 Le Bourget-du-Lac (lieu du Congr\u00e8s UIS) <\/li><li>Vous serez pris en charge par notre autobus. <\/li><li>Apr\u00e8s Lyon, vous descendrez plein sud le long de la Vall\u00e9e du Rh\u00f4ne. <\/li><li>Quand vous verrez la M\u00e9diterran\u00e9e il sera temps de prendre vers l\u2019ouest et de longer toutes les Pyr\u00e9n\u00e9es pour atteindre la R\u00e9gion Nouvelle Aquitaine.<\/li><li>Au sud de la r\u00e9gion, aux confins du B\u00e9arn et du Pays Basque vous serez log\u00e9s au Ch\u00e2teau de Libarrenx en chambres de 2 \u00e0 4 personnes. <\/li><\/ul><\/li><\/ul>\n\n\n\n<p><\/p>\n\n\n\n<ul><li>2 ao\u00fbt 2022<ul><li>Apr\u00e8s un bon repas et une bonne nuit, vous d\u00e9couvrirez le karst de la Pierre Saint Martin et l\u2019entr\u00e9e&nbsp; du Puits L\u00e9pineux, entr\u00e9e historique du Gouffre de la Pierre Saint Martin. <\/li><li>L\u2019apr\u00e8s-midi sera consacr\u00e9e \u00e0 la visite de la salle de la Verna. Son long tunnel de 660 m\u00e8tres vous donnera acc\u00e8s \u00e0 l\u2019une des plus grandes salles souterraines d\u2019Europe (255m de long, 245m de large 194m de haut). <\/li><li>Ceux qui le souhaitent pourront descendre au fond de la salle sur la fameuse Plage de Galets (difficult\u00e9 3) sur les traces des d\u00e9couvreurs. <\/li><li>Depuis les passerelles vous admirerez la cascade, la Galerie Aranzadi et la discordance Hercynienne au bout de laquelle vous pourrez visiter la prise d\u2019eau de la centrale \u00e9lectrique et sa parfaite int\u00e9gration dans l\u2019environnement. <\/li><li>Toute cette journ\u00e9e sera guid\u00e9e et comment\u00e9e par Richard Maire, g\u00e9ologue internationalement reconnu qui vous fera d\u00e9couvrir quelques curiosit\u00e9s remarquables. <\/li><li>Nuit au ch\u00e2teau de Libarrenx.<\/li><\/ul><\/li><\/ul>\n\n\n\n<div class=\"wp-block-image\"><figure class=\"aligncenter size-large\"><img loading=\"lazy\" width=\"1024\" height=\"807\" src=\"https:\/\/cds64.org\/Camp_UIS_2022_Aquitaine\/wp-content\/uploads\/2022\/01\/DSCF5740-Panorama-1-1024x807.jpg\" alt=\"\" class=\"wp-image-128\" srcset=\"https:\/\/cds64.org\/Camp_UIS_2022_Aquitaine\/wp-content\/uploads\/2022\/01\/DSCF5740-Panorama-1-1024x807.jpg 1024w, https:\/\/cds64.org\/Camp_UIS_2022_Aquitaine\/wp-content\/uploads\/2022\/01\/DSCF5740-Panorama-1-300x237.jpg 300w, https:\/\/cds64.org\/Camp_UIS_2022_Aquitaine\/wp-content\/uploads\/2022\/01\/DSCF5740-Panorama-1-768x606.jpg 768w, https:\/\/cds64.org\/Camp_UIS_2022_Aquitaine\/wp-content\/uploads\/2022\/01\/DSCF5740-Panorama-1-1536x1211.jpg 1536w, https:\/\/cds64.org\/Camp_UIS_2022_Aquitaine\/wp-content\/uploads\/2022\/01\/DSCF5740-Panorama-1-380x300.jpg 380w, https:\/\/cds64.org\/Camp_UIS_2022_Aquitaine\/wp-content\/uploads\/2022\/01\/DSCF5740-Panorama-1.jpg 1920w\" sizes=\"(max-width: 1024px) 100vw, 1024px\" \/><figcaption>Grotte de La Verna<\/figcaption><\/figure><\/div>\n\n\n\n<ul><li>3 ao\u00fbt 2022<ul><li>Vous visiterez&nbsp; la Grotte des Eaux-Chaudes (difficult\u00e9 2). <\/li><li>La grotte fut am\u00e9nag\u00e9e pour la visite sous l\u2019impulsion de l\u2019Imp\u00e9ratrice Eug\u00e9nie de Montijo en 1854. <\/li><li>Des vestiges des installations sont encore visibles. <\/li><li>Les plus montagnards d\u2019entre vous pourront randonner sur l\u2019impressionnant Chemin des fen\u00eatres (difficult\u00e9 4). <\/li><\/ul><\/li><\/ul>\n\n\n\n<div class=\"wp-block-image\"><figure class=\"aligncenter size-full is-resized\"><img loading=\"lazy\" src=\"https:\/\/cds64.org\/Camp_UIS_2022_Aquitaine\/wp-content\/uploads\/2022\/01\/Eaux-chaudes-1.jpg\" alt=\"\" class=\"wp-image-142\" width=\"843\" height=\"558\" srcset=\"https:\/\/cds64.org\/Camp_UIS_2022_Aquitaine\/wp-content\/uploads\/2022\/01\/Eaux-chaudes-1.jpg 800w, https:\/\/cds64.org\/Camp_UIS_2022_Aquitaine\/wp-content\/uploads\/2022\/01\/Eaux-chaudes-1-300x199.jpg 300w, https:\/\/cds64.org\/Camp_UIS_2022_Aquitaine\/wp-content\/uploads\/2022\/01\/Eaux-chaudes-1-768x509.jpg 768w, https:\/\/cds64.org\/Camp_UIS_2022_Aquitaine\/wp-content\/uploads\/2022\/01\/Eaux-chaudes-1-453x300.jpg 453w\" sizes=\"(max-width: 843px) 100vw, 843px\" \/><figcaption>Grotte des Eaux Chaudes<\/figcaption><\/figure><\/div>\n\n\n\n<ul><li>4 ao\u00fbt 2022<ul><li>Le troisi\u00e8me jour, 4 ao\u00fbt, vous vivrez un grand moment de partage et de convivialit\u00e9 en parcourant, \u00e0 pied, une \u00e9tape de la route la plus ancienne, la plus fr\u00e9quent\u00e9e, la plus c\u00e9l\u00e9br\u00e9e du continent Europ\u00e9en : <strong>le Chemin de Saint Jacques de Compostelle<\/strong>. <\/li><li>Vous parcourrez&nbsp; l\u2019\u00e9tape Ostabat &#8211; Saint-Jean-Pied de Port. Etape de niveau 2 (facile), longue de 21 kilom\u00e8tres et d\u2019une dur\u00e9e approximative de 6 heures \u00e0 travers la campagne et le pi\u00e9mont de la montage basque.<\/li><\/ul><\/li><\/ul>\n\n\n\n<p><\/p>\n\n\n\n<ul><li>5 ao\u00fbt 2022<ul><li>Nous serons d\u00e9j\u00e0 le 5 ao\u00fbt et vous quitterez les Pyr\u00e9n\u00e9es-Atlantiques en direction du nord.<\/li><li>En traversant la for\u00eat des Landes, plus grande for\u00eat cultiv\u00e9e d\u2019Europe, au nord vous atteindrez le d\u00e9partement de la Dordogne, historiquement appel\u00e9 P\u00e9rigord, haut lieu de la pr\u00e9histoire, terre vallonn\u00e9e de ch\u00e2teaux et de vignobles.<\/li><li>Vous serez accueillis au camping&nbsp; de la Ferme Fournet \u00e0 Tursac et log\u00e9s dans des bungalows ou mobil homes de 2 \u00e0&nbsp; 4 personnes. <\/li><\/ul><\/li><\/ul>\n\n\n\n<p><\/p>\n\n\n\n<ul><li>6 ao\u00fbt 2022<ul><li>Nous vous entra\u00eenerons sur les traces des d\u00e9couvreurs de l\u2019art pari\u00e9tal dans la Vall\u00e9e de l\u2019Homme, sa r\u00e9plique int\u00e9grale de la grotte Lascaux situ\u00e9e \u00e0 quelques centaines de m\u00e8tres de l\u2019originale (-19 000 ans), jusqu\u2019\u00e0 la Grotte aux 100 Mammouths, peints il y a 13000 ans \u00bb.<\/li><\/ul><\/li><\/ul>\n\n\n\n<p><\/p>\n\n\n\n<ul><li>7 ao\u00fbt 2022<ul><li>Enfin vous retrouverez le soleil pour une troisi\u00e8me journ\u00e9e, consacr\u00e9e aux ch\u00e2teaux et rivi\u00e8res de la vall\u00e9e de la Dordogne, de Sarlat \u00e0 Bergerac.<\/li><\/ul><\/li><\/ul>\n\n\n\n<div class=\"wp-block-image\"><figure class=\"aligncenter size-full\"><img loading=\"lazy\" width=\"960\" height=\"540\" src=\"https:\/\/cds64.org\/Camp_UIS_2022_Aquitaine\/wp-content\/uploads\/2022\/01\/lascaux-1.png\" alt=\"\" class=\"wp-image-138\" srcset=\"https:\/\/cds64.org\/Camp_UIS_2022_Aquitaine\/wp-content\/uploads\/2022\/01\/lascaux-1.png 960w, https:\/\/cds64.org\/Camp_UIS_2022_Aquitaine\/wp-content\/uploads\/2022\/01\/lascaux-1-300x169.png 300w, https:\/\/cds64.org\/Camp_UIS_2022_Aquitaine\/wp-content\/uploads\/2022\/01\/lascaux-1-768x432.png 768w, https:\/\/cds64.org\/Camp_UIS_2022_Aquitaine\/wp-content\/uploads\/2022\/01\/lascaux-1-533x300.png 533w\" sizes=\"(max-width: 960px) 100vw, 960px\" \/><figcaption>Visite de la grotte de Lascaux IV<\/figcaption><\/figure><\/div>\n\n\n\n<ul><li>8 ao\u00fbt 2022<ul><li>Le lendemain, 8 ao\u00fbt, vous admirerez la ville de Sarlat la Caneda, et le Ch\u00e2teau de Castelnaud-la-Chapelle, puis Limeuil, \u00e0 la confluence de la V\u00e9z\u00e8re et de la Dordogne, class\u00e9 \u00ab&nbsp;un des plus beaux villages de France&nbsp;\u00bb.<\/li><li>Vous terminerez votre p\u00e9riple en Nouvelle Aquitaine au Domaine viticole de Grange Neuve, vous visiterez son chai et vous pourrez d\u00e9guster le c\u00e9l\u00e8bre vin de Monbazillac.<\/li><\/ul><\/li><\/ul>\n\n\n\n<p><\/p>\n\n\n\n<ul><li>9 ao\u00fbt 2022<ul><li>Notre autobus vous conduira \u00e0 Bordeaux, \u00e0 la gare Saint Jean et \u00e0 l\u2019a\u00e9roport de Bordeaux M\u00e9rignac selon les souhaits de chacun.<\/li><\/ul><\/li><\/ul>\n<\/div>\n\n\n\n<div class=\"wp-block-column\" style=\"flex-basis:20%\">\n<h3 class=\"alignwide has-text-align-center\" id=\"en-dordogne\">DANS LES PYR\u00c9N\u00c9ES ATLANTIQUES<\/h3>\n\n\n\n<figure class=\"wp-block-image size-full\"><img loading=\"lazy\" width=\"550\" height=\"367\" src=\"https:\/\/cds64.org\/Camp_UIS_2022_Aquitaine\/wp-content\/uploads\/2022\/01\/chateau-de-libarrenx-1.jpg\" alt=\"\" class=\"wp-image-123\" srcset=\"https:\/\/cds64.org\/Camp_UIS_2022_Aquitaine\/wp-content\/uploads\/2022\/01\/chateau-de-libarrenx-1.jpg 550w, https:\/\/cds64.org\/Camp_UIS_2022_Aquitaine\/wp-content\/uploads\/2022\/01\/chateau-de-libarrenx-1-300x200.jpg 300w, https:\/\/cds64.org\/Camp_UIS_2022_Aquitaine\/wp-content\/uploads\/2022\/01\/chateau-de-libarrenx-1-450x300.jpg 450w\" sizes=\"(max-width: 550px) 100vw, 550px\" \/><figcaption>Ch\u00e2teau de Libarrenx<\/figcaption><\/figure>\n\n\n\n<figure class=\"wp-block-image size-full\"><img loading=\"lazy\" width=\"1024\" height=\"659\" src=\"https:\/\/cds64.org\/Camp_UIS_2022_Aquitaine\/wp-content\/uploads\/2022\/01\/chambre-chat-libarrenx.jpg\" alt=\"\" class=\"wp-image-131\" srcset=\"https:\/\/cds64.org\/Camp_UIS_2022_Aquitaine\/wp-content\/uploads\/2022\/01\/chambre-chat-libarrenx.jpg 1024w, https:\/\/cds64.org\/Camp_UIS_2022_Aquitaine\/wp-content\/uploads\/2022\/01\/chambre-chat-libarrenx-300x193.jpg 300w, https:\/\/cds64.org\/Camp_UIS_2022_Aquitaine\/wp-content\/uploads\/2022\/01\/chambre-chat-libarrenx-768x494.jpg 768w, https:\/\/cds64.org\/Camp_UIS_2022_Aquitaine\/wp-content\/uploads\/2022\/01\/chambre-chat-libarrenx-466x300.jpg 466w\" sizes=\"(max-width: 1024px) 100vw, 1024px\" \/><figcaption>Chambres de 2 \u00e0 4 personnes<\/figcaption><\/figure>\n\n\n\n<figure class=\"wp-block-image size-full\"><img loading=\"lazy\" width=\"800\" height=\"533\" src=\"https:\/\/cds64.org\/Camp_UIS_2022_Aquitaine\/wp-content\/uploads\/2022\/01\/Pic_dAnie_lapiaz_site.png\" alt=\"\" class=\"wp-image-134\" srcset=\"https:\/\/cds64.org\/Camp_UIS_2022_Aquitaine\/wp-content\/uploads\/2022\/01\/Pic_dAnie_lapiaz_site.png 800w, https:\/\/cds64.org\/Camp_UIS_2022_Aquitaine\/wp-content\/uploads\/2022\/01\/Pic_dAnie_lapiaz_site-300x200.png 300w, https:\/\/cds64.org\/Camp_UIS_2022_Aquitaine\/wp-content\/uploads\/2022\/01\/Pic_dAnie_lapiaz_site-768x512.png 768w, https:\/\/cds64.org\/Camp_UIS_2022_Aquitaine\/wp-content\/uploads\/2022\/01\/Pic_dAnie_lapiaz_site-450x300.png 450w\" sizes=\"(max-width: 800px) 100vw, 800px\" \/><figcaption>Karst de La Pierre St Martin<\/figcaption><\/figure>\n\n\n\n<figure class=\"wp-block-image size-full\"><img loading=\"lazy\" width=\"800\" height=\"664\" src=\"https:\/\/cds64.org\/Camp_UIS_2022_Aquitaine\/wp-content\/uploads\/2022\/01\/Lepineux.jpg\" alt=\"\" class=\"wp-image-111\" srcset=\"https:\/\/cds64.org\/Camp_UIS_2022_Aquitaine\/wp-content\/uploads\/2022\/01\/Lepineux.jpg 800w, https:\/\/cds64.org\/Camp_UIS_2022_Aquitaine\/wp-content\/uploads\/2022\/01\/Lepineux-300x249.jpg 300w, https:\/\/cds64.org\/Camp_UIS_2022_Aquitaine\/wp-content\/uploads\/2022\/01\/Lepineux-768x637.jpg 768w, https:\/\/cds64.org\/Camp_UIS_2022_Aquitaine\/wp-content\/uploads\/2022\/01\/Lepineux-361x300.jpg 361w\" sizes=\"(max-width: 800px) 100vw, 800px\" \/><figcaption>Puits L\u00e9pineux<\/figcaption><\/figure>\n\n\n\n<figure class=\"wp-block-image size-large\"><img loading=\"lazy\" width=\"683\" height=\"1024\" src=\"https:\/\/cds64.org\/Camp_UIS_2022_Aquitaine\/wp-content\/uploads\/2022\/01\/DSCF0598-683x1024.jpg\" alt=\"\" class=\"wp-image-136\" srcset=\"https:\/\/cds64.org\/Camp_UIS_2022_Aquitaine\/wp-content\/uploads\/2022\/01\/DSCF0598-683x1024.jpg 683w, https:\/\/cds64.org\/Camp_UIS_2022_Aquitaine\/wp-content\/uploads\/2022\/01\/DSCF0598-200x300.jpg 200w, https:\/\/cds64.org\/Camp_UIS_2022_Aquitaine\/wp-content\/uploads\/2022\/01\/DSCF0598-768x1152.jpg 768w, https:\/\/cds64.org\/Camp_UIS_2022_Aquitaine\/wp-content\/uploads\/2022\/01\/DSCF0598.jpg 800w\" sizes=\"(max-width: 683px) 100vw, 683px\" \/><figcaption>R\u00e9seau Larrandaburu<\/figcaption><\/figure>\n\n\n\n<figure class=\"wp-block-image size-full\"><img loading=\"lazy\" width=\"619\" height=\"411\" src=\"https:\/\/cds64.org\/Camp_UIS_2022_Aquitaine\/wp-content\/uploads\/2022\/01\/sentier_des_fenetres.jpg\" alt=\"\" class=\"wp-image-115\" srcset=\"https:\/\/cds64.org\/Camp_UIS_2022_Aquitaine\/wp-content\/uploads\/2022\/01\/sentier_des_fenetres.jpg 619w, https:\/\/cds64.org\/Camp_UIS_2022_Aquitaine\/wp-content\/uploads\/2022\/01\/sentier_des_fenetres-300x199.jpg 300w, https:\/\/cds64.org\/Camp_UIS_2022_Aquitaine\/wp-content\/uploads\/2022\/01\/sentier_des_fenetres-452x300.jpg 452w\" sizes=\"(max-width: 619px) 100vw, 619px\" \/><figcaption>Chemin des fen\u00eatres<\/figcaption><\/figure>\n\n\n\n<figure class=\"wp-block-image size-large\"><img loading=\"lazy\" width=\"1024\" height=\"684\" src=\"https:\/\/cds64.org\/Camp_UIS_2022_Aquitaine\/wp-content\/uploads\/2022\/01\/Ostabat-garazi-1024x684.jpg\" alt=\"\" class=\"wp-image-113\" srcset=\"https:\/\/cds64.org\/Camp_UIS_2022_Aquitaine\/wp-content\/uploads\/2022\/01\/Ostabat-garazi-1024x684.jpg 1024w, https:\/\/cds64.org\/Camp_UIS_2022_Aquitaine\/wp-content\/uploads\/2022\/01\/Ostabat-garazi-300x200.jpg 300w, https:\/\/cds64.org\/Camp_UIS_2022_Aquitaine\/wp-content\/uploads\/2022\/01\/Ostabat-garazi-768x513.jpg 768w, https:\/\/cds64.org\/Camp_UIS_2022_Aquitaine\/wp-content\/uploads\/2022\/01\/Ostabat-garazi-1536x1027.jpg 1536w, https:\/\/cds64.org\/Camp_UIS_2022_Aquitaine\/wp-content\/uploads\/2022\/01\/Ostabat-garazi-449x300.jpg 449w, https:\/\/cds64.org\/Camp_UIS_2022_Aquitaine\/wp-content\/uploads\/2022\/01\/Ostabat-garazi.jpg 1616w\" sizes=\"(max-width: 1024px) 100vw, 1024px\" \/><figcaption>Ostabat  \u00e0 St Jean Pied de Port<\/figcaption><\/figure>\n\n\n\n<h3 class=\"alignwide has-text-align-center\" id=\"en-dordogne\">EN DORDOGNE<\/h3>\n\n\n\n<figure class=\"wp-block-image size-full\"><img loading=\"lazy\" width=\"640\" height=\"477\" src=\"https:\/\/cds64.org\/Camp_UIS_2022_Aquitaine\/wp-content\/uploads\/2022\/01\/Chateau-de-Dordogne.png\" alt=\"\" class=\"wp-image-165\" srcset=\"https:\/\/cds64.org\/Camp_UIS_2022_Aquitaine\/wp-content\/uploads\/2022\/01\/Chateau-de-Dordogne.png 640w, https:\/\/cds64.org\/Camp_UIS_2022_Aquitaine\/wp-content\/uploads\/2022\/01\/Chateau-de-Dordogne-300x224.png 300w, https:\/\/cds64.org\/Camp_UIS_2022_Aquitaine\/wp-content\/uploads\/2022\/01\/Chateau-de-Dordogne-403x300.png 403w\" sizes=\"(max-width: 640px) 100vw, 640px\" \/><figcaption>Castenaud<\/figcaption><\/figure>\n\n\n\n<figure class=\"wp-block-image size-full\"><img loading=\"lazy\" width=\"640\" height=\"479\" src=\"https:\/\/cds64.org\/Camp_UIS_2022_Aquitaine\/wp-content\/uploads\/2022\/01\/speleo-historique.png\" alt=\"\" class=\"wp-image-166\" srcset=\"https:\/\/cds64.org\/Camp_UIS_2022_Aquitaine\/wp-content\/uploads\/2022\/01\/speleo-historique.png 640w, https:\/\/cds64.org\/Camp_UIS_2022_Aquitaine\/wp-content\/uploads\/2022\/01\/speleo-historique-300x225.png 300w, https:\/\/cds64.org\/Camp_UIS_2022_Aquitaine\/wp-content\/uploads\/2022\/01\/speleo-historique-401x300.png 401w\" sizes=\"(max-width: 640px) 100vw, 640px\" \/><figcaption>Une terre de sp\u00e9l\u00e9ologues<\/figcaption><\/figure>\n\n\n\n<figure class=\"wp-block-image size-full\"><img loading=\"lazy\" width=\"640\" height=\"426\" src=\"https:\/\/cds64.org\/Camp_UIS_2022_Aquitaine\/wp-content\/uploads\/2022\/01\/Lascaux-4.png\" alt=\"\" class=\"wp-image-167\" srcset=\"https:\/\/cds64.org\/Camp_UIS_2022_Aquitaine\/wp-content\/uploads\/2022\/01\/Lascaux-4.png 640w, https:\/\/cds64.org\/Camp_UIS_2022_Aquitaine\/wp-content\/uploads\/2022\/01\/Lascaux-4-300x200.png 300w, https:\/\/cds64.org\/Camp_UIS_2022_Aquitaine\/wp-content\/uploads\/2022\/01\/Lascaux-4-451x300.png 451w\" sizes=\"(max-width: 640px) 100vw, 640px\" \/><figcaption>Lascaux IV<\/figcaption><\/figure>\n\n\n\n<figure class=\"wp-block-image size-full\"><img loading=\"lazy\" width=\"640\" height=\"185\" src=\"https:\/\/cds64.org\/Camp_UIS_2022_Aquitaine\/wp-content\/uploads\/2022\/01\/Foie-gras-cepes.png\" alt=\"\" class=\"wp-image-168\" srcset=\"https:\/\/cds64.org\/Camp_UIS_2022_Aquitaine\/wp-content\/uploads\/2022\/01\/Foie-gras-cepes.png 640w, https:\/\/cds64.org\/Camp_UIS_2022_Aquitaine\/wp-content\/uploads\/2022\/01\/Foie-gras-cepes-300x87.png 300w\" sizes=\"(max-width: 640px) 100vw, 640px\" \/><figcaption>C\u00e8pes et foie gras<\/figcaption><\/figure>\n\n\n\n<figure class=\"wp-block-image size-full\"><img loading=\"lazy\" width=\"640\" height=\"430\" src=\"https:\/\/cds64.org\/Camp_UIS_2022_Aquitaine\/wp-content\/uploads\/2022\/01\/Mammouth.png\" alt=\"\" class=\"wp-image-169\" srcset=\"https:\/\/cds64.org\/Camp_UIS_2022_Aquitaine\/wp-content\/uploads\/2022\/01\/Mammouth.png 640w, https:\/\/cds64.org\/Camp_UIS_2022_Aquitaine\/wp-content\/uploads\/2022\/01\/Mammouth-300x202.png 300w, https:\/\/cds64.org\/Camp_UIS_2022_Aquitaine\/wp-content\/uploads\/2022\/01\/Mammouth-447x300.png 447w\" sizes=\"(max-width: 640px) 100vw, 640px\" \/><figcaption>Animaux de l\u00e9gende<\/figcaption><\/figure>\n\n\n\n<figure class=\"wp-block-image size-full\"><img loading=\"lazy\" width=\"640\" height=\"450\" src=\"https:\/\/cds64.org\/Camp_UIS_2022_Aquitaine\/wp-content\/uploads\/2022\/01\/les-Eyzies.png\" alt=\"\" class=\"wp-image-170\" srcset=\"https:\/\/cds64.org\/Camp_UIS_2022_Aquitaine\/wp-content\/uploads\/2022\/01\/les-Eyzies.png 640w, https:\/\/cds64.org\/Camp_UIS_2022_Aquitaine\/wp-content\/uploads\/2022\/01\/les-Eyzies-300x211.png 300w, https:\/\/cds64.org\/Camp_UIS_2022_Aquitaine\/wp-content\/uploads\/2022\/01\/les-Eyzies-427x300.png 427w\" sizes=\"(max-width: 640px) 100vw, 640px\" \/><figcaption>La vall\u00e9e de l&rsquo;homme<\/figcaption><\/figure>\n<\/div>\n<\/div>\n\n\n\n<div class=\"wp-container-2 wp-block-buttons\">\n<div class=\"wp-block-button has-custom-width wp-block-button__width-100 is-style-fill\"><a class=\"wp-block-button__link has-accent-1-background-color has-background\" href=\"https:\/\/cds64.org\/Camp_UIS_2022_Aquitaine\/sinscrire-a-ce-camp-post-congres-uis-2022\/\" style=\"border-radius:12px\">S&rsquo;inscrire \u00e0 ce camp<\/a><\/div>\n<\/div>\n\n\n\n<hr class=\"wp-block-separator\"\/>\n\n\n\n<h2 class=\"has-text-align-center\" id=\"gastronomie\">GASTRONOMIE<\/h2>\n\n\n\n<div class=\"wp-block-columns\">\n<div class=\"wp-block-column\" style=\"flex-basis:70%\">\n<ul><li>Dans les Pyr\u00e9n\u00e9es-Atlantiques vous d\u00e9gusterez quelques unes des sp\u00e9cialit\u00e9s gastronomiques les plus embl\u00e9matiques de la r\u00e9gion : <ul><li>les charcuteries, <\/li><li>les truites des gaves, <\/li><li>la poule au pot (photo), <\/li><li>la garbure (photo), <\/li><li>le zikiro d\u2019agneau de lait r\u00f4ti (photos), <\/li><li>le fromage de brebis des Pyr\u00e9n\u00e9es, <\/li><li>les g\u00e2teaux et desserts <\/li><li>le tout arros\u00e9s des vins typiques du terroir.<\/li><\/ul><\/li><li>En Dordogne la gastronomie locale vous r\u00e9galera avec <ul><li>ses foies gras et viandes confites, <\/li><li>ses champignons forestiers et ses ch\u00e2taignes, <\/li><li>ses salades gourmandes aux noix et ses fromages arros\u00e9s des vins du terroir, Bergerac, Monbazillac etc.<\/li><\/ul><\/li><\/ul>\n\n\n\n<div class=\"wp-block-columns\">\n<div class=\"wp-block-column\">\n<figure class=\"wp-block-image size-full\"><img loading=\"lazy\" width=\"640\" height=\"251\" src=\"https:\/\/cds64.org\/Camp_UIS_2022_Aquitaine\/wp-content\/uploads\/2022\/01\/magrets-1.png\" alt=\"\" class=\"wp-image-179\" srcset=\"https:\/\/cds64.org\/Camp_UIS_2022_Aquitaine\/wp-content\/uploads\/2022\/01\/magrets-1.png 640w, https:\/\/cds64.org\/Camp_UIS_2022_Aquitaine\/wp-content\/uploads\/2022\/01\/magrets-1-300x118.png 300w\" sizes=\"(max-width: 640px) 100vw, 640px\" \/><figcaption>Magret<\/figcaption><\/figure>\n<\/div>\n\n\n\n<div class=\"wp-block-column\">\n<figure class=\"wp-block-image size-full\"><img loading=\"lazy\" width=\"640\" height=\"185\" src=\"https:\/\/cds64.org\/Camp_UIS_2022_Aquitaine\/wp-content\/uploads\/2022\/01\/Foie-gras-cepes-2.png\" alt=\"\" class=\"wp-image-180\" srcset=\"https:\/\/cds64.org\/Camp_UIS_2022_Aquitaine\/wp-content\/uploads\/2022\/01\/Foie-gras-cepes-2.png 640w, https:\/\/cds64.org\/Camp_UIS_2022_Aquitaine\/wp-content\/uploads\/2022\/01\/Foie-gras-cepes-2-300x87.png 300w\" sizes=\"(max-width: 640px) 100vw, 640px\" \/><figcaption>Foie gras et c\u00e8pes<\/figcaption><\/figure>\n<\/div>\n<\/div>\n<\/div>\n\n\n\n<div class=\"wp-block-column\" style=\"flex-basis:20%\">\n<figure class=\"wp-block-image size-full\"><img loading=\"lazy\" width=\"960\" height=\"960\" src=\"https:\/\/cds64.org\/Camp_UIS_2022_Aquitaine\/wp-content\/uploads\/2022\/01\/gastronomie-basque-1.png\" alt=\"\" class=\"wp-image-172\" srcset=\"https:\/\/cds64.org\/Camp_UIS_2022_Aquitaine\/wp-content\/uploads\/2022\/01\/gastronomie-basque-1.png 960w, https:\/\/cds64.org\/Camp_UIS_2022_Aquitaine\/wp-content\/uploads\/2022\/01\/gastronomie-basque-1-300x300.png 300w, https:\/\/cds64.org\/Camp_UIS_2022_Aquitaine\/wp-content\/uploads\/2022\/01\/gastronomie-basque-1-150x150.png 150w, https:\/\/cds64.org\/Camp_UIS_2022_Aquitaine\/wp-content\/uploads\/2022\/01\/gastronomie-basque-1-768x768.png 768w\" sizes=\"(max-width: 960px) 100vw, 960px\" \/><figcaption>Ce que manger veut dire en B\u00e9arn et au Pays Basque<\/figcaption><\/figure>\n\n\n\n<figure class=\"wp-block-image size-large\"><img loading=\"lazy\" width=\"1024\" height=\"809\" src=\"https:\/\/cds64.org\/Camp_UIS_2022_Aquitaine\/wp-content\/uploads\/2022\/02\/Garbure-1024x809.jpg\" alt=\"\" class=\"wp-image-215\" srcset=\"https:\/\/cds64.org\/Camp_UIS_2022_Aquitaine\/wp-content\/uploads\/2022\/02\/Garbure-1024x809.jpg 1024w, https:\/\/cds64.org\/Camp_UIS_2022_Aquitaine\/wp-content\/uploads\/2022\/02\/Garbure-300x237.jpg 300w, https:\/\/cds64.org\/Camp_UIS_2022_Aquitaine\/wp-content\/uploads\/2022\/02\/Garbure-768x607.jpg 768w, https:\/\/cds64.org\/Camp_UIS_2022_Aquitaine\/wp-content\/uploads\/2022\/02\/Garbure-380x300.jpg 380w, https:\/\/cds64.org\/Camp_UIS_2022_Aquitaine\/wp-content\/uploads\/2022\/02\/Garbure.jpg 1200w\" sizes=\"(max-width: 1024px) 100vw, 1024px\" \/><figcaption>La Garbure<\/figcaption><\/figure>\n\n\n\n<figure class=\"wp-block-image size-full\"><img loading=\"lazy\" width=\"720\" height=\"545\" src=\"https:\/\/cds64.org\/Camp_UIS_2022_Aquitaine\/wp-content\/uploads\/2022\/02\/poule-au-pot.jpg\" alt=\"\" class=\"wp-image-216\" srcset=\"https:\/\/cds64.org\/Camp_UIS_2022_Aquitaine\/wp-content\/uploads\/2022\/02\/poule-au-pot.jpg 720w, https:\/\/cds64.org\/Camp_UIS_2022_Aquitaine\/wp-content\/uploads\/2022\/02\/poule-au-pot-300x227.jpg 300w, https:\/\/cds64.org\/Camp_UIS_2022_Aquitaine\/wp-content\/uploads\/2022\/02\/poule-au-pot-396x300.jpg 396w\" sizes=\"(max-width: 720px) 100vw, 720px\" \/><figcaption>La poule au pot<\/figcaption><\/figure>\n\n\n\n<figure class=\"wp-block-image size-large\"><img loading=\"lazy\" width=\"1024\" height=\"663\" src=\"https:\/\/cds64.org\/Camp_UIS_2022_Aquitaine\/wp-content\/uploads\/2022\/02\/Zikiro-mechoui-Basque-1024x663.jpg\" alt=\"\" class=\"wp-image-218\" srcset=\"https:\/\/cds64.org\/Camp_UIS_2022_Aquitaine\/wp-content\/uploads\/2022\/02\/Zikiro-mechoui-Basque-1024x663.jpg 1024w, https:\/\/cds64.org\/Camp_UIS_2022_Aquitaine\/wp-content\/uploads\/2022\/02\/Zikiro-mechoui-Basque-300x194.jpg 300w, https:\/\/cds64.org\/Camp_UIS_2022_Aquitaine\/wp-content\/uploads\/2022\/02\/Zikiro-mechoui-Basque-768x497.jpg 768w, https:\/\/cds64.org\/Camp_UIS_2022_Aquitaine\/wp-content\/uploads\/2022\/02\/Zikiro-mechoui-Basque-463x300.jpg 463w, https:\/\/cds64.org\/Camp_UIS_2022_Aquitaine\/wp-content\/uploads\/2022\/02\/Zikiro-mechoui-Basque.jpg 1206w\" sizes=\"(max-width: 1024px) 100vw, 1024px\" \/><figcaption>Le zikiro &#8211; m\u00e9choui basque<\/figcaption><\/figure>\n\n\n\n<figure class=\"wp-block-image size-full\"><img loading=\"lazy\" width=\"440\" height=\"330\" src=\"https:\/\/cds64.org\/Camp_UIS_2022_Aquitaine\/wp-content\/uploads\/2022\/01\/noix.png\" alt=\"\" class=\"wp-image-176\" srcset=\"https:\/\/cds64.org\/Camp_UIS_2022_Aquitaine\/wp-content\/uploads\/2022\/01\/noix.png 440w, https:\/\/cds64.org\/Camp_UIS_2022_Aquitaine\/wp-content\/uploads\/2022\/01\/noix-300x225.png 300w, https:\/\/cds64.org\/Camp_UIS_2022_Aquitaine\/wp-content\/uploads\/2022\/01\/noix-400x300.png 400w\" sizes=\"(max-width: 440px) 100vw, 440px\" \/><figcaption>Les c\u00e9l\u00e8bres noix du P\u00e9rigord<\/figcaption><\/figure>\n<\/div>\n<\/div>\n\n\n\n<p>&nbsp;&nbsp;&nbsp;&nbsp;&nbsp;&nbsp;&nbsp;&nbsp;&nbsp;&nbsp;&nbsp; Le temps sera h\u00e9las trop court pour\nd\u00e9couvrir toutes les richesses de la R\u00e9gion Nouvelle Aquitaine, mais soyez\nassur\u00e9s que si vous souhaitez revenir vous serez toujours tr\u00e8s bien accueillis. <\/p>\n","protected":false},"excerpt":{"rendered":"<p>1er Ao\u00fbt 2022 Votre voyage commencera \u00e0 8 heures du matin sur le parking de Savoie Technolac, 73370 Le Bourget-du-Lac (lieu du Congr\u00e8s UIS) Vous &hellip;<\/p>\n","protected":false},"author":1,"featured_media":0,"parent":0,"menu_order":0,"comment_status":"closed","ping_status":"closed","template":"","meta":[],"_links":{"self":[{"href":"https:\/\/cds64.org\/Camp_UIS_2022_Aquitaine\/wp-json\/wp\/v2\/pages\/47"}],"collection":[{"href":"https:\/\/cds64.org\/Camp_UIS_2022_Aquitaine\/wp-json\/wp\/v2\/pages"}],"about":[{"href":"https:\/\/cds64.org\/Camp_UIS_2022_Aquitaine\/wp-json\/wp\/v2\/types\/page"}],"author":[{"embeddable":true,"href":"https:\/\/cds64.org\/Camp_UIS_2022_Aquitaine\/wp-json\/wp\/v2\/users\/1"}],"replies":[{"embeddable":true,"href":"https:\/\/cds64.org\/Camp_UIS_2022_Aquitaine\/wp-json\/wp\/v2\/comments?post=47"}],"version-history":[{"count":28,"href":"https:\/\/cds64.org\/Camp_UIS_2022_Aquitaine\/wp-json\/wp\/v2\/pages\/47\/revisions"}],"predecessor-version":[{"id":392,"href":"https:\/\/cds64.org\/Camp_UIS_2022_Aquitaine\/wp-json\/wp\/v2\/pages\/47\/revisions\/392"}],"wp:attachment":[{"href":"https:\/\/cds64.org\/Camp_UIS_2022_Aquitaine\/wp-json\/wp\/v2\/media?parent=47"}],"curies":[{"name":"wp","href":"https:\/\/api.w.org\/{rel}","templated":true}]}}