{"id":262,"date":"2022-02-02T21:19:49","date_gmt":"2022-02-02T20:19:49","guid":{"rendered":"https:\/\/cds64.org\/Camp_UIS_2022_Aquitaine\/?page_id=262"},"modified":"2022-02-10T10:42:05","modified_gmt":"2022-02-10T09:42:05","slug":"the-post-congress-camp","status":"publish","type":"page","link":"https:\/\/cds64.org\/Camp_UIS_2022_Aquitaine\/en\/the-post-congress-camp\/","title":{"rendered":"Post UIS congress camp in New Aquitania"},"content":{"rendered":"\n<h3 id=\"cavers-of-new-aquitania-invite-you-to-a-great-trip-through-art-culture-history-and-gastronomy\">Cavers of New Aquitania invite you to a great trip through art, culture, history and gastronomy.<\/h3>\n\n\n\n<p><\/p>\n\n\n\n<h2 class=\"has-text-align-center\" id=\"organized-by\">  Organized by :<\/h2>\n\n\n\n<div class=\"wp-block-columns\">\n<div class=\"wp-block-column\" style=\"flex-basis:33.33%\">\n<figure class=\"wp-block-image size-large\"><img loading=\"lazy\" width=\"962\" height=\"309\" src=\"https:\/\/cds64.org\/Camp_UIS_2022_Aquitaine\/wp-content\/uploads\/2022\/01\/logo_cds_csr.png\" alt=\"Logo cdsc 64 cds 24 csrNA\" class=\"wp-image-18\" srcset=\"https:\/\/cds64.org\/Camp_UIS_2022_Aquitaine\/wp-content\/uploads\/2022\/01\/logo_cds_csr.png 962w, https:\/\/cds64.org\/Camp_UIS_2022_Aquitaine\/wp-content\/uploads\/2022\/01\/logo_cds_csr-300x96.png 300w, https:\/\/cds64.org\/Camp_UIS_2022_Aquitaine\/wp-content\/uploads\/2022\/01\/logo_cds_csr-768x247.png 768w, https:\/\/cds64.org\/Camp_UIS_2022_Aquitaine\/wp-content\/uploads\/2022\/01\/logo_cds_csr-903x290.png 903w\" sizes=\"(max-width: 962px) 100vw, 962px\" \/><\/figure>\n<\/div>\n\n\n\n<div class=\"wp-block-column\" style=\"flex-basis:66.66%\">\n<ul><li>Le Comit\u00e9 D\u00e9partemental de Sp\u00e9l\u00e9ologie et Canyonisme<br> des Pyr\u00e9n\u00e9es-Atlantiques &#8211; 64.<\/li><li> Le Comit\u00e9 D\u00e9partemental de Sp\u00e9l\u00e9ologie de Dordogne &#8211; 24.<\/li><li> Avec le  Comit\u00e9 R\u00e9gional de Sp\u00e9l\u00e9ologie de la Nouvelle-Aquitaine.<\/li><\/ul>\n<\/div>\n<\/div>\n\n\n\n<figure class=\"wp-block-image size-large\"><img loading=\"lazy\" width=\"1024\" height=\"778\" src=\"https:\/\/cds64.org\/Camp_UIS_2022_Aquitaine\/wp-content\/uploads\/2022\/01\/carte-g\u00e9n\u00e9rale-1024x778.png\" alt=\"Carte du camp post-congr\u00e8s 2022\" class=\"wp-image-33\" srcset=\"https:\/\/cds64.org\/Camp_UIS_2022_Aquitaine\/wp-content\/uploads\/2022\/01\/carte-g\u00e9n\u00e9rale-1024x778.png 1024w, https:\/\/cds64.org\/Camp_UIS_2022_Aquitaine\/wp-content\/uploads\/2022\/01\/carte-g\u00e9n\u00e9rale-300x228.png 300w, https:\/\/cds64.org\/Camp_UIS_2022_Aquitaine\/wp-content\/uploads\/2022\/01\/carte-g\u00e9n\u00e9rale-768x584.png 768w, https:\/\/cds64.org\/Camp_UIS_2022_Aquitaine\/wp-content\/uploads\/2022\/01\/carte-g\u00e9n\u00e9rale-395x300.png 395w, https:\/\/cds64.org\/Camp_UIS_2022_Aquitaine\/wp-content\/uploads\/2022\/01\/carte-g\u00e9n\u00e9rale.png 1124w\" sizes=\"(max-width: 1024px) 100vw, 1024px\" \/><figcaption>An overview of the area to be visited.<\/figcaption><\/figure>\n\n\n\n<h2 class=\"has-text-align-center\" id=\"find-out-more\"><a href=\"https:\/\/cds64.org\/Camp_UIS_2022_Aquitaine\/en\/program\/\">FIND OUT MORE&#8230;<\/a><\/h2>\n","protected":false},"excerpt":{"rendered":"<p>Cavers of New Aquitania invite you to a great trip through art, culture, history and gastronomy. Organized by : Le Comit\u00e9 D\u00e9partemental de Sp\u00e9l\u00e9ologie et &hellip;<\/p>\n","protected":false},"author":1,"featured_media":0,"parent":0,"menu_order":0,"comment_status":"closed","ping_status":"closed","template":"","meta":[],"_links":{"self":[{"href":"https:\/\/cds64.org\/Camp_UIS_2022_Aquitaine\/wp-json\/wp\/v2\/pages\/262"}],"collection":[{"href":"https:\/\/cds64.org\/Camp_UIS_2022_Aquitaine\/wp-json\/wp\/v2\/pages"}],"about":[{"href":"https:\/\/cds64.org\/Camp_UIS_2022_Aquitaine\/wp-json\/wp\/v2\/types\/page"}],"author":[{"embeddable":true,"href":"https:\/\/cds64.org\/Camp_UIS_2022_Aquitaine\/wp-json\/wp\/v2\/users\/1"}],"replies":[{"embeddable":true,"href":"https:\/\/cds64.org\/Camp_UIS_2022_Aquitaine\/wp-json\/wp\/v2\/comments?post=262"}],"version-history":[{"count":13,"href":"https:\/\/cds64.org\/Camp_UIS_2022_Aquitaine\/wp-json\/wp\/v2\/pages\/262\/revisions"}],"predecessor-version":[{"id":366,"href":"https:\/\/cds64.org\/Camp_UIS_2022_Aquitaine\/wp-json\/wp\/v2\/pages\/262\/revisions\/366"}],"wp:attachment":[{"href":"https:\/\/cds64.org\/Camp_UIS_2022_Aquitaine\/wp-json\/wp\/v2\/media?parent=262"}],"curies":[{"name":"wp","href":"https:\/\/api.w.org\/{rel}","templated":true}]}}