{"id":201,"date":"2022-01-29T18:01:14","date_gmt":"2022-01-29T17:01:14","guid":{"rendered":"https:\/\/cds64.org\/Camp_UIS_2022_Aquitaine\/?page_id=201"},"modified":"2022-02-02T21:02:03","modified_gmt":"2022-02-02T20:02:03","slug":"el-camp-post-congresso","status":"publish","type":"page","link":"https:\/\/cds64.org\/Camp_UIS_2022_Aquitaine\/es\/el-camp-post-congresso\/","title":{"rendered":"Excursi\u00f3n post-congreso UIS 2022"},"content":{"rendered":"\n<p><strong>Los espele\u00f3logos de Nouvelle Aquitaine os invitan en su regi\u00f3n para un largo viaje por el Arte, la Cultura, la Historia y la Gastronom\u00eda, desde el karst de la Piedra de San Mart\u00edn hasta Lascaux y Cro Magnon, pasando por la Sala de la Verna y el Camino de Santiago.<\/strong><\/p>\n\n\n\n<p> <\/p>\n\n\n\n<p><strong>Descubre Nouvelle Aquitaine<\/strong><\/p>\n\n\n\n<p>Para que os remont\u00e9is desde la espeleolog\u00eda industrial, tur\u00edstica e hist\u00f3rica hasta el arte parietal neol\u00edtico y el Hombre de Cro Magnon, los espele\u00f3logos de Nouvelle Aquitaine os invitan en su regi\u00f3n para un largo viaje por el Arte, la Cultura, la Historia y la Gastronom\u00eda. <\/p>\n\n\n\n<p><\/p>\n\n\n\n<h2 class=\"has-text-align-center\" id=\"organizado-por\">ORGANIZADO POR :<\/h2>\n\n\n\n<div class=\"wp-block-columns\">\n<div class=\"wp-block-column\" style=\"flex-basis:33.33%\">\n<figure class=\"wp-block-image size-large\"><img loading=\"lazy\" width=\"962\" height=\"309\" src=\"https:\/\/cds64.org\/Camp_UIS_2022_Aquitaine\/wp-content\/uploads\/2022\/01\/logo_cds_csr.png\" alt=\"Logo cdsc 64 cds 24 csrNA\" class=\"wp-image-18\" srcset=\"https:\/\/cds64.org\/Camp_UIS_2022_Aquitaine\/wp-content\/uploads\/2022\/01\/logo_cds_csr.png 962w, https:\/\/cds64.org\/Camp_UIS_2022_Aquitaine\/wp-content\/uploads\/2022\/01\/logo_cds_csr-300x96.png 300w, https:\/\/cds64.org\/Camp_UIS_2022_Aquitaine\/wp-content\/uploads\/2022\/01\/logo_cds_csr-768x247.png 768w, https:\/\/cds64.org\/Camp_UIS_2022_Aquitaine\/wp-content\/uploads\/2022\/01\/logo_cds_csr-903x290.png 903w\" sizes=\"(max-width: 962px) 100vw, 962px\" \/><\/figure>\n<\/div>\n\n\n\n<div class=\"wp-block-column\" style=\"flex-basis:66.66%\">\n<ul><li>El Comit\u00e9 D\u00e9partemental de Sp\u00e9l\u00e9ologie et Canyonisme<br> des Pyr\u00e9n\u00e9es-Atlantiques &#8211; 64.<\/li><li> El Comit\u00e9 D\u00e9partemental de Sp\u00e9l\u00e9ologie de Dordogne &#8211; 24.<\/li><li> Con el  Comit\u00e9 R\u00e9gional de Sp\u00e9l\u00e9ologie de la Nouvelle-Aquitaine.<\/li><\/ul>\n<\/div>\n<\/div>\n\n\n\n<figure class=\"wp-block-image size-large\"><img loading=\"lazy\" width=\"1024\" height=\"778\" src=\"https:\/\/cds64.org\/Camp_UIS_2022_Aquitaine\/wp-content\/uploads\/2022\/01\/carte-g\u00e9n\u00e9rale-1024x778.png\" alt=\"Carte du camp post-congr\u00e8s 2022\" class=\"wp-image-33\" srcset=\"https:\/\/cds64.org\/Camp_UIS_2022_Aquitaine\/wp-content\/uploads\/2022\/01\/carte-g\u00e9n\u00e9rale-1024x778.png 1024w, https:\/\/cds64.org\/Camp_UIS_2022_Aquitaine\/wp-content\/uploads\/2022\/01\/carte-g\u00e9n\u00e9rale-300x228.png 300w, https:\/\/cds64.org\/Camp_UIS_2022_Aquitaine\/wp-content\/uploads\/2022\/01\/carte-g\u00e9n\u00e9rale-768x584.png 768w, https:\/\/cds64.org\/Camp_UIS_2022_Aquitaine\/wp-content\/uploads\/2022\/01\/carte-g\u00e9n\u00e9rale-395x300.png 395w, https:\/\/cds64.org\/Camp_UIS_2022_Aquitaine\/wp-content\/uploads\/2022\/01\/carte-g\u00e9n\u00e9rale.png 1124w\" sizes=\"(max-width: 1024px) 100vw, 1024px\" \/><figcaption>Vista general de la zona visitada<\/figcaption><\/figure>\n\n\n\n<h2 class=\"has-text-align-center\" id=\"ver-el-programa\"><a href=\"https:\/\/cds64.org\/Camp_UIS_2022_Aquitaine\/es\/programa\/\">VER EL PROGRAMA&#8230;<\/a><\/h2>\n","protected":false},"excerpt":{"rendered":"<p>Los espele\u00f3logos de Nouvelle Aquitaine os invitan en su regi\u00f3n para un largo viaje por el Arte, la Cultura, la Historia y la Gastronom\u00eda, desde &hellip;<\/p>\n","protected":false},"author":1,"featured_media":0,"parent":0,"menu_order":0,"comment_status":"closed","ping_status":"closed","template":"","meta":[],"_links":{"self":[{"href":"https:\/\/cds64.org\/Camp_UIS_2022_Aquitaine\/wp-json\/wp\/v2\/pages\/201"}],"collection":[{"href":"https:\/\/cds64.org\/Camp_UIS_2022_Aquitaine\/wp-json\/wp\/v2\/pages"}],"about":[{"href":"https:\/\/cds64.org\/Camp_UIS_2022_Aquitaine\/wp-json\/wp\/v2\/types\/page"}],"author":[{"embeddable":true,"href":"https:\/\/cds64.org\/Camp_UIS_2022_Aquitaine\/wp-json\/wp\/v2\/users\/1"}],"replies":[{"embeddable":true,"href":"https:\/\/cds64.org\/Camp_UIS_2022_Aquitaine\/wp-json\/wp\/v2\/comments?post=201"}],"version-history":[{"count":5,"href":"https:\/\/cds64.org\/Camp_UIS_2022_Aquitaine\/wp-json\/wp\/v2\/pages\/201\/revisions"}],"predecessor-version":[{"id":253,"href":"https:\/\/cds64.org\/Camp_UIS_2022_Aquitaine\/wp-json\/wp\/v2\/pages\/201\/revisions\/253"}],"wp:attachment":[{"href":"https:\/\/cds64.org\/Camp_UIS_2022_Aquitaine\/wp-json\/wp\/v2\/media?parent=201"}],"curies":[{"name":"wp","href":"https:\/\/api.w.org\/{rel}","templated":true}]}}