{"id":1616,"date":"2019-06-20T14:22:53","date_gmt":"2019-06-20T12:22:53","guid":{"rendered":"http:\/\/cds64.org\/WordPress3\/?post_type=product&#038;p=1616"},"modified":"2022-05-04T15:56:12","modified_gmt":"2022-05-04T13:56:12","slug":"en-classe-speleo","status":"publish","type":"product","link":"http:\/\/cds64.org\/WordPress3\/produit\/en-classe-speleo\/","title":{"rendered":"En classe sp\u00e9l\u00e9o"},"content":{"rendered":"<p><a href=\"http:\/\/cds64.org\/WordPress3\/wp-content\/uploads\/2019\/06\/En-classe-sp\u00e9l\u00e9o-1-light.jpeg\"><img loading=\"lazy\" decoding=\"async\" class=\"wp-image-1617 alignleft\" src=\"http:\/\/cds64.org\/WordPress3\/wp-content\/uploads\/2019\/06\/En-classe-sp\u00e9l\u00e9o-1-light.jpeg\" alt=\"\" width=\"400\" height=\"514\" srcset=\"http:\/\/cds64.org\/WordPress3\/wp-content\/uploads\/2019\/06\/En-classe-sp\u00e9l\u00e9o-1-light.jpeg 768w, http:\/\/cds64.org\/WordPress3\/wp-content\/uploads\/2019\/06\/En-classe-sp\u00e9l\u00e9o-1-light-233x300.jpeg 233w, http:\/\/cds64.org\/WordPress3\/wp-content\/uploads\/2019\/06\/En-classe-sp\u00e9l\u00e9o-1-light-600x771.jpeg 600w, http:\/\/cds64.org\/WordPress3\/wp-content\/uploads\/2019\/06\/En-classe-sp\u00e9l\u00e9o-1-light-117x150.jpeg 117w\" sizes=\"auto, (max-width: 400px) 100vw, 400px\" \/><\/a>Les \u00e9l\u00e8ves de l&#8217;\u00e9cole d&#8217;Arudy (64) partent en camp sp\u00e9l\u00e9o avec leur instituteur (professeur).<br \/>\nNotre comit\u00e9 d\u00e9partemental est \u00e0 l&#8217;origine de la r\u00e9ussite de livre.<\/p>\n<p>Que d&#8217;aventures, que d&#8217;\u00e9motions, mais on vous laisse le parcourir.<\/p>\n","protected":false},"excerpt":{"rendered":"<p>Histoire dr\u00f4le et \u00e9mouvante de cette \u00e9pop\u00e9e racont\u00e9e avec les mots d&#8217;enfants. <a class=\"continue-reading-link\" href=\"http:\/\/cds64.org\/WordPress3\/produit\/en-classe-speleo\/\">Lire la suite <span class=\"meta-nav\">&rarr; <\/span><\/a><\/p>\n","protected":false},"featured_media":1617,"template":"","meta":[],"product_brand":[],"product_cat":[31],"product_tag":[],"class_list":{"0":"post-1616","1":"product","2":"type-product","3":"status-publish","4":"has-post-thumbnail","6":"product_cat-publications","7":"product_shipping_class-envoi_postal","9":"first","10":"instock","11":"shipping-taxable","12":"purchasable","13":"product-type-simple"},"_links":{"self":[{"href":"http:\/\/cds64.org\/WordPress3\/wp-json\/wp\/v2\/product\/1616","targetHints":{"allow":["GET"]}}],"collection":[{"href":"http:\/\/cds64.org\/WordPress3\/wp-json\/wp\/v2\/product"}],"about":[{"href":"http:\/\/cds64.org\/WordPress3\/wp-json\/wp\/v2\/types\/product"}],"wp:featuredmedia":[{"embeddable":true,"href":"http:\/\/cds64.org\/WordPress3\/wp-json\/wp\/v2\/media\/1617"}],"wp:attachment":[{"href":"http:\/\/cds64.org\/WordPress3\/wp-json\/wp\/v2\/media?parent=1616"}],"wp:term":[{"taxonomy":"product_brand","embeddable":true,"href":"http:\/\/cds64.org\/WordPress3\/wp-json\/wp\/v2\/product_brand?post=1616"},{"taxonomy":"product_cat","embeddable":true,"href":"http:\/\/cds64.org\/WordPress3\/wp-json\/wp\/v2\/product_cat?post=1616"},{"taxonomy":"product_tag","embeddable":true,"href":"http:\/\/cds64.org\/WordPress3\/wp-json\/wp\/v2\/product_tag?post=1616"}],"curies":[{"name":"wp","href":"https:\/\/api.w.org\/{rel}","templated":true}]}}