{"id":1609,"date":"2019-06-20T14:11:55","date_gmt":"2019-06-20T12:11:55","guid":{"rendered":"http:\/\/cds64.org\/WordPress3\/?post_type=product&#038;p=1609"},"modified":"2022-05-04T15:55:51","modified_gmt":"2022-05-04T13:55:51","slug":"la-verna-histoire-dune-aventure-hors-du-commun","status":"publish","type":"product","link":"http:\/\/cds64.org\/WordPress3\/produit\/la-verna-histoire-dune-aventure-hors-du-commun\/","title":{"rendered":"La Verna &#8211; Histoire d&#8217;une aventure hors du commun"},"content":{"rendered":"<p><a href=\"http:\/\/cds64.org\/WordPress3\/wp-content\/uploads\/2019\/03\/Couverture-Recto-11-12-2018.jpg\"><img loading=\"lazy\" decoding=\"async\" class=\"alignnone size-large wp-image-1552\" src=\"http:\/\/cds64.org\/WordPress3\/wp-content\/uploads\/2019\/03\/Couverture-Recto-11-12-2018-1024x519.jpg\" alt=\"\" width=\"800\" height=\"405\" srcset=\"http:\/\/cds64.org\/WordPress3\/wp-content\/uploads\/2019\/03\/Couverture-Recto-11-12-2018-1024x519.jpg 1024w, http:\/\/cds64.org\/WordPress3\/wp-content\/uploads\/2019\/03\/Couverture-Recto-11-12-2018-600x304.jpg 600w, http:\/\/cds64.org\/WordPress3\/wp-content\/uploads\/2019\/03\/Couverture-Recto-11-12-2018-300x152.jpg 300w, http:\/\/cds64.org\/WordPress3\/wp-content\/uploads\/2019\/03\/Couverture-Recto-11-12-2018-768x389.jpg 768w, http:\/\/cds64.org\/WordPress3\/wp-content\/uploads\/2019\/03\/Couverture-Recto-11-12-2018-150x76.jpg 150w, http:\/\/cds64.org\/WordPress3\/wp-content\/uploads\/2019\/03\/Couverture-Recto-11-12-2018-250x127.jpg 250w, http:\/\/cds64.org\/WordPress3\/wp-content\/uploads\/2019\/03\/Couverture-Recto-11-12-2018.jpg 1174w\" sizes=\"auto, (max-width: 800px) 100vw, 800px\" \/><\/a><\/p>\n<p>Le livre d&#8217;une histoire culte dans le milieu de la sp\u00e9l\u00e9ologie, mais aussi dans le milieu des aventuriers.<\/p>\n<p>50 ans d&#8217;histoire jusqu&#8217;\u00e0 la conclusion d&#8217;aujourd&#8217;hui, une offre touristique de grande ampleur.<\/p>\n","protected":false},"excerpt":{"rendered":"<p>Les acteurs de cette grande aventure et les plus jeunes sp\u00e9l\u00e9os du secteur ont sollicit\u00e9 leur m\u00e9moire pour compiler cette \u00e9criture \u00e0 plusieurs mains, jointes avec la passion de la sp\u00e9l\u00e9o et de l&#8217;aventure.<\/p>\n<p>Une belle id\u00e9e de cadeau. <a class=\"continue-reading-link\" href=\"http:\/\/cds64.org\/WordPress3\/produit\/la-verna-histoire-dune-aventure-hors-du-commun\/\">Lire la suite <span class=\"meta-nav\">&rarr; <\/span><\/a><\/p>\n","protected":false},"featured_media":1552,"template":"","meta":[],"product_brand":[],"product_cat":[31],"product_tag":[],"class_list":{"0":"post-1609","1":"product","2":"type-product","3":"status-publish","4":"has-post-thumbnail","6":"product_cat-publications","7":"product_shipping_class-envoi_postal","9":"first","10":"instock","11":"shipping-taxable","12":"purchasable","13":"product-type-simple"},"_links":{"self":[{"href":"http:\/\/cds64.org\/WordPress3\/wp-json\/wp\/v2\/product\/1609","targetHints":{"allow":["GET"]}}],"collection":[{"href":"http:\/\/cds64.org\/WordPress3\/wp-json\/wp\/v2\/product"}],"about":[{"href":"http:\/\/cds64.org\/WordPress3\/wp-json\/wp\/v2\/types\/product"}],"wp:featuredmedia":[{"embeddable":true,"href":"http:\/\/cds64.org\/WordPress3\/wp-json\/wp\/v2\/media\/1552"}],"wp:attachment":[{"href":"http:\/\/cds64.org\/WordPress3\/wp-json\/wp\/v2\/media?parent=1609"}],"wp:term":[{"taxonomy":"product_brand","embeddable":true,"href":"http:\/\/cds64.org\/WordPress3\/wp-json\/wp\/v2\/product_brand?post=1609"},{"taxonomy":"product_cat","embeddable":true,"href":"http:\/\/cds64.org\/WordPress3\/wp-json\/wp\/v2\/product_cat?post=1609"},{"taxonomy":"product_tag","embeddable":true,"href":"http:\/\/cds64.org\/WordPress3\/wp-json\/wp\/v2\/product_tag?post=1609"}],"curies":[{"name":"wp","href":"https:\/\/api.w.org\/{rel}","templated":true}]}}