{"id":98,"date":"2014-03-20T15:58:07","date_gmt":"2014-03-20T14:58:07","guid":{"rendered":"http:\/\/cds64.org\/WordPress3\/?page_id=98"},"modified":"2014-03-28T17:36:32","modified_gmt":"2014-03-28T16:36:32","slug":"speleologie","status":"publish","type":"page","link":"http:\/\/cds64.org\/WordPress3\/activites\/speleologie\/","title":{"rendered":"Sp\u00e9l\u00e9ologie"},"content":{"rendered":"<p style=\"text-align: justify;\">Les hommes ont fr\u00e9quent\u00e9 les grottes depuis la pr\u00e9histoire pour le refuge qu\u2019elles leur offraient. La curiosit\u00e9 de certains scientifiques pour le milieu souterrain a commenc\u00e9 \u00e0 exister \u00e0 partir du XVIIIe si\u00e8cle, jusqu\u2019\u00e0 E.-A. Martel, p\u00e8re fondateur de la sp\u00e9l\u00e9ologie moderne en 1888.<\/p>\n<p style=\"text-align: justify;\">La curiosit\u00e9 s\u2019est alors transform\u00e9e en v\u00e9ritable science. L\u2019\u00e9tude de la gen\u00e8se des cavit\u00e9s, des roches, de la circulation de l\u2019eau dans les terrains, de la faune cavernicole, la topographie, l\u2019arch\u00e9ologie, la protection de l\u2019environnement et bien d\u2019autres encore, sont toutes les disciplines rencontr\u00e9es sous terre.<\/p>\n<p style=\"text-align: justify;\">L\u2019histoire de la sp\u00e9l\u00e9ologie a donc une forte connotation scientifique initiale.<\/p>\n<p style=\"text-align: justify;\">Mais elle n\u2019est pas que cela.<\/p>\n<p><iframe loading=\"lazy\" src=\"\/\/www.youtube.com\/embed\/NAs1-gNcUpo\" height=\"315\" width=\"420\" allowfullscreen=\"\" frameborder=\"0\"><\/iframe><\/p>\n<p style=\"text-align: justify;\">Pour observer ce milieu si particulier, il faut parcourir des galeries accident\u00e9es et des rivi\u00e8res, escalader, descendre et remonter des puits, traverser des passages \u00e9troits, manipuler des cordes et des mousquetons, acqu\u00e9rir des techniques de progression en s\u00e9curit\u00e9. La discipline demande alors des efforts physiques, souvent intenses et longs. Le caract\u00e8re scientifique initial est alors compl\u00e9t\u00e9 par le caract\u00e8re sportif voire ludique de l\u2019activit\u00e9, sans jamais oublier un solide esprit d\u2019\u00e9quipe.<\/p>\n<p style=\"text-align: justify;\">Nul ne se plaindra d\u2019associer l\u2019utile \u00e0 l\u2019agr\u00e9able\u2026<\/p>\n<h2 style=\"text-align: justify;\">Le mat\u00e9riel du sp\u00e9l\u00e9ologue :<\/h2>\n<p style=\"text-align: center;\"><a href=\"http:\/\/cds64.org\/WordPress3\/wp-content\/uploads\/2014\/03\/get.jpg\"><img loading=\"lazy\" decoding=\"async\" class=\"size-full wp-image-99 aligncenter\" alt=\"get\" src=\"http:\/\/cds64.org\/WordPress3\/wp-content\/uploads\/2014\/03\/get.jpg\" width=\"398\" height=\"600\" srcset=\"http:\/\/cds64.org\/WordPress3\/wp-content\/uploads\/2014\/03\/get.jpg 398w, http:\/\/cds64.org\/WordPress3\/wp-content\/uploads\/2014\/03\/get-199x300.jpg 199w, http:\/\/cds64.org\/WordPress3\/wp-content\/uploads\/2014\/03\/get-99x150.jpg 99w\" sizes=\"auto, (max-width: 398px) 100vw, 398px\" \/><\/a><\/p>\n","protected":false},"excerpt":{"rendered":"<p>Les hommes ont fr\u00e9quent\u00e9 les grottes depuis la pr\u00e9histoire pour le refuge qu\u2019elles leur offraient. La curiosit\u00e9 de certains scientifiques \u2026 <a class=\"continue-reading-link\" href=\"http:\/\/cds64.org\/WordPress3\/activites\/speleologie\/\">Lire la suite <span class=\"meta-nav\">&rarr; <\/span><\/a><\/p>\n","protected":false},"author":1,"featured_media":0,"parent":96,"menu_order":1,"comment_status":"closed","ping_status":"open","template":"","meta":{"footnotes":""},"class_list":["post-98","page","type-page","status-publish","hentry"],"_links":{"self":[{"href":"http:\/\/cds64.org\/WordPress3\/wp-json\/wp\/v2\/pages\/98","targetHints":{"allow":["GET"]}}],"collection":[{"href":"http:\/\/cds64.org\/WordPress3\/wp-json\/wp\/v2\/pages"}],"about":[{"href":"http:\/\/cds64.org\/WordPress3\/wp-json\/wp\/v2\/types\/page"}],"author":[{"embeddable":true,"href":"http:\/\/cds64.org\/WordPress3\/wp-json\/wp\/v2\/users\/1"}],"replies":[{"embeddable":true,"href":"http:\/\/cds64.org\/WordPress3\/wp-json\/wp\/v2\/comments?post=98"}],"version-history":[{"count":3,"href":"http:\/\/cds64.org\/WordPress3\/wp-json\/wp\/v2\/pages\/98\/revisions"}],"predecessor-version":[{"id":316,"href":"http:\/\/cds64.org\/WordPress3\/wp-json\/wp\/v2\/pages\/98\/revisions\/316"}],"up":[{"embeddable":true,"href":"http:\/\/cds64.org\/WordPress3\/wp-json\/wp\/v2\/pages\/96"}],"wp:attachment":[{"href":"http:\/\/cds64.org\/WordPress3\/wp-json\/wp\/v2\/media?parent=98"}],"curies":[{"name":"wp","href":"https:\/\/api.w.org\/{rel}","templated":true}]}}