{"id":87,"date":"2014-03-20T15:38:31","date_gmt":"2014-03-20T14:38:31","guid":{"rendered":"http:\/\/cds64.org\/WordPress3\/?page_id=87"},"modified":"2026-01-12T16:31:58","modified_gmt":"2026-01-12T15:31:58","slug":"agenda","status":"publish","type":"page","link":"http:\/\/cds64.org\/WordPress3\/agenda\/","title":{"rendered":"Agenda"},"content":{"rendered":"<table>\n<tbody>\n<tr>\n<td colspan=\"2\" valign=\"top\">\n<h2 style=\"text-align: center;\">Calendrier des actions<\/h2>\n<h3 style=\"text-align: center;\">du Comit\u00e9 D\u00e9partemental de Sp\u00e9l\u00e9ologie des Pyr\u00e9n\u00e9es-Atlantiques<\/h3>\n<\/td>\n<\/tr>\n<\/tbody>\n<\/table>\n<p><iframe loading=\"lazy\" src=\"https:\/\/calendar.google.com\/calendar\/embed?height=650&#038;wkst=2&#038;ctz=Europe%2FParis&#038;showPrint=0&#038;src=Y2RzNjRjZHN0QGdtYWlsLmNvbQ&#038;src=NjVmYzNjNTFmMWJiMDNlZTNmNGIzYTY1MDc5MmY5YjU2ZTA5Y2U3Yzg0MjE4ZjdlNWZlMThiMWFkNTMzMzIxZEBncm91cC5jYWxlbmRhci5nb29nbGUuY29t&#038;src=OTkwNjM0MThjYzAyMTNlNzdhMTgzYmY3NmMwNWJlZTU1OTQzMzE4MjE4YzgzMTY0NGVmOTIxMmJlYTcwZWRhY0Bncm91cC5jYWxlbmRhci5nb29nbGUuY29t&#038;color=%23d50000&#038;color=%23c0ca33&#038;color=%23ad1457\" style=\"border:solid 1px #777\" width=\"1100\" height=\"650\" frameborder=\"0\" scrolling=\"no\"><\/iframe><\/p>\n","protected":false},"excerpt":{"rendered":"<p>Calendrier des actions du Comit\u00e9 D\u00e9partemental de Sp\u00e9l\u00e9ologie des Pyr\u00e9n\u00e9es-Atlantiques<\/p>\n","protected":false},"author":1,"featured_media":0,"parent":0,"menu_order":0,"comment_status":"closed","ping_status":"open","template":"","meta":{"footnotes":""},"class_list":["post-87","page","type-page","status-publish","hentry"],"_links":{"self":[{"href":"http:\/\/cds64.org\/WordPress3\/wp-json\/wp\/v2\/pages\/87","targetHints":{"allow":["GET"]}}],"collection":[{"href":"http:\/\/cds64.org\/WordPress3\/wp-json\/wp\/v2\/pages"}],"about":[{"href":"http:\/\/cds64.org\/WordPress3\/wp-json\/wp\/v2\/types\/page"}],"author":[{"embeddable":true,"href":"http:\/\/cds64.org\/WordPress3\/wp-json\/wp\/v2\/users\/1"}],"replies":[{"embeddable":true,"href":"http:\/\/cds64.org\/WordPress3\/wp-json\/wp\/v2\/comments?post=87"}],"version-history":[{"count":10,"href":"http:\/\/cds64.org\/WordPress3\/wp-json\/wp\/v2\/pages\/87\/revisions"}],"predecessor-version":[{"id":2233,"href":"http:\/\/cds64.org\/WordPress3\/wp-json\/wp\/v2\/pages\/87\/revisions\/2233"}],"wp:attachment":[{"href":"http:\/\/cds64.org\/WordPress3\/wp-json\/wp\/v2\/media?parent=87"}],"curies":[{"name":"wp","href":"https:\/\/api.w.org\/{rel}","templated":true}]}}