{"id":558,"date":"2015-01-15T11:34:45","date_gmt":"2015-01-15T10:34:45","guid":{"rendered":"http:\/\/cds64.org\/WordPress3\/?page_id=558"},"modified":"2015-01-15T11:42:58","modified_gmt":"2015-01-15T10:42:58","slug":"archeologie","status":"publish","type":"page","link":"http:\/\/cds64.org\/WordPress3\/activites\/archeologie\/","title":{"rendered":"Arch\u00e9ologie"},"content":{"rendered":"<p>Le groupe arch\u00e9o du CDS 64 participe r\u00e9guli\u00e8rement \u00e0 des \u00e9tudes arch\u00e9ologiques dans les cavit\u00e9s du D\u00e9partement. Outre les r\u00e9guli\u00e8res d\u00e9couvertes de mat\u00e9riel arch\u00e9ologique lors de\u00a0nos explorations, nous accompagnons \u00e9galement les scientifiques et chercheurs sur les sites souterrains du d\u00e9partement.<\/p>\n<div id=\"attachment_561\" style=\"width: 310px\" class=\"wp-caption aligncenter\"><a href=\"http:\/\/cds64.org\/WordPress3\/wp-content\/uploads\/2015\/01\/DSC_0028.jpg\"><img loading=\"lazy\" decoding=\"async\" aria-describedby=\"caption-attachment-561\" class=\"wp-image-561 size-medium\" src=\"http:\/\/cds64.org\/WordPress3\/wp-content\/uploads\/2015\/01\/DSC_0028-300x191.jpg\" alt=\"DSC_0028\" width=\"300\" height=\"191\" srcset=\"http:\/\/cds64.org\/WordPress3\/wp-content\/uploads\/2015\/01\/DSC_0028-300x191.jpg 300w, http:\/\/cds64.org\/WordPress3\/wp-content\/uploads\/2015\/01\/DSC_0028-600x382.jpg 600w, http:\/\/cds64.org\/WordPress3\/wp-content\/uploads\/2015\/01\/DSC_0028-1024x652.jpg 1024w, http:\/\/cds64.org\/WordPress3\/wp-content\/uploads\/2015\/01\/DSC_0028-235x150.jpg 235w, http:\/\/cds64.org\/WordPress3\/wp-content\/uploads\/2015\/01\/DSC_0028-150x95.jpg 150w\" sizes=\"auto, (max-width: 300px) 100vw, 300px\" \/><\/a><p id=\"caption-attachment-561\" class=\"wp-caption-text\">Bison peint &#8211; Grotte Etxeberri (Camou-Cihigue)<\/p><\/div>\n<p>En 2011, le\u00a0CDS 64 a pass\u00e9 une convention de partenariat avec le Service R\u00e9gional d&#8217;Arch\u00e9ologie (DRAC Aquitaine). Celle-ci\u00a0permet de mieux cibler le cadre de nos participations \u00e0 des \u00e9tudes, \u00a0de prot\u00e9ger nos donn\u00e9es et d&#8217;\u00eatre reconnus comme de v\u00e9ritables.<\/p>\n<p>La convention est visible ici :\u00a0<a href=\"http:\/\/cds64.org\/WordPress3\/wp-content\/uploads\/2015\/01\/CONVENTION-SRA-du-23-10-2012-2.pdf\" target=\"_blank\">CONVENTION SRA \/ CDS 64<\/a><\/p>\n","protected":false},"excerpt":{"rendered":"<p>Le groupe arch\u00e9o du CDS 64 participe r\u00e9guli\u00e8rement \u00e0 des \u00e9tudes arch\u00e9ologiques dans les cavit\u00e9s du D\u00e9partement. Outre les r\u00e9guli\u00e8res \u2026 <a class=\"continue-reading-link\" href=\"http:\/\/cds64.org\/WordPress3\/activites\/archeologie\/\">Lire la suite <span class=\"meta-nav\">&rarr; <\/span><\/a><\/p>\n","protected":false},"author":1,"featured_media":0,"parent":96,"menu_order":5,"comment_status":"closed","ping_status":"open","template":"","meta":{"footnotes":""},"class_list":["post-558","page","type-page","status-publish","hentry"],"_links":{"self":[{"href":"http:\/\/cds64.org\/WordPress3\/wp-json\/wp\/v2\/pages\/558","targetHints":{"allow":["GET"]}}],"collection":[{"href":"http:\/\/cds64.org\/WordPress3\/wp-json\/wp\/v2\/pages"}],"about":[{"href":"http:\/\/cds64.org\/WordPress3\/wp-json\/wp\/v2\/types\/page"}],"author":[{"embeddable":true,"href":"http:\/\/cds64.org\/WordPress3\/wp-json\/wp\/v2\/users\/1"}],"replies":[{"embeddable":true,"href":"http:\/\/cds64.org\/WordPress3\/wp-json\/wp\/v2\/comments?post=558"}],"version-history":[{"count":4,"href":"http:\/\/cds64.org\/WordPress3\/wp-json\/wp\/v2\/pages\/558\/revisions"}],"predecessor-version":[{"id":564,"href":"http:\/\/cds64.org\/WordPress3\/wp-json\/wp\/v2\/pages\/558\/revisions\/564"}],"up":[{"embeddable":true,"href":"http:\/\/cds64.org\/WordPress3\/wp-json\/wp\/v2\/pages\/96"}],"wp:attachment":[{"href":"http:\/\/cds64.org\/WordPress3\/wp-json\/wp\/v2\/media?parent=558"}],"curies":[{"name":"wp","href":"https:\/\/api.w.org\/{rel}","templated":true}]}}