{"id":332,"date":"2014-03-28T11:47:32","date_gmt":"2014-03-28T10:47:32","guid":{"rendered":"http:\/\/cds64.org\/WordPress3\/?page_id=332"},"modified":"2014-03-28T17:16:37","modified_gmt":"2014-03-28T16:16:37","slug":"listes-de-diffusion","status":"publish","type":"page","link":"http:\/\/cds64.org\/WordPress3\/membres\/listes-de-diffusion\/","title":{"rendered":"Listes de diffusion"},"content":{"rendered":"<p>&nbsp;<\/p>\n<p><strong>LISTE INFOS<\/strong><\/p>\n<p style=\"text-align: justify;\">La liste de diffusion<a href=\"mailto:infos@cds64.org\"> infos@cds64.org<\/a> permet au CDS 64 de diffuser les informations importantes aupr\u00e8s de ses f\u00e9d\u00e9r\u00e9s de mani\u00e8re r\u00e9guli\u00e8re. Cette liste est mod\u00e9r\u00e9e afin d&#8217;\u00e9viter toute forme de pollution, et ainsi conserver son int\u00earet.<\/p>\n<p style=\"text-align: justify;\">Si vous \u00eates f\u00e9d\u00e9r\u00e9 et que vous ne recevez pas les informations de cette liste de diffusion, ou si vous \u00eates f\u00e9d\u00e9r\u00e9 dans un autre d\u00e9partement et curieux de savoir ce qu&#8217;il se passe au CDS 64. Envoyez un e-mail \u00e0 <a href=\"mailto:cds64@ffspeleo.fr\">cds64@ffspeleo.fr<\/a><\/p>\n<p>&nbsp;<\/p>\n<p><strong>LISTE CANYON<\/strong><\/p>\n<p style=\"text-align: justify;\">Il \u00e9xiste \u00e9galement\u00a0une\u00a0liste\u00a0de diffusion ouverte afin de permettre aux passionn\u00e9s de canyonisme de pouvoir \u00e9changer entre eux librement.\u00a0<a href=\"mailto:canyon@cds64.org\" target=\"_blank\">canyon@cds64.org<\/a><\/p>\n<p>Pour s&#8217;inscrire, il suffit d&#8217;envoyer un email \u00e0\u00a0<a href=\"mailto:canyon-subscribe@cds64.org\" target=\"_blank\">canyon-subscribe@cds64.org<\/a><\/p>\n","protected":false},"excerpt":{"rendered":"<p>&nbsp; LISTE INFOS La liste de diffusion infos@cds64.org permet au CDS 64 de diffuser les informations importantes aupr\u00e8s de ses \u2026 <a class=\"continue-reading-link\" href=\"http:\/\/cds64.org\/WordPress3\/membres\/listes-de-diffusion\/\">Lire la suite <span class=\"meta-nav\">&rarr; <\/span><\/a><\/p>\n","protected":false},"author":1,"featured_media":0,"parent":287,"menu_order":1,"comment_status":"closed","ping_status":"open","template":"","meta":{"footnotes":""},"class_list":["post-332","page","type-page","status-publish","hentry"],"_links":{"self":[{"href":"http:\/\/cds64.org\/WordPress3\/wp-json\/wp\/v2\/pages\/332","targetHints":{"allow":["GET"]}}],"collection":[{"href":"http:\/\/cds64.org\/WordPress3\/wp-json\/wp\/v2\/pages"}],"about":[{"href":"http:\/\/cds64.org\/WordPress3\/wp-json\/wp\/v2\/types\/page"}],"author":[{"embeddable":true,"href":"http:\/\/cds64.org\/WordPress3\/wp-json\/wp\/v2\/users\/1"}],"replies":[{"embeddable":true,"href":"http:\/\/cds64.org\/WordPress3\/wp-json\/wp\/v2\/comments?post=332"}],"version-history":[{"count":5,"href":"http:\/\/cds64.org\/WordPress3\/wp-json\/wp\/v2\/pages\/332\/revisions"}],"predecessor-version":[{"id":342,"href":"http:\/\/cds64.org\/WordPress3\/wp-json\/wp\/v2\/pages\/332\/revisions\/342"}],"up":[{"embeddable":true,"href":"http:\/\/cds64.org\/WordPress3\/wp-json\/wp\/v2\/pages\/287"}],"wp:attachment":[{"href":"http:\/\/cds64.org\/WordPress3\/wp-json\/wp\/v2\/media?parent=332"}],"curies":[{"name":"wp","href":"https:\/\/api.w.org\/{rel}","templated":true}]}}