{"id":285,"date":"2014-03-25T11:01:41","date_gmt":"2014-03-25T10:01:41","guid":{"rendered":"http:\/\/cds64.org\/WordPress3\/?page_id=285"},"modified":"2026-01-06T17:32:14","modified_gmt":"2026-01-06T16:32:14","slug":"en-cas-daccident","status":"publish","type":"page","link":"http:\/\/cds64.org\/WordPress3\/membres\/en-cas-daccident\/","title":{"rendered":"En cas d&#8217;accident"},"content":{"rendered":"<h3 align=\"center\">CONDUITE \u00c0 TENIR EN CAS D&#8217;ALERTE<\/h3>\n<div align=\"justify\"><strong><strong>En cas d&#8217;alerte relative \u00e0 un accident sp\u00e9l\u00e9o, t\u00e9l\u00e9phoner par ordre de priorit\u00e9 jusqu&#8217;\u00e0 l&#8217;\u00e9tablissement d&#8217;un contact :<\/strong><\/strong><\/div>\n<ul>\n<li><strong>A un responsable local du Sp\u00e9l\u00e9o-Secours-Fran\u00e7ais<\/strong><br \/>\nJ\u00e9r\u00f4me LABAT : 06.86.53.06.61 \/ 05.40.03.99.46<br \/>\nG\u00e9rard CAZENAVE : 06.71.73.48.63 \/ 05.59.81.22.58<br \/>\nPaul DOUMENJOU : 06.81.19.29.66 \/ 05.59.39.72.39<br \/>\nDominique DOREZ : 06.83.26.76.58<br \/>\nPH FONTESPIS LHOSTE : 06.86.38.77.80 \/ 05.59.32.15.39<br \/>\nMichel LAUGA : 06.78.23.73.99 \/ 05.59.34.46.77<\/li>\n<\/ul>\n<ul>\n<li><strong>A la cellule op\u00e9rationnelle nationale du Sp\u00e9l\u00e9o-Secours-Fran\u00e7ais<\/strong><br \/>\nT\u00e9l\u00e9phoner au num\u00e9ro vert :\u00a0<strong>0800 121 123<\/strong><\/li>\n<\/ul>\n<ul>\n<li><strong>Au Centre de Traitement de l&#8217;Alerte (t\u00e9l : 112) en pr\u00e9cisant :<\/strong><br \/>\n&#8211; Qu&#8217;il s&#8217;agit d&#8217;un &#8220;accident de sp\u00e9l\u00e9ologie&#8221;<br \/>\n&#8211; Qu&#8217;il faut alerter le &#8220;Conseiller Technique&#8221;en sp\u00e9l\u00e9o-secours sur le d\u00e9partement.<\/li>\n<\/ul>\n<ul>\n<li><strong>A la gendarmerie locale (t\u00e9l : 17) en pr\u00e9cisant :<\/strong><br \/>\n&#8211; Qu&#8217;il s&#8217;agit d&#8217;un &#8220;accident de sp\u00e9l\u00e9ologie&#8221;<br \/>\n&#8211; Qu&#8217;il faut alerter le &#8220;Conseiller Technique&#8221;en sp\u00e9l\u00e9o-secours sur le d\u00e9partement.<\/li>\n<\/ul>\n<hr size=\"2\" width=\"100%\" \/>\n<p>En cas d&#8217;accident corporel, il est indispensable que l&#8217;alerte soit transmise par un t\u00e9moin direct. Il pourra ainsi r\u00e9pondre aux questions qui lui seront pos\u00e9es relatives au lieu, \u00e0 l&#8217;heure et aux circonstances de l&#8217;accident. Le message d&#8217;alerte devra \u00e9galement comporter un bilan de sant\u00e9 minimum de la victime (les six questions).<\/p>\n<div align=\"justify\">Il faut consacrer le temps n\u00e9cessaire \u00e0 la collecte et \u00e0 la r\u00e9daction des renseignements qui constituent le message d&#8217;alerte.<\/div>\n<p>A savoir :<\/p>\n<blockquote><p><strong>L&#8217;heure et les circonstances de l&#8217;accident<\/strong><br \/>\n<strong>Le bilan de l&#8217;accident\u00e9.<\/strong><\/p><\/blockquote>\n<p>Le minimum sera :<\/p>\n<blockquote>\n<ol>\n<li><strong>La victime r\u00e9pond-elle aux questions ?<\/strong><\/li>\n<li><strong>Peut-elle bouger tous ses membres ?<\/strong><\/li>\n<li><strong>Sa respiration est-elle normale ?<\/strong><\/li>\n<li><strong>Le pouls bat-il au poignet ?<\/strong><\/li>\n<li><strong>A-t-elle des blessures \u00e9videntes ?<\/strong><\/li>\n<li><strong>Est-elle en train de s&#8217;affaiblir ?<\/strong><\/li>\n<\/ol>\n<\/blockquote>\n","protected":false},"excerpt":{"rendered":"<p>CONDUITE \u00c0 TENIR EN CAS D&#8217;ALERTE En cas d&#8217;alerte relative \u00e0 un accident sp\u00e9l\u00e9o, t\u00e9l\u00e9phoner par ordre de priorit\u00e9 jusqu&#8217;\u00e0 \u2026 <a class=\"continue-reading-link\" href=\"http:\/\/cds64.org\/WordPress3\/membres\/en-cas-daccident\/\">Lire la suite <span class=\"meta-nav\">&rarr; <\/span><\/a><\/p>\n","protected":false},"author":1,"featured_media":0,"parent":287,"menu_order":0,"comment_status":"closed","ping_status":"open","template":"","meta":{"footnotes":""},"class_list":["post-285","page","type-page","status-publish","hentry"],"_links":{"self":[{"href":"http:\/\/cds64.org\/WordPress3\/wp-json\/wp\/v2\/pages\/285","targetHints":{"allow":["GET"]}}],"collection":[{"href":"http:\/\/cds64.org\/WordPress3\/wp-json\/wp\/v2\/pages"}],"about":[{"href":"http:\/\/cds64.org\/WordPress3\/wp-json\/wp\/v2\/types\/page"}],"author":[{"embeddable":true,"href":"http:\/\/cds64.org\/WordPress3\/wp-json\/wp\/v2\/users\/1"}],"replies":[{"embeddable":true,"href":"http:\/\/cds64.org\/WordPress3\/wp-json\/wp\/v2\/comments?post=285"}],"version-history":[{"count":8,"href":"http:\/\/cds64.org\/WordPress3\/wp-json\/wp\/v2\/pages\/285\/revisions"}],"predecessor-version":[{"id":2225,"href":"http:\/\/cds64.org\/WordPress3\/wp-json\/wp\/v2\/pages\/285\/revisions\/2225"}],"up":[{"embeddable":true,"href":"http:\/\/cds64.org\/WordPress3\/wp-json\/wp\/v2\/pages\/287"}],"wp:attachment":[{"href":"http:\/\/cds64.org\/WordPress3\/wp-json\/wp\/v2\/media?parent=285"}],"curies":[{"name":"wp","href":"https:\/\/api.w.org\/{rel}","templated":true}]}}