{"id":226,"date":"2014-03-24T10:35:31","date_gmt":"2014-03-24T09:35:31","guid":{"rendered":"http:\/\/cds64.org\/WordPress3\/?page_id=226"},"modified":"2023-01-21T10:12:31","modified_gmt":"2023-01-21T09:12:31","slug":"speleo-club-de-baudreix","status":"publish","type":"page","link":"http:\/\/cds64.org\/WordPress3\/les-clubs-du-departement\/speleo-club-de-baudreix\/","title":{"rendered":"Sp\u00e9l\u00e9o Club de Baudreix"},"content":{"rendered":"<p><b><a href=\"http:\/\/cds64.org\/WordPress3\/wp-content\/uploads\/2014\/03\/logo_SCB.png\"><img loading=\"lazy\" decoding=\"async\" class=\"alignright wp-image-239\" src=\"http:\/\/cds64.org\/WordPress3\/wp-content\/uploads\/2014\/03\/logo_SCB.png\" alt=\"logo_SCB\" width=\"215\" height=\"250\" \/><\/a><\/b><\/p>\n<p>Pr\u00e9sident : Jean-Charles ROUSSEL<\/p>\n<p>T\u00e9l\u00e9phone : 05.59.61.40.44<\/p>\n<p>E-mail :\u00a0<a href=\"mailto:jean-charles.roussel@wanadoo.fr\">jean-charles.roussel@wanadoo.fr<\/a><\/p>\n<p>Blog :\u00a0<a href=\"http:\/\/scbaudreix.canalblog.com\/\" target=\"_blank\" rel=\"noopener\">http:\/\/scbaudreix.canalblog.com\/<\/a><\/p>\n","protected":false},"excerpt":{"rendered":"<p>Pr\u00e9sident : Jean-Charles ROUSSEL T\u00e9l\u00e9phone : 05.59.61.40.44 E-mail :\u00a0jean-charles.roussel@wanadoo.fr Blog :\u00a0http:\/\/scbaudreix.canalblog.com\/<\/p>\n","protected":false},"author":1,"featured_media":0,"parent":162,"menu_order":10,"comment_status":"closed","ping_status":"open","template":"","meta":{"footnotes":""},"class_list":["post-226","page","type-page","status-publish","hentry"],"_links":{"self":[{"href":"http:\/\/cds64.org\/WordPress3\/wp-json\/wp\/v2\/pages\/226","targetHints":{"allow":["GET"]}}],"collection":[{"href":"http:\/\/cds64.org\/WordPress3\/wp-json\/wp\/v2\/pages"}],"about":[{"href":"http:\/\/cds64.org\/WordPress3\/wp-json\/wp\/v2\/types\/page"}],"author":[{"embeddable":true,"href":"http:\/\/cds64.org\/WordPress3\/wp-json\/wp\/v2\/users\/1"}],"replies":[{"embeddable":true,"href":"http:\/\/cds64.org\/WordPress3\/wp-json\/wp\/v2\/comments?post=226"}],"version-history":[{"count":3,"href":"http:\/\/cds64.org\/WordPress3\/wp-json\/wp\/v2\/pages\/226\/revisions"}],"predecessor-version":[{"id":2081,"href":"http:\/\/cds64.org\/WordPress3\/wp-json\/wp\/v2\/pages\/226\/revisions\/2081"}],"up":[{"embeddable":true,"href":"http:\/\/cds64.org\/WordPress3\/wp-json\/wp\/v2\/pages\/162"}],"wp:attachment":[{"href":"http:\/\/cds64.org\/WordPress3\/wp-json\/wp\/v2\/media?parent=226"}],"curies":[{"name":"wp","href":"https:\/\/api.w.org\/{rel}","templated":true}]}}