{"id":224,"date":"2014-03-24T10:34:46","date_gmt":"2014-03-24T09:34:46","guid":{"rendered":"http:\/\/cds64.org\/WordPress3\/?page_id=224"},"modified":"2023-02-04T14:16:33","modified_gmt":"2023-02-04T13:16:33","slug":"societe-de-speleologie-et-de-prehistoire-des-pyrenees-occidentales","status":"publish","type":"page","link":"http:\/\/cds64.org\/WordPress3\/les-clubs-du-departement\/societe-de-speleologie-et-de-prehistoire-des-pyrenees-occidentales\/","title":{"rendered":"Soci\u00e9t\u00e9 de Sp\u00e9l\u00e9ologie et de Pr\u00e9histoire des Pyr\u00e9n\u00e9es Occidentales"},"content":{"rendered":"<p>&nbsp;<\/p>\n<p>Pr\u00e9sidente : Virginie Leenknegt<a href=\"http:\/\/cds64.org\/WordPress3\/wp-content\/uploads\/2014\/03\/ssppo.png\"><img loading=\"lazy\" decoding=\"async\" class=\"alignright wp-image-243\" src=\"http:\/\/cds64.org\/WordPress3\/wp-content\/uploads\/2014\/03\/ssppo-1024x1007.png\" alt=\"ssppo\" width=\"200\" height=\"200\" srcset=\"http:\/\/cds64.org\/WordPress3\/wp-content\/uploads\/2014\/03\/ssppo-300x300.png 300w, http:\/\/cds64.org\/WordPress3\/wp-content\/uploads\/2014\/03\/ssppo-100x100.png 100w, http:\/\/cds64.org\/WordPress3\/wp-content\/uploads\/2014\/03\/ssppo-150x150.png 150w\" sizes=\"auto, (max-width: 200px) 100vw, 200px\" \/><\/a><\/p>\n<p>T\u00e9l\u00e9phone :\u00a0 06 85 29 46 30<\/p>\n<p style=\"text-align: left;\">E-mail : <a href=\"mailto:contact.ssppo@gmail.com\" target=\"_blank\" rel=\"noopener\">contact.ssppo@gmail.com<\/a><\/p>\n<p>Site web : <a href=\"https:\/\/ssppo.fr\" target=\"_blank\" rel=\"noopener\">www.ssppo.fr<\/a><\/p>\n<p>Blog :\u00a0<a href=\"http:\/\/ssppo.blogspot.fr\/\/\" target=\"_blank\" rel=\"noopener\">http:\/\/ssppo.blogspot.fr\/<\/a><\/p>\n","protected":false},"excerpt":{"rendered":"<p>&nbsp; Pr\u00e9sidente : Virginie Leenknegt T\u00e9l\u00e9phone :\u00a0 06 85 29 46 30 E-mail : contact.ssppo@gmail.com Site web : www.ssppo.fr Blog \u2026 <a class=\"continue-reading-link\" href=\"http:\/\/cds64.org\/WordPress3\/les-clubs-du-departement\/societe-de-speleologie-et-de-prehistoire-des-pyrenees-occidentales\/\">Lire la suite <span class=\"meta-nav\">&rarr; <\/span><\/a><\/p>\n","protected":false},"author":1,"featured_media":0,"parent":162,"menu_order":9,"comment_status":"closed","ping_status":"open","template":"","meta":{"footnotes":""},"class_list":["post-224","page","type-page","status-publish","hentry"],"_links":{"self":[{"href":"http:\/\/cds64.org\/WordPress3\/wp-json\/wp\/v2\/pages\/224","targetHints":{"allow":["GET"]}}],"collection":[{"href":"http:\/\/cds64.org\/WordPress3\/wp-json\/wp\/v2\/pages"}],"about":[{"href":"http:\/\/cds64.org\/WordPress3\/wp-json\/wp\/v2\/types\/page"}],"author":[{"embeddable":true,"href":"http:\/\/cds64.org\/WordPress3\/wp-json\/wp\/v2\/users\/1"}],"replies":[{"embeddable":true,"href":"http:\/\/cds64.org\/WordPress3\/wp-json\/wp\/v2\/comments?post=224"}],"version-history":[{"count":10,"href":"http:\/\/cds64.org\/WordPress3\/wp-json\/wp\/v2\/pages\/224\/revisions"}],"predecessor-version":[{"id":2085,"href":"http:\/\/cds64.org\/WordPress3\/wp-json\/wp\/v2\/pages\/224\/revisions\/2085"}],"up":[{"embeddable":true,"href":"http:\/\/cds64.org\/WordPress3\/wp-json\/wp\/v2\/pages\/162"}],"wp:attachment":[{"href":"http:\/\/cds64.org\/WordPress3\/wp-json\/wp\/v2\/media?parent=224"}],"curies":[{"name":"wp","href":"https:\/\/api.w.org\/{rel}","templated":true}]}}