{"id":220,"date":"2014-03-24T10:33:03","date_gmt":"2014-03-24T09:33:03","guid":{"rendered":"http:\/\/cds64.org\/WordPress3\/?page_id=220"},"modified":"2014-03-25T10:34:26","modified_gmt":"2014-03-25T09:34:26","slug":"groupe-speleo-de-la-vallee-dossau","status":"publish","type":"page","link":"http:\/\/cds64.org\/WordPress3\/les-clubs-du-departement\/groupe-speleo-de-la-vallee-dossau\/","title":{"rendered":"Groupe Sp\u00e9l\u00e9ologique de la Vall\u00e9e d&#8217;Ossau"},"content":{"rendered":"<p><img loading=\"lazy\" decoding=\"async\" class=\"alignright  wp-image-268\" alt=\"logo gsvo\" src=\"http:\/\/cds64.org\/WordPress3\/wp-content\/uploads\/2014\/03\/logo-gsvo.jpg\" width=\"200\" height=\"200\" srcset=\"http:\/\/cds64.org\/WordPress3\/wp-content\/uploads\/2014\/03\/logo-gsvo-300x300.jpg 300w, http:\/\/cds64.org\/WordPress3\/wp-content\/uploads\/2014\/03\/logo-gsvo-100x100.jpg 100w, http:\/\/cds64.org\/WordPress3\/wp-content\/uploads\/2014\/03\/logo-gsvo-150x150.jpg 150w, http:\/\/cds64.org\/WordPress3\/wp-content\/uploads\/2014\/03\/logo-gsvo-151x150.jpg 151w\" sizes=\"auto, (max-width: 200px) 100vw, 200px\" \/><\/p>\n<p>Pr\u00e9sident : Paul DOUMENJOU<\/p>\n<p>T\u00e9l\u00e9phone : 05.59.39.72.39<\/p>\n<p>E-mail :\u00a0<a href=\"mailto:paul.doumenjou@wanadoo.fr\">paul.doumenjou@wanadoo.fr<\/a><\/p>\n<p>Blog :\u00a0<a href=\"http:\/\/gsv-ossau.org\/\" target=\"_blank\">http:\/\/gsv-ossau.org\/<\/a><\/p>\n","protected":false},"excerpt":{"rendered":"<p>Pr\u00e9sident : Paul DOUMENJOU T\u00e9l\u00e9phone : 05.59.39.72.39 E-mail :\u00a0paul.doumenjou@wanadoo.fr Blog :\u00a0http:\/\/gsv-ossau.org\/<\/p>\n","protected":false},"author":1,"featured_media":0,"parent":162,"menu_order":7,"comment_status":"closed","ping_status":"open","template":"","meta":{"footnotes":""},"class_list":["post-220","page","type-page","status-publish","hentry"],"_links":{"self":[{"href":"http:\/\/cds64.org\/WordPress3\/wp-json\/wp\/v2\/pages\/220","targetHints":{"allow":["GET"]}}],"collection":[{"href":"http:\/\/cds64.org\/WordPress3\/wp-json\/wp\/v2\/pages"}],"about":[{"href":"http:\/\/cds64.org\/WordPress3\/wp-json\/wp\/v2\/types\/page"}],"author":[{"embeddable":true,"href":"http:\/\/cds64.org\/WordPress3\/wp-json\/wp\/v2\/users\/1"}],"replies":[{"embeddable":true,"href":"http:\/\/cds64.org\/WordPress3\/wp-json\/wp\/v2\/comments?post=220"}],"version-history":[{"count":6,"href":"http:\/\/cds64.org\/WordPress3\/wp-json\/wp\/v2\/pages\/220\/revisions"}],"predecessor-version":[{"id":271,"href":"http:\/\/cds64.org\/WordPress3\/wp-json\/wp\/v2\/pages\/220\/revisions\/271"}],"up":[{"embeddable":true,"href":"http:\/\/cds64.org\/WordPress3\/wp-json\/wp\/v2\/pages\/162"}],"wp:attachment":[{"href":"http:\/\/cds64.org\/WordPress3\/wp-json\/wp\/v2\/media?parent=220"}],"curies":[{"name":"wp","href":"https:\/\/api.w.org\/{rel}","templated":true}]}}