{"id":217,"date":"2014-03-24T10:31:56","date_gmt":"2014-03-24T09:31:56","guid":{"rendered":"http:\/\/cds64.org\/WordPress3\/?page_id=217"},"modified":"2024-06-04T21:12:14","modified_gmt":"2024-06-04T19:12:14","slug":"groupe-speleologique-oloronais","status":"publish","type":"page","link":"http:\/\/cds64.org\/WordPress3\/les-clubs-du-departement\/groupe-speleologique-oloronais\/","title":{"rendered":"Groupe Sp\u00e9l\u00e9ologique Oloronais"},"content":{"rendered":"<p><a href=\"http:\/\/cds64.org\/WordPress3\/wp-content\/uploads\/2022\/04\/logo_gso.png\"><img loading=\"lazy\" decoding=\"async\" class=\" wp-image-1895 alignright\" src=\"http:\/\/cds64.org\/WordPress3\/wp-content\/uploads\/2022\/04\/logo_gso.png\" alt=\"\" width=\"284\" height=\"280\" srcset=\"http:\/\/cds64.org\/WordPress3\/wp-content\/uploads\/2022\/04\/logo_gso.png 500w, http:\/\/cds64.org\/WordPress3\/wp-content\/uploads\/2022\/04\/logo_gso-300x296.png 300w, http:\/\/cds64.org\/WordPress3\/wp-content\/uploads\/2022\/04\/logo_gso-150x148.png 150w, http:\/\/cds64.org\/WordPress3\/wp-content\/uploads\/2022\/04\/logo_gso-152x150.png 152w, http:\/\/cds64.org\/WordPress3\/wp-content\/uploads\/2022\/04\/logo_gso-100x100.png 100w\" sizes=\"auto, (max-width: 284px) 100vw, 284px\" \/><\/a><\/p>\n<p>&nbsp;<\/p>\n<p>Pr\u00e9sident : Christophe Durtelle-de-Saint-Sauveur<\/p>\n<p>T\u00e9l\u00e9phone :<\/p>\n<p>E-mail : <a href=\"mailto:christophe@de-st-sauveur.com\" target=\"_blank\" rel=\"noopener\">christophe@de-st-sauveur.com<\/a><\/p>\n","protected":false},"excerpt":{"rendered":"<p>&nbsp; Pr\u00e9sident : Christophe Durtelle-de-Saint-Sauveur T\u00e9l\u00e9phone : E-mail : christophe@de-st-sauveur.com<\/p>\n","protected":false},"author":1,"featured_media":0,"parent":162,"menu_order":6,"comment_status":"closed","ping_status":"open","template":"","meta":{"footnotes":""},"class_list":["post-217","page","type-page","status-publish","hentry"],"_links":{"self":[{"href":"http:\/\/cds64.org\/WordPress3\/wp-json\/wp\/v2\/pages\/217","targetHints":{"allow":["GET"]}}],"collection":[{"href":"http:\/\/cds64.org\/WordPress3\/wp-json\/wp\/v2\/pages"}],"about":[{"href":"http:\/\/cds64.org\/WordPress3\/wp-json\/wp\/v2\/types\/page"}],"author":[{"embeddable":true,"href":"http:\/\/cds64.org\/WordPress3\/wp-json\/wp\/v2\/users\/1"}],"replies":[{"embeddable":true,"href":"http:\/\/cds64.org\/WordPress3\/wp-json\/wp\/v2\/comments?post=217"}],"version-history":[{"count":11,"href":"http:\/\/cds64.org\/WordPress3\/wp-json\/wp\/v2\/pages\/217\/revisions"}],"predecessor-version":[{"id":2108,"href":"http:\/\/cds64.org\/WordPress3\/wp-json\/wp\/v2\/pages\/217\/revisions\/2108"}],"up":[{"embeddable":true,"href":"http:\/\/cds64.org\/WordPress3\/wp-json\/wp\/v2\/pages\/162"}],"wp:attachment":[{"href":"http:\/\/cds64.org\/WordPress3\/wp-json\/wp\/v2\/media?parent=217"}],"curies":[{"name":"wp","href":"https:\/\/api.w.org\/{rel}","templated":true}]}}