{"id":215,"date":"2014-03-24T10:30:21","date_gmt":"2014-03-24T09:30:21","guid":{"rendered":"http:\/\/cds64.org\/WordPress3\/?page_id=215"},"modified":"2014-03-25T10:11:06","modified_gmt":"2014-03-25T09:11:06","slug":"groupe-speleo-des-gaves","status":"publish","type":"page","link":"http:\/\/cds64.org\/WordPress3\/les-clubs-du-departement\/groupe-speleo-des-gaves\/","title":{"rendered":"Groupe Sp\u00e9l\u00e9o des Gaves"},"content":{"rendered":"<p><b><a href=\"http:\/\/cds64.org\/WordPress3\/wp-content\/uploads\/2014\/03\/GSGaves.jpg\"><img loading=\"lazy\" decoding=\"async\" class=\"alignright  wp-image-236\" alt=\"GSGaves\" src=\"http:\/\/cds64.org\/WordPress3\/wp-content\/uploads\/2014\/03\/GSGaves.jpg\" width=\"163\" height=\"212\" srcset=\"http:\/\/cds64.org\/WordPress3\/wp-content\/uploads\/2014\/03\/GSGaves.jpg 545w, http:\/\/cds64.org\/WordPress3\/wp-content\/uploads\/2014\/03\/GSGaves-230x300.jpg 230w, http:\/\/cds64.org\/WordPress3\/wp-content\/uploads\/2014\/03\/GSGaves-115x150.jpg 115w\" sizes=\"auto, (max-width: 163px) 100vw, 163px\" \/><\/a><\/b><\/p>\n<p>Pr\u00e9sident : Mathieu RASSE<\/p>\n<p>T\u00e9l\u00e9phone : 06.76.70.10.48<\/p>\n<p>E-mail :\u00a0<a href=\"mailto:nouscontacter@gsgaves.org\">nouscontacter@gsgaves.org<\/a><\/p>\n<p>Site :\u00a0<a href=\"http:\/\/www.gsgaves.org\/\" target=\"_blank\">http:\/\/www.gsgaves.org\/<\/a><\/p>\n<p>Blog :\u00a0<a href=\"http:\/\/gsgaves.org\/dotclear2\/\" target=\"_blank\">Les aventuriers du dimanche<\/a><\/p>\n","protected":false},"excerpt":{"rendered":"<p>Pr\u00e9sident : Mathieu RASSE T\u00e9l\u00e9phone : 06.76.70.10.48 E-mail :\u00a0nouscontacter@gsgaves.org Site :\u00a0http:\/\/www.gsgaves.org\/ Blog :\u00a0Les aventuriers du dimanche<\/p>\n","protected":false},"author":1,"featured_media":0,"parent":162,"menu_order":5,"comment_status":"closed","ping_status":"open","template":"","meta":{"footnotes":""},"class_list":["post-215","page","type-page","status-publish","hentry"],"_links":{"self":[{"href":"http:\/\/cds64.org\/WordPress3\/wp-json\/wp\/v2\/pages\/215","targetHints":{"allow":["GET"]}}],"collection":[{"href":"http:\/\/cds64.org\/WordPress3\/wp-json\/wp\/v2\/pages"}],"about":[{"href":"http:\/\/cds64.org\/WordPress3\/wp-json\/wp\/v2\/types\/page"}],"author":[{"embeddable":true,"href":"http:\/\/cds64.org\/WordPress3\/wp-json\/wp\/v2\/users\/1"}],"replies":[{"embeddable":true,"href":"http:\/\/cds64.org\/WordPress3\/wp-json\/wp\/v2\/comments?post=215"}],"version-history":[{"count":3,"href":"http:\/\/cds64.org\/WordPress3\/wp-json\/wp\/v2\/pages\/215\/revisions"}],"predecessor-version":[{"id":263,"href":"http:\/\/cds64.org\/WordPress3\/wp-json\/wp\/v2\/pages\/215\/revisions\/263"}],"up":[{"embeddable":true,"href":"http:\/\/cds64.org\/WordPress3\/wp-json\/wp\/v2\/pages\/162"}],"wp:attachment":[{"href":"http:\/\/cds64.org\/WordPress3\/wp-json\/wp\/v2\/media?parent=215"}],"curies":[{"name":"wp","href":"https:\/\/api.w.org\/{rel}","templated":true}]}}