{"id":2136,"date":"2025-01-27T12:17:35","date_gmt":"2025-01-27T11:17:35","guid":{"rendered":"http:\/\/cds64.org\/WordPress3\/?page_id=2136"},"modified":"2025-02-12T12:50:15","modified_gmt":"2025-02-12T11:50:15","slug":"docs-ag-2024","status":"publish","type":"page","link":"http:\/\/cds64.org\/WordPress3\/docs-ag-2024\/","title":{"rendered":"Docs AG 2024"},"content":{"rendered":"<p>Tenu AG et repr\u00e9sentants :<br \/>\nArticle 8 \u2013 Composition \u2013 Attributions \u2013 Convocation<br \/>\nL\u2019Assembl\u00e9e G\u00e9n\u00e9rale se compose des repr\u00e9sentants, pr\u00e9sents ou repr\u00e9sent\u00e9s, \u00e9lus pour 4 ans par les associations ainsi<br \/>\nque ceux du \u00ab coll\u00e8ge des \u00e9tablissements \u00bb et du \u00ab coll\u00e8ge des individuels \u00bb. Ces repr\u00e9sentants doivent \u00eatre licenci\u00e9s \u00e0 la<br \/>\nFFS.<\/p>\n<p>Le Conseil d\u2019Administration ne d\u00e9lib\u00e8re valablement que si<strong> le tiers au moins de ses membres est pr\u00e9sent ou repr\u00e9sent\u00e9.<br \/>\n<\/strong>L\u2019Assembl\u00e9e G\u00e9n\u00e9rale ne d\u00e9lib\u00e8re valablement que si <strong>la moiti\u00e9 au moins de ses membres est pr\u00e9sente ou repr\u00e9sent\u00e9e<\/strong>.<\/p>\n<p>Nombre de licenci\u00e9s en 2024 : 182 + 1 individuel = 183<br \/>\nNombre de repr\u00e9sentants, licenci\u00e9s 2025 : 26 (28 si ASCT f\u00e9d\u00e9r\u00e9)<br \/>\nQuorum 50 % : 13 (14 si ACST f\u00e9d\u00e9r\u00e9)<\/p>\n<p>Chaque repr\u00e9sentant dispose d\u2019une voix. Le nombre de repr\u00e9sentants est d\u00e9termin\u00e9 en fonction du nombre de licences d\u00e9livr\u00e9es dans chaque association ou coll\u00e8ge selon le bar\u00e8me suivant :<\/p>\n<p>de 2 \u00e0 5 licences = 1 repr\u00e9sentant\u00a0 (Baudreix &amp; GSG)<br \/>\nde 6 \u00e0 10 licences = 2 repr\u00e9sentants (ARSIP &amp; ACST)<br \/>\nde 11 \u00e0 20 licences = 3 repr\u00e9sentants (Rigalou)<br \/>\nde 21 \u00e0 30 licences = 4 repr\u00e9sentants (GSO, GSVO &amp; SSPPO)<br \/>\nde 31 \u00e0 40 licences = 5 repr\u00e9sentants<br \/>\nAu-del\u00e0 de 40 licences = 6 repr\u00e9sentants (Leize Mendi)<br \/>\nCas particulier d&#8217;un membre f\u00e9d\u00e9r\u00e9 individuel dans le 64 = 1 repr\u00e9sentant<\/p>\n<table width=\"945\">\n<tbody>\n<tr>\n<td width=\"131\">\u00a0 \u00a0\u00a0\u00a0\u00a0\u00a0\u00a0&#8220;Code FFS&#8221;<\/td>\n<td width=\"263\">Clubs<\/td>\n<td width=\"98\">Total licenci\u00e9s<\/td>\n<td width=\"104\">Repr\u00e9sentants<\/td>\n<td colspan=\"2\" width=\"350\">Pr\u00e9sident d\u00e9clar\u00e9<\/td>\n<\/tr>\n<tr>\n<td width=\"131\">G64-003-000<\/td>\n<td width=\"263\">LEIZE\u00a0MENDI<\/td>\n<td width=\"98\">61<\/td>\n<td width=\"104\">6<\/td>\n<td width=\"227\">krystofhaj@gmail.com<\/td>\n<td width=\"123\"><\/td>\n<\/tr>\n<tr>\n<td width=\"131\">G64-005-000<\/td>\n<td width=\"263\">SP\u00c9L\u00c9O CLUB BAUDREIX<\/td>\n<td width=\"98\">3<\/td>\n<td width=\"104\">1<\/td>\n<td width=\"227\">jean-charles.roussel@wanadoo.fr<\/td>\n<td width=\"123\"><\/td>\n<\/tr>\n<tr>\n<td width=\"131\">G64-011-000<\/td>\n<td width=\"263\">G S VALL\u00c9E D&#8217;OSSAU<\/td>\n<td width=\"98\">26<\/td>\n<td width=\"104\">4<\/td>\n<td width=\"227\">paul.doumenjou@wanadoo.fr<\/td>\n<td width=\"123\"><\/td>\n<\/tr>\n<tr>\n<td width=\"131\">G64-012-000<\/td>\n<td width=\"263\">G S OLORONAIS<\/td>\n<td width=\"98\">30<\/td>\n<td width=\"104\">4<\/td>\n<td width=\"227\">christophe@de-st-sauveur.com<\/td>\n<td width=\"123\"><\/td>\n<\/tr>\n<tr>\n<td width=\"131\">G64-013-000<\/td>\n<td width=\"263\">S S P P O<\/td>\n<td width=\"98\">26<\/td>\n<td width=\"104\">4<\/td>\n<td width=\"227\">contact.ssppo@gmail.com<\/td>\n<td width=\"123\"><\/td>\n<\/tr>\n<tr>\n<td width=\"131\">G64-015-000<\/td>\n<td width=\"263\">G\u00a0S\u00a0DES\u00a0GAVES<\/td>\n<td width=\"98\">5<\/td>\n<td width=\"104\">1<\/td>\n<td width=\"227\">nouscontacter@gsgaves.org<\/td>\n<td width=\"123\"><\/td>\n<\/tr>\n<tr>\n<td width=\"131\">G64-017-000<\/td>\n<td width=\"263\">A R S I P<\/td>\n<td width=\"98\">9<\/td>\n<td width=\"104\">2<\/td>\n<td width=\"227\">serge.puisais@orange.fr<\/td>\n<td width=\"123\"><\/td>\n<\/tr>\n<tr>\n<td width=\"131\">G64-021-000<\/td>\n<td width=\"263\">A S C T &#8211; SECTION DESCENTE DE CANYON<\/td>\n<td width=\"98\">6<\/td>\n<td width=\"104\">2<\/td>\n<td width=\"227\">yohan.toque@orange.fr<\/td>\n<td width=\"123\"><\/td>\n<\/tr>\n<tr>\n<td width=\"131\">G64-023-000<\/td>\n<td width=\"263\">RIGALOU<\/td>\n<td width=\"98\">16<\/td>\n<td width=\"104\">3<\/td>\n<td width=\"227\">rigalou.ffs@gmail.com<\/td>\n<td width=\"123\"><\/td>\n<\/tr>\n<tr>\n<td width=\"131\">G64-023-000<\/td>\n<td width=\"263\">Individuel<\/td>\n<td width=\"98\">1<\/td>\n<td width=\"104\">1<\/td>\n<td width=\"227\">&#8211;<\/td>\n<td width=\"123\"><\/td>\n<\/tr>\n<\/tbody>\n<\/table>\n<p><a href=\"http:\/\/cds64.org\/WordPress3\/wp-content\/uploads\/2025\/01\/Avens-2024.png\"><img loading=\"lazy\" decoding=\"async\" class=\"alignnone size-full wp-image-2143\" src=\"http:\/\/cds64.org\/WordPress3\/wp-content\/uploads\/2025\/01\/Avens-2024.png\" alt=\"\" width=\"1920\" height=\"1032\" srcset=\"http:\/\/cds64.org\/WordPress3\/wp-content\/uploads\/2025\/01\/Avens-2024.png 1920w, http:\/\/cds64.org\/WordPress3\/wp-content\/uploads\/2025\/01\/Avens-2024-300x161.png 300w, http:\/\/cds64.org\/WordPress3\/wp-content\/uploads\/2025\/01\/Avens-2024-768x413.png 768w, http:\/\/cds64.org\/WordPress3\/wp-content\/uploads\/2025\/01\/Avens-2024-1024x550.png 1024w, http:\/\/cds64.org\/WordPress3\/wp-content\/uploads\/2025\/01\/Avens-2024-600x323.png 600w, http:\/\/cds64.org\/WordPress3\/wp-content\/uploads\/2025\/01\/Avens-2024-150x81.png 150w, http:\/\/cds64.org\/WordPress3\/wp-content\/uploads\/2025\/01\/Avens-2024-250x134.png 250w\" sizes=\"auto, (max-width: 1920px) 100vw, 1920px\" \/><\/a><\/p>\n<p><strong>Repr\u00e9sentants des clubs (non membres du bureau du CDSC) :<\/strong><\/p>\n<p>Leize Mendi : 6 : Iban Duinat ; Jean Louis Dabenne ; Darioush Rahami ; Christophe Hajduk ; Adeline Beillerot <a href=\"http:\/\/cds64.org\/WordPress3\/wp-content\/uploads\/2025\/02\/Procutation-AG-Adeline-Beillerot.docx\" target=\"_blank\" rel=\"noopener\">(procuration port\u00e9e par Jean Louis Dab\u00e8ne)<\/a> ; Laurent Dalet <a href=\"http:\/\/cds64.org\/WordPress3\/wp-content\/uploads\/2025\/02\/Procuration-Laurent-Dalet.pdf\">(procuration port\u00e9e par Iban Duinat)<\/a><\/p>\n<p>SC Baudreix : 1 : Jean Charles Roussel<\/p>\n<p>GSVO : 4 :\u00a0Nicolas TERRIER ;\u00a0Brigitte CHOZE ;\u00a0<a href=\"http:\/\/cds64.org\/WordPress3\/wp-content\/uploads\/2025\/02\/Procutation-AG2025-Joel-COUCOURRON.pdf\">Jo\u00ebl COUCOURON (procuration port\u00e9e par Paul Doumenjou)<\/a> ; Paul\u00a0DOUMENJOU<\/p>\n<p>GSO : 4 :\u00a0Godard Jean Fran\u00e7ois (<a href=\"http:\/\/cds64.org\/WordPress3\/wp-content\/uploads\/2025\/02\/Procuration-JFG-DC.pdf\" target=\"_blank\" rel=\"noopener\">procuration port\u00e9e par Christophe Durtelle<\/a>) ;\u00a0Gastereguy Christine ;\u00a0Durtelle Martine ;\u00a0Durtelle Christophe<\/p>\n<p>SSPPO : 4 : G\u00e9rard Cazenave &#8211; Emmanuel Tixier &#8211; \u00c9ric De Valicourt &#8211; 1 <a href=\"http:\/\/cds64.org\/WordPress3\/wp-content\/uploads\/2025\/01\/Procutation-AG-Audrey-Quentin-.pdf\" target=\"_blank\" rel=\"noopener\">procuration (Audrey Quentin<\/a> port\u00e9e par \u00c9ric de Valicourt)<\/p>\n<p>GSG : 1 :\u00a0Jacques Kerdaffrec<\/p>\n<p>ARSIP : 2 : Serge Puisais ; Marie Claude Douat<\/p>\n<p>ASCT : 2 :<\/p>\n<p>Rigalou : 3 : Lucie Dal Soglio &#8211; Samuel Maysonnave &#8211; 1 <a href=\"http:\/\/cds64.org\/WordPress3\/wp-content\/uploads\/2025\/01\/Procuration-Luis-de-Pazis-Rigalou-AG.pdf\" target=\"_blank\" rel=\"noopener\">procuration (Louis de Pazzis<\/a> port\u00e9e par Lucie)<\/p>\n<p>Individuel : 1 : Dominique Dorez<\/p>\n<p>Grand \u00e9lecteur AG FF Sp\u00e9l\u00e9o : Marie Christine Delmasure (Kitou) ?<\/p>\n<p>Grands \u00e9lecteurs AG CSR-NA :\u00a0Marie-Claude DOUAT ;\u00a0Christine GAST\u00c9R\u00c9GUY ;\u00a0Serge PLAN\u00c8S ;\u00a0Michel DOUAT ;\u00a0J\u00e9r\u00f4me LABAT ;\u00a0Yves BRAMOULL\u00c9 ;\u00a0Marie-Jos\u00e9 LHUILLIER ;\u00a0Christian GIRAULT<br \/>\n<strong>Il en faut un neuvi\u00e8me !<\/strong><\/p>\n<p>Documents et rapports :<\/p>\n<p><a href=\"http:\/\/cds64.org\/WordPress3\/wp-content\/uploads\/2025\/01\/CR-de-lASSEMBL\u00c9E-G\u00c9N\u00c9RALE-DU-CDSC-64-2023-03-F\u00e9vrier-2024-termin\u00e9e-Licq-Ath\u00e9rey.pdf\" target=\"_blank\" rel=\"noopener\">Compte-rendu de l&#8217;AG 2023 du 3 f\u00e9vrier 2024<\/a>.<\/p>\n<p><a href=\"http:\/\/cds64.org\/WordPress3\/wp-content\/uploads\/2025\/02\/Rapport-moral-2024.pdf\" target=\"_blank\" rel=\"noopener\">Rapport moral du Pr\u00e9sident&#8230;<\/a><\/p>\n<p><a style=\"color: #ff4b33;\" href=\"http:\/\/cds64.org\/WordPress3\/wp-content\/uploads\/2025\/02\/Rapport-Financier-DEFINITIF.pdf\" target=\"_blank\" rel=\"noopener\">Rapport financier d\u00e9finitif&#8230;<\/a><\/p>\n<p><a href=\"http:\/\/cds64.org\/WordPress3\/wp-content\/uploads\/2025\/02\/Budget-Pr\u00e9visionnel-DEFINITIF.pdf\" target=\"_blank\" rel=\"noopener\">Budget pr\u00e9visionnel d\u00e9finitif&#8230;<\/a><\/p>\n<p><a href=\"http:\/\/cds64.org\/WordPress3\/wp-content\/uploads\/2025\/02\/Rapport-v\u00e9rificateur-aux-comptes-2024.pdf\" target=\"_blank\" rel=\"noopener\">Rapport d&#8217;un v\u00e9rificateur aux comptes&#8230;<\/a><\/p>\n<p><a href=\"http:\/\/cds64.org\/WordPress3\/wp-content\/uploads\/2025\/01\/CR-activit\u00e9-CDST-V0-annexes.pdf\">CR 2024 du CDST&#8230;<\/a><\/p>\n<p><a href=\"http:\/\/cds64.org\/WordPress3\/wp-content\/uploads\/2025\/01\/ARSIP-CR-activit\u00e9s-2024.pdf\">ARSIP &#8211; CR activit\u00e9s 2024&#8230;.<\/a><\/p>\n<p><a href=\"http:\/\/cds64.org\/WordPress3\/wp-content\/uploads\/2025\/01\/ARSIP-CR-explos-2024.pdf\">ARSIP CR explos 2024&#8230;<\/a><\/p>\n<p><a href=\"http:\/\/cds64.org\/WordPress3\/wp-content\/uploads\/2025\/01\/ARSIP-2024-CR-tyro-flamme-olympique.pdf\">ARSIP CR tyro flamme olympique&#8230;<\/a><\/p>\n<p><a href=\"http:\/\/cds64.org\/WordPress3\/wp-content\/uploads\/2025\/01\/ARSIP-2024-R\u00e9alisation-de-la-mise-en-s\u00e9curit\u00e9-du-gouffre-Lonn\u00e9-Peyret.pdf\">ARSIP Mise en s\u00e9curit\u00e9 Lonn\u00e9 Peyret&#8230;<\/a><\/p>\n<p><a href=\"http:\/\/cds64.org\/WordPress3\/wp-content\/uploads\/2025\/01\/Rapport-activit\u00e9-Leize-Mendi.pdf\">Leize Mendi CR activit\u00e9 2024&#8230;<\/a><\/p>\n<p><a href=\"http:\/\/cds64.org\/WordPress3\/wp-content\/uploads\/2025\/02\/GSO-2024-bilan-activit\u00e9s.pdf\" target=\"_blank\" rel=\"noopener\">GSO Compte-rendu d&#8217;activit\u00e9 2024&#8230;<\/a><\/p>\n<p><a href=\"http:\/\/cds64.org\/WordPress3\/wp-content\/uploads\/2025\/02\/La-Verna-AG-CDSC64-08-02-2025.pdf\" target=\"_blank\" rel=\"noopener\">La Verna &#8211; Rapport 2024&#8230;<\/a><\/p>\n<p><a href=\"http:\/\/cds64.org\/WordPress3\/wp-content\/uploads\/2025\/02\/CR-commission-plong\u00e9e-sout-2024.pdf\" target=\"_blank\" rel=\"noopener\">Commission Plong\u00e9e Sout &#8211; Rapport 2024&#8230;.<\/a><\/p>\n<p><a href=\"http:\/\/cds64.org\/WordPress3\/wp-content\/uploads\/2025\/02\/CR-Cosci-CDSC-64-annexes-_compressed-pour-AG.pdf\" target=\"_blank\" rel=\"noopener\">Rapport 2024 Commission Scientifique Environnement&#8230;<\/a><\/p>\n<p><a href=\"http:\/\/cds64.org\/WordPress3\/wp-content\/uploads\/2025\/02\/Proposition-de-sentier-karstique-sur-Arudy-Mai-2022-V2.pdf\" target=\"_blank\" rel=\"noopener\">Projet Sentier Karstique&#8230;<\/a><\/p>\n","protected":false},"excerpt":{"rendered":"<p>Tenu AG et repr\u00e9sentants : Article 8 \u2013 Composition \u2013 Attributions \u2013 Convocation L\u2019Assembl\u00e9e G\u00e9n\u00e9rale se compose des repr\u00e9sentants, pr\u00e9sents \u2026 <a class=\"continue-reading-link\" href=\"http:\/\/cds64.org\/WordPress3\/docs-ag-2024\/\">Lire la suite <span class=\"meta-nav\">&rarr; <\/span><\/a><\/p>\n","protected":false},"author":2,"featured_media":0,"parent":0,"menu_order":0,"comment_status":"closed","ping_status":"closed","template":"","meta":{"footnotes":""},"class_list":["post-2136","page","type-page","status-publish","hentry"],"_links":{"self":[{"href":"http:\/\/cds64.org\/WordPress3\/wp-json\/wp\/v2\/pages\/2136","targetHints":{"allow":["GET"]}}],"collection":[{"href":"http:\/\/cds64.org\/WordPress3\/wp-json\/wp\/v2\/pages"}],"about":[{"href":"http:\/\/cds64.org\/WordPress3\/wp-json\/wp\/v2\/types\/page"}],"author":[{"embeddable":true,"href":"http:\/\/cds64.org\/WordPress3\/wp-json\/wp\/v2\/users\/2"}],"replies":[{"embeddable":true,"href":"http:\/\/cds64.org\/WordPress3\/wp-json\/wp\/v2\/comments?post=2136"}],"version-history":[{"count":33,"href":"http:\/\/cds64.org\/WordPress3\/wp-json\/wp\/v2\/pages\/2136\/revisions"}],"predecessor-version":[{"id":2203,"href":"http:\/\/cds64.org\/WordPress3\/wp-json\/wp\/v2\/pages\/2136\/revisions\/2203"}],"wp:attachment":[{"href":"http:\/\/cds64.org\/WordPress3\/wp-json\/wp\/v2\/media?parent=2136"}],"curies":[{"name":"wp","href":"https:\/\/api.w.org\/{rel}","templated":true}]}}