{"id":1944,"date":"2022-06-30T19:00:47","date_gmt":"2022-06-30T17:00:47","guid":{"rendered":"http:\/\/cds64.org\/WordPress3\/?page_id=1944"},"modified":"2022-09-14T14:42:28","modified_gmt":"2022-09-14T12:42:28","slug":"alienor-2022","status":"publish","type":"page","link":"http:\/\/cds64.org\/WordPress3\/alienor-2022\/","title":{"rendered":"Ali\u00e9nor 2022"},"content":{"rendered":"<h1>Sixi\u00e8me rassemblement des sp\u00e9l\u00e9ologues et canyonistes de Nouvelle-Aquitaine \u00e0 ARETTE (Pyr\u00e9n\u00e9es-Atlantiques) du 23 au 26 septembre 2022.<\/h1>\n<p style=\"text-align: center;\"><a href=\"http:\/\/cds64.org\/WordPress3\/mise-en-bouche-alienor-2022\">VOIR LA MISE EN BOUCHE&#8230;<\/a><\/p>\n<p style=\"text-align: center;\"><a href=\"http:\/\/cds64.org\/WordPress3\/alienor-les-sites\/\">VOIR LES CAVIT\u00c9S PROPOS\u00c9ES&#8230;<\/a><\/p>\n<p style=\"text-align: center;\"><a href=\"http:\/\/cds64.org\/WordPress3\/wp-content\/uploads\/2022\/09\/Info_Quebrantahuesos.pdf\" target=\"_blank\" rel=\"noopener\">RESTRICTIONS DE CIRCULATION LE 24 SEPTEMBRE &#8211; INFO DE DERNI\u00c8RE MINUTE<\/a><\/p>\n<div id=\"attachment_2038\" style=\"width: 628px\" class=\"wp-caption alignnone\"><a href=\"http:\/\/cds64.org\/WordPress3\/wp-content\/uploads\/2022\/09\/Restrictions-de-circulation.png\"><img loading=\"lazy\" decoding=\"async\" aria-describedby=\"caption-attachment-2038\" class=\"wp-image-2038 size-full\" src=\"http:\/\/cds64.org\/WordPress3\/wp-content\/uploads\/2022\/09\/Restrictions-de-circulation.png\" alt=\"\" width=\"618\" height=\"874\" srcset=\"http:\/\/cds64.org\/WordPress3\/wp-content\/uploads\/2022\/09\/Restrictions-de-circulation.png 618w, http:\/\/cds64.org\/WordPress3\/wp-content\/uploads\/2022\/09\/Restrictions-de-circulation-212x300.png 212w, http:\/\/cds64.org\/WordPress3\/wp-content\/uploads\/2022\/09\/Restrictions-de-circulation-600x849.png 600w, http:\/\/cds64.org\/WordPress3\/wp-content\/uploads\/2022\/09\/Restrictions-de-circulation-106x150.png 106w\" sizes=\"auto, (max-width: 618px) 100vw, 618px\" \/><\/a><p id=\"caption-attachment-2038\" class=\"wp-caption-text\">ATTENTION &#8211; INFO DE DERNI\u00c8RE MINUTE &#8211; restrictions de circulation<\/p><\/div>\n<ul>\n<li>Programme d\u00e9taill\u00e9, et liste des cavit\u00e9s \u00e9quip\u00e9es pour l\u2019occasion&#8230;<\/li>\n<li>Les r\u00e9servations sont possibles jusqu\u2019au 18 septembre 2022 dernier d\u00e9lai&#8230;<\/li>\n<li>Inscription obligatoire et par personne via\u00a0le lien suivant\u00a0:<\/li>\n<\/ul>\n<p><a href=\"https:\/\/www.helloasso.com\/associations\/comite-speleologique-regional-de-nouvelle-aquitaine\/evenements\/journees-alienor-2022-a-arette-64\" target=\"_blank\" rel=\"noopener\">https:\/\/www.helloasso.com\/associations\/comite-speleologique-regional-de-nouvelle-aquitaine\/evenements\/journees-alienor-2022-a-arette-64<\/a><\/p>\n<p>&nbsp;<\/p>\n<p><strong>L\u2019Accueil<\/strong> se tiendra \u00e0 partir de 12 h le vendredi 23 septembre et jusqu\u2019\u00e0 13h le lundi 26 septembre, \u00e0 la salle des f\u00eates d\u2019Arette (au centre du village, pr\u00e8s de la mairie).<\/p>\n<ul>\n<li>\u00a0\u00c0 votre arriv\u00e9e, il vous sera remis une pochette de bienvenue et vous pourrez vous inscrire aux diff\u00e9rentes activit\u00e9s propos\u00e9es.<\/li>\n<li>Pour la visite en autonomie des cavit\u00e9s \u00e9quip\u00e9es, un planning sera \u00e9tabli afin d\u2019\u00e9viter une trop forte affluence \u00e0 certains moments. Les inscriptions se feront par ordre d\u2019arriv\u00e9e.<\/li>\n<li>Vous trouverez \u00e0 l\u2019accueil les fiches descriptives et les indications d\u2019acc\u00e8s, ainsi qu\u2019une assistance par des sp\u00e9l\u00e9ologues\/canyonistes connaissant les sites.<\/li>\n<\/ul>\n<p><a href=\"http:\/\/cds64.org\/WordPress3\/wp-content\/uploads\/2022\/09\/Plan-Arette-Ali\u00e9nor.png\"><img loading=\"lazy\" decoding=\"async\" class=\"alignnone wp-image-2040 size-full\" src=\"http:\/\/cds64.org\/WordPress3\/wp-content\/uploads\/2022\/09\/Plan-Arette-Ali\u00e9nor.png\" alt=\"\" width=\"1166\" height=\"875\" srcset=\"http:\/\/cds64.org\/WordPress3\/wp-content\/uploads\/2022\/09\/Plan-Arette-Ali\u00e9nor.png 1166w, http:\/\/cds64.org\/WordPress3\/wp-content\/uploads\/2022\/09\/Plan-Arette-Ali\u00e9nor-300x225.png 300w, http:\/\/cds64.org\/WordPress3\/wp-content\/uploads\/2022\/09\/Plan-Arette-Ali\u00e9nor-768x576.png 768w, http:\/\/cds64.org\/WordPress3\/wp-content\/uploads\/2022\/09\/Plan-Arette-Ali\u00e9nor-1024x768.png 1024w, http:\/\/cds64.org\/WordPress3\/wp-content\/uploads\/2022\/09\/Plan-Arette-Ali\u00e9nor-600x450.png 600w, http:\/\/cds64.org\/WordPress3\/wp-content\/uploads\/2022\/09\/Plan-Arette-Ali\u00e9nor-150x113.png 150w, http:\/\/cds64.org\/WordPress3\/wp-content\/uploads\/2022\/09\/Plan-Arette-Ali\u00e9nor-200x150.png 200w\" sizes=\"auto, (max-width: 1166px) 100vw, 1166px\" \/><\/a><\/p>\n<p>&nbsp;<\/p>\n<hr \/>\n<p>L\u2019inscription aux Journ\u00e9es vous donne acc\u00e8s aux cavit\u00e9s \u00e9quip\u00e9es, \u00e0 l\u2019ensemble des expositions et conf\u00e9rences, aux stands des vendeurs de mat\u00e9riels ainsi qu\u2019\u00e0 l\u2019ap\u00e9ritif qui sera servi le samedi aux environs de 19h00.<\/p>\n<p>En revanche, l<strong>\u2019inscription ne comprend pas le repas de samedi soir<\/strong> au tarif de 18 \u20ac par personne, qui est \u00e0 r\u00e9server en option (nombre de places limit\u00e9 \u00e0 140).<\/p>\n<p>&nbsp;<\/p>\n<p><strong>L\u2019h\u00e9bergement<\/strong>\u00a0n\u2019est pas assur\u00e9 par l\u2019organisation et reste \u00e0 votre charge. Nous vous conseillons de r\u00e9server\u00a0<strong>au Camping d&#8217;ARETTE<\/strong>, qui restera exceptionnellement ouvert jusqu&#8217;au 26 septembre pour vous accueillir.<\/p>\n<p>Il est situ\u00e9 dans le village, au bord de la rivi\u00e8re, dans un tr\u00e8s bel environnement, \u00e0 quelques minutes \u00e0 pieds du lieu du rassemblement et des commerces.<\/p>\n<p>Vous y trouverez des bungalows et des emplacements pour tentes et camping-cars, mais aussi des tentes collectives ou \u00e9co-lodges r\u00e9cemment install\u00e9s par St\u00e9phane et Micka\u00ebl, les g\u00e9rants du camping. Contactez-les rapidement au\u00a0<strong>06 83 63 32 53<\/strong>.<\/p>\n<p>&nbsp;<\/p>\n<p><strong>Remplissez attentivement le formulaire HelloAsso en veillant bien \u00e0 cocher toutes les options que vous souhaitez retenir. Le paiement se fait par carte bancaire.<\/strong><\/p>\n<p><strong>Lien vers le site Hello Asso\u00a0:<\/strong><\/p>\n<p><a href=\"https:\/\/www.helloasso.com\/associations\/comite-speleologique-regional-de-nouvelle-aquitaine\/evenements\/journees-alienor-2022-a-arette-64\">https:\/\/www.helloasso.com\/associations\/comite-speleologique-regional-de-nouvelle-aquitaine\/evenements\/journees-alienor-2022-a-arette-64<\/a><\/p>\n<p><strong>Si vous avez besoin d\u2019autres informations, vous pouvez nous contacter \u00e0 l\u2019adresse suivante\u00a0: <\/strong><a href=\"mailto:alienor2022@cds64.org\" target=\"_blank\" rel=\"noopener\">alienor2022@cds64.org<\/a><\/p>\n<p><strong><em>Les Journ\u00e9es Ali\u00e9nor 2022 sont une action du Comit\u00e9 Sp\u00e9l\u00e9ologique R\u00e9gional de Nouvelle-Aquitaine (CSRNA) qui en a confi\u00e9 l&#8217;organisation au Comit\u00e9 D\u00e9partemental de Sp\u00e9l\u00e9ologie et de Canyonisme des Pyr\u00e9n\u00e9es-Atlantiques (CDSC 64).<\/em><\/strong><\/p>\n","protected":false},"excerpt":{"rendered":"<p>Sixi\u00e8me rassemblement des sp\u00e9l\u00e9ologues et canyonistes de Nouvelle-Aquitaine \u00e0 ARETTE (Pyr\u00e9n\u00e9es-Atlantiques) du 23 au 26 septembre 2022. VOIR LA MISE \u2026 <a class=\"continue-reading-link\" href=\"http:\/\/cds64.org\/WordPress3\/alienor-2022\/\">Lire la suite <span class=\"meta-nav\">&rarr; <\/span><\/a><\/p>\n","protected":false},"author":2,"featured_media":0,"parent":0,"menu_order":0,"comment_status":"closed","ping_status":"closed","template":"templates\/template-onecolumn.php","meta":{"footnotes":""},"class_list":["post-1944","page","type-page","status-publish","hentry"],"_links":{"self":[{"href":"http:\/\/cds64.org\/WordPress3\/wp-json\/wp\/v2\/pages\/1944","targetHints":{"allow":["GET"]}}],"collection":[{"href":"http:\/\/cds64.org\/WordPress3\/wp-json\/wp\/v2\/pages"}],"about":[{"href":"http:\/\/cds64.org\/WordPress3\/wp-json\/wp\/v2\/types\/page"}],"author":[{"embeddable":true,"href":"http:\/\/cds64.org\/WordPress3\/wp-json\/wp\/v2\/users\/2"}],"replies":[{"embeddable":true,"href":"http:\/\/cds64.org\/WordPress3\/wp-json\/wp\/v2\/comments?post=1944"}],"version-history":[{"count":11,"href":"http:\/\/cds64.org\/WordPress3\/wp-json\/wp\/v2\/pages\/1944\/revisions"}],"predecessor-version":[{"id":2042,"href":"http:\/\/cds64.org\/WordPress3\/wp-json\/wp\/v2\/pages\/1944\/revisions\/2042"}],"wp:attachment":[{"href":"http:\/\/cds64.org\/WordPress3\/wp-json\/wp\/v2\/media?parent=1944"}],"curies":[{"name":"wp","href":"https:\/\/api.w.org\/{rel}","templated":true}]}}