{"id":170,"date":"2014-03-21T14:33:40","date_gmt":"2014-03-21T13:33:40","guid":{"rendered":"http:\/\/cds64.org\/WordPress3\/?page_id=170"},"modified":"2014-03-25T10:09:18","modified_gmt":"2014-03-25T09:09:18","slug":"caf-section-speleo","status":"publish","type":"page","link":"http:\/\/cds64.org\/WordPress3\/les-clubs-du-departement\/caf-section-speleo\/","title":{"rendered":"Club Alpin Fran\u00e7ais de Pau &#8211; section sp\u00e9l\u00e9o"},"content":{"rendered":"<p><b>\u00a0<\/b><\/p>\n<p><b><\/b>Correspondant FFS : Fran\u00e7ois DEMIGUEL<\/p>\n<p><img loading=\"lazy\" decoding=\"async\" class=\"alignright size-full wp-image-235\" alt=\"caf pau\" src=\"http:\/\/cds64.org\/WordPress3\/wp-content\/uploads\/2014\/03\/caf-pau.gif\" width=\"400\" height=\"55\" \/><\/p>\n<p>T\u00e9l\u00e9phone : 06.70.63.43.10<\/p>\n<p>E-mail :\u00a0<a href=\"mailto: &lt;script language='JavaScript' type='text\/javascript'&gt; &lt;!-- var prefix = 'ma' + 'il' + 'to'; var path = 'hr' + 'ef' + '='; var addy74725 = 'demiguel.fd' + '@'; addy74725 = addy74725 + 'gmail' + '.' + 'com'; document.write( '&lt;a ' + path + '\\'' + prefix + ':' + addy74725 + '\\'&gt;' ); document.write( addy74725 ); document.write( '&lt;\\\/a&gt;' ); \/\/--&gt;\\n &lt;\/script&gt;&lt;script language='JavaScript' type='text\/javascript'&gt; &lt;!-- document.write( '&lt;span style=\\'display: none;\\'&gt;' ); \/\/--&gt; &lt;\/script&gt;Cet e-mail est prot%C3%A9g%C3%A9 contre les robots collecteurs de mails, votre navigateur doit accepter le Javascript pour le voir &lt;script language='JavaScript' type='text\/javascript'&gt; &lt;!-- document.write( '&lt;\/' ); document.write( 'span&gt;' ); \/\/--&gt; &lt;\/script&gt;\" target=\"_blank\">\u00a0<\/a><a href=\"mailto:demiguel.fd@gmail.com\">demiguel.fd@gmail.com<\/a><\/p>\n<p>Site internet :\u00a0<a href=\"http:\/\/cafdepau.ffcam.fr\/\" target=\"_blank\">http:\/\/cafdepau.ffcam.fr<\/a><\/p>\n","protected":false},"excerpt":{"rendered":"<p>\u00a0 Correspondant FFS : Fran\u00e7ois DEMIGUEL T\u00e9l\u00e9phone : 06.70.63.43.10 E-mail :\u00a0\u00a0demiguel.fd@gmail.com Site internet :\u00a0http:\/\/cafdepau.ffcam.fr<\/p>\n","protected":false},"author":1,"featured_media":0,"parent":162,"menu_order":4,"comment_status":"closed","ping_status":"open","template":"","meta":{"footnotes":""},"class_list":["post-170","page","type-page","status-publish","hentry"],"_links":{"self":[{"href":"http:\/\/cds64.org\/WordPress3\/wp-json\/wp\/v2\/pages\/170","targetHints":{"allow":["GET"]}}],"collection":[{"href":"http:\/\/cds64.org\/WordPress3\/wp-json\/wp\/v2\/pages"}],"about":[{"href":"http:\/\/cds64.org\/WordPress3\/wp-json\/wp\/v2\/types\/page"}],"author":[{"embeddable":true,"href":"http:\/\/cds64.org\/WordPress3\/wp-json\/wp\/v2\/users\/1"}],"replies":[{"embeddable":true,"href":"http:\/\/cds64.org\/WordPress3\/wp-json\/wp\/v2\/comments?post=170"}],"version-history":[{"count":3,"href":"http:\/\/cds64.org\/WordPress3\/wp-json\/wp\/v2\/pages\/170\/revisions"}],"predecessor-version":[{"id":261,"href":"http:\/\/cds64.org\/WordPress3\/wp-json\/wp\/v2\/pages\/170\/revisions\/261"}],"up":[{"embeddable":true,"href":"http:\/\/cds64.org\/WordPress3\/wp-json\/wp\/v2\/pages\/162"}],"wp:attachment":[{"href":"http:\/\/cds64.org\/WordPress3\/wp-json\/wp\/v2\/media?parent=170"}],"curies":[{"name":"wp","href":"https:\/\/api.w.org\/{rel}","templated":true}]}}