{"id":164,"date":"2014-03-21T14:31:14","date_gmt":"2014-03-21T13:31:14","guid":{"rendered":"http:\/\/cds64.org\/WordPress3\/?page_id=164"},"modified":"2025-01-26T19:10:37","modified_gmt":"2025-01-26T18:10:37","slug":"arsip","status":"publish","type":"page","link":"http:\/\/cds64.org\/WordPress3\/les-clubs-du-departement\/arsip\/","title":{"rendered":"Association pour la Recherche Sp\u00e9l\u00e9ologique Internationale \u00e0 la Pierre Saint Martin"},"content":{"rendered":"<p><a style=\"color: #ff4b33; line-height: 24px; font-size: 16px;\" href=\"http:\/\/www.arsip.fr\/\" target=\"_blank\" rel=\"noopener\"><img loading=\"lazy\" decoding=\"async\" class=\"alignright size-full wp-image-240\" src=\"http:\/\/cds64.org\/WordPress3\/wp-content\/uploads\/2014\/03\/logo-arsip-bleu-transparent-avec-texte.png\" alt=\"logo-arsip-bleu transparent avec-texte\" width=\"300\" height=\"179\" srcset=\"http:\/\/cds64.org\/WordPress3\/wp-content\/uploads\/2014\/03\/logo-arsip-bleu-transparent-avec-texte.png 300w, http:\/\/cds64.org\/WordPress3\/wp-content\/uploads\/2014\/03\/logo-arsip-bleu-transparent-avec-texte-250x150.png 250w, http:\/\/cds64.org\/WordPress3\/wp-content\/uploads\/2014\/03\/logo-arsip-bleu-transparent-avec-texte-150x89.png 150w\" sizes=\"auto, (max-width: 300px) 100vw, 300px\" \/><\/a><\/p>\n<p>Pr\u00e9sident : Serge PUISAIS<\/p>\n<p>T\u00e9l\u00e9phone :\u00a006 87 59 12 97<\/p>\n<p>Site internet :\u00a0<a href=\"https:\/\/www.arsip.fr\/\" target=\"_blank\" rel=\"noopener\">https:\/\/www.arsip.fr\/<\/a><\/p>\n<p>Page Facebook :\u00a0<a href=\"https:\/\/www.facebook.com\/ARSIP-1765952943661063\/\">https:\/\/www.facebook.com\/ARSIP-1765952943661063\/<\/a><\/p>\n","protected":false},"excerpt":{"rendered":"<p>Pr\u00e9sident : Serge PUISAIS T\u00e9l\u00e9phone :\u00a006 87 59 12 97 Site internet :\u00a0https:\/\/www.arsip.fr\/ Page Facebook :\u00a0https:\/\/www.facebook.com\/ARSIP-1765952943661063\/<\/p>\n","protected":false},"author":1,"featured_media":0,"parent":162,"menu_order":1,"comment_status":"closed","ping_status":"open","template":"","meta":{"footnotes":""},"class_list":["post-164","page","type-page","status-publish","hentry"],"_links":{"self":[{"href":"http:\/\/cds64.org\/WordPress3\/wp-json\/wp\/v2\/pages\/164","targetHints":{"allow":["GET"]}}],"collection":[{"href":"http:\/\/cds64.org\/WordPress3\/wp-json\/wp\/v2\/pages"}],"about":[{"href":"http:\/\/cds64.org\/WordPress3\/wp-json\/wp\/v2\/types\/page"}],"author":[{"embeddable":true,"href":"http:\/\/cds64.org\/WordPress3\/wp-json\/wp\/v2\/users\/1"}],"replies":[{"embeddable":true,"href":"http:\/\/cds64.org\/WordPress3\/wp-json\/wp\/v2\/comments?post=164"}],"version-history":[{"count":9,"href":"http:\/\/cds64.org\/WordPress3\/wp-json\/wp\/v2\/pages\/164\/revisions"}],"predecessor-version":[{"id":2135,"href":"http:\/\/cds64.org\/WordPress3\/wp-json\/wp\/v2\/pages\/164\/revisions\/2135"}],"up":[{"embeddable":true,"href":"http:\/\/cds64.org\/WordPress3\/wp-json\/wp\/v2\/pages\/162"}],"wp:attachment":[{"href":"http:\/\/cds64.org\/WordPress3\/wp-json\/wp\/v2\/media?parent=164"}],"curies":[{"name":"wp","href":"https:\/\/api.w.org\/{rel}","templated":true}]}}