{"id":115,"date":"2014-03-20T16:04:32","date_gmt":"2014-03-20T15:04:32","guid":{"rendered":"http:\/\/cds64.org\/WordPress3\/?page_id=115"},"modified":"2014-04-18T11:18:54","modified_gmt":"2014-04-18T09:18:54","slug":"sites-de-pratique","status":"publish","type":"page","link":"http:\/\/cds64.org\/WordPress3\/sites-de-pratique\/","title":{"rendered":"Sites de pratique"},"content":{"rendered":"<p align=\"center\">Le d\u00e9partement des Pyr\u00e9n\u00e9es-Atlantiques offre une grande vari\u00e9t\u00e9 de karsts.<\/p>\n<p>D&#8217;est en ouest nous trouvons :<\/p>\n<ul>\n<li>des karsts d&#8217;altitude comme le massif de Ger ou la Pierre Saint Martin<\/li>\n<li>des karsts de moyenne montagne comme le massif des Arbailles<\/li>\n<li>des karsts de plaine comme le secteur de R\u00e9b\u00e9nacq<\/li>\n<li>quelques petits ilots karstiques comme les cavit\u00e9s proches de Salies<\/li>\n<li>et pour finir le karst immerg\u00e9 d&#8217;Aroca au large de Saint-Jean-de-Luz<\/li>\n<\/ul>\n<div id=\"attachment_318\" style=\"width: 624px\" class=\"wp-caption aligncenter\"><a href=\"http:\/\/cds64.org\/WordPress3\/wp-content\/uploads\/2014\/03\/Janvier-Carte-D\u00e9partement-Cavit\u00e9s.jpg\"><img loading=\"lazy\" decoding=\"async\" aria-describedby=\"caption-attachment-318\" class=\"wp-image-318 \" title=\"Carte de r\u00e9partition des cavit\u00e9s des Pyr\u00e9n\u00e9es-Atlantiques par Communes\" alt=\"\" src=\"http:\/\/cds64.org\/WordPress3\/wp-content\/uploads\/2014\/03\/Janvier-Carte-D\u00e9partement-Cavit\u00e9s-1024x699.jpg\" width=\"614\" height=\"419\" srcset=\"http:\/\/cds64.org\/WordPress3\/wp-content\/uploads\/2014\/03\/Janvier-Carte-D\u00e9partement-Cavit\u00e9s-1024x699.jpg 1024w, http:\/\/cds64.org\/WordPress3\/wp-content\/uploads\/2014\/03\/Janvier-Carte-D\u00e9partement-Cavit\u00e9s-600x410.jpg 600w, http:\/\/cds64.org\/WordPress3\/wp-content\/uploads\/2014\/03\/Janvier-Carte-D\u00e9partement-Cavit\u00e9s-300x204.jpg 300w, http:\/\/cds64.org\/WordPress3\/wp-content\/uploads\/2014\/03\/Janvier-Carte-D\u00e9partement-Cavit\u00e9s-219x150.jpg 219w, http:\/\/cds64.org\/WordPress3\/wp-content\/uploads\/2014\/03\/Janvier-Carte-D\u00e9partement-Cavit\u00e9s-150x102.jpg 150w\" sizes=\"auto, (max-width: 614px) 100vw, 614px\" \/><\/a><p id=\"caption-attachment-318\" class=\"wp-caption-text\">Cliquez sur la carte pour l&#8217;agrandir<\/p><\/div>\n<p style=\"text-align: center;\">L&#8217;ensemble des donn\u00e9es collect\u00e9es par le sp\u00e9l\u00e9ologues du D\u00e9partement sont stock\u00e9es dans notre base de donn\u00e9es, consultable sur internet : <a title=\"Base de donn\u00e9es KARSTEAU\" href=\"http:\/\/cds64.org\/WordPress3\/sites-de-pratique\/sites-speleos\/\">KARSTEAU<\/a><\/p>\n<p style=\"text-align: center;\">Les Pyr\u00e9n\u00e9es-Atlantiques poss\u00e8dent \u00e9galement de nombreuses <a title=\"Gorges et canyons\" href=\"http:\/\/cds64.org\/WordPress3\/sites-de-pratique\/canyons\/\">gorges et canyons<\/a>\u00a0pour le plus grand bonheur des pratiquants de canyonisme.<\/p>\n<p style=\"text-align: center;\">Enfin, pour d\u00e9couvrir, avec des amis ou en famille, un des sites les plus impressionnants du monde souterrain, nous vous conseillons vivement la visite de la <a title=\"Entrez dans l\u2019aventure souterraine\" href=\"http:\/\/cds64.org\/WordPress3\/pratiquer\/entrez-dans-laventure-souterraine\/\">Salle de la Verna<\/a>.<\/p>\n","protected":false},"excerpt":{"rendered":"<p>Le d\u00e9partement des Pyr\u00e9n\u00e9es-Atlantiques offre une grande vari\u00e9t\u00e9 de karsts. D&#8217;est en ouest nous trouvons : des karsts d&#8217;altitude comme \u2026 <a class=\"continue-reading-link\" href=\"http:\/\/cds64.org\/WordPress3\/sites-de-pratique\/\">Lire la suite <span class=\"meta-nav\">&rarr; <\/span><\/a><\/p>\n","protected":false},"author":1,"featured_media":0,"parent":0,"menu_order":0,"comment_status":"closed","ping_status":"open","template":"","meta":{"footnotes":""},"class_list":["post-115","page","type-page","status-publish","hentry"],"_links":{"self":[{"href":"http:\/\/cds64.org\/WordPress3\/wp-json\/wp\/v2\/pages\/115","targetHints":{"allow":["GET"]}}],"collection":[{"href":"http:\/\/cds64.org\/WordPress3\/wp-json\/wp\/v2\/pages"}],"about":[{"href":"http:\/\/cds64.org\/WordPress3\/wp-json\/wp\/v2\/types\/page"}],"author":[{"embeddable":true,"href":"http:\/\/cds64.org\/WordPress3\/wp-json\/wp\/v2\/users\/1"}],"replies":[{"embeddable":true,"href":"http:\/\/cds64.org\/WordPress3\/wp-json\/wp\/v2\/comments?post=115"}],"version-history":[{"count":9,"href":"http:\/\/cds64.org\/WordPress3\/wp-json\/wp\/v2\/pages\/115\/revisions"}],"predecessor-version":[{"id":460,"href":"http:\/\/cds64.org\/WordPress3\/wp-json\/wp\/v2\/pages\/115\/revisions\/460"}],"wp:attachment":[{"href":"http:\/\/cds64.org\/WordPress3\/wp-json\/wp\/v2\/media?parent=115"}],"curies":[{"name":"wp","href":"https:\/\/api.w.org\/{rel}","templated":true}]}}