{"id":113,"date":"2014-03-20T16:03:51","date_gmt":"2014-03-20T15:03:51","guid":{"rendered":"http:\/\/cds64.org\/WordPress3\/?page_id=113"},"modified":"2017-08-21T19:43:25","modified_gmt":"2017-08-21T17:43:25","slug":"professionnels-recommandes","status":"publish","type":"page","link":"http:\/\/cds64.org\/WordPress3\/pratiquer\/professionnels-recommandes\/","title":{"rendered":"Professionnels recommand\u00e9s"},"content":{"rendered":"<p>&nbsp;<\/p>\n<p><a href=\"http:\/\/www.laverna.fr\" target=\"_blank\" rel=\"noopener noreferrer\"><img loading=\"lazy\" decoding=\"async\" class=\"size-full wp-image-418 alignleft\" src=\"http:\/\/cds64.org\/WordPress3\/wp-content\/uploads\/2014\/03\/logo-la-verna.jpg\" alt=\"logo-la-verna\" width=\"240\" height=\"150\" srcset=\"http:\/\/cds64.org\/WordPress3\/wp-content\/uploads\/2014\/03\/logo-la-verna.jpg 240w, http:\/\/cds64.org\/WordPress3\/wp-content\/uploads\/2014\/03\/logo-la-verna-150x93.jpg 150w\" sizes=\"auto, (max-width: 240px) 100vw, 240px\" \/><\/a><\/p>\n<p style=\"text-align: justify;\"><strong>Un lieu d&#8217;exception<\/strong>, quelle que soit la formule de visite, vous d\u00e9couvrirez, \u00e0 La Verna, l&#8217;un des endroits magiques du tourisme en Pyr\u00e9n\u00e9es-Atlantiques. TOUTES LES VISITES SUR RESERVATION.<\/p>\n<p style=\"text-align: justify;\">\u00a0Que ce soit pour une exploration en famille, pour les scolaires, pour vivre une aventure sportive au coeur de la montagne entre randonn\u00e9e et escalade, vous garderez de votre s\u00e9jour touristique un souvenir inoubliable. L&#8217;aventure souterraine vous attend. <strong><a href=\"http:\/\/www.laverna.fr\">www.laverna.fr<\/a><\/strong><\/p>\n<p style=\"text-align: center;\">&#8212;&#8212;&#8212;&#8212;&#8212;&#8212;&#8212;&#8212;&#8212;&#8212;&#8212;&#8212;&#8212;&#8212;&#8212;&#8212;&#8212;&#8212;&#8212;&#8212;&#8212;&#8212;&#8212;&#8212;&#8212;&#8212;&#8212;&#8212;&#8212;&#8212;-<\/p>\n<div>\n<p style=\"text-align: justify;\"><a style=\"color: #ff4b33; line-height: 24px; font-size: 16px;\" href=\"http:\/\/cds64.org\/WordPress3\/wp-content\/uploads\/2014\/03\/rondalexis.png\"><img loading=\"lazy\" decoding=\"async\" class=\"alignright wp-image-422\" src=\"http:\/\/cds64.org\/WordPress3\/wp-content\/uploads\/2014\/03\/rondalexis.png\" alt=\"rondalexis\" width=\"180\" height=\"180\" srcset=\"http:\/\/cds64.org\/WordPress3\/wp-content\/uploads\/2014\/03\/rondalexis.png 125w, http:\/\/cds64.org\/WordPress3\/wp-content\/uploads\/2014\/03\/rondalexis-100x100.png 100w\" sizes=\"auto, (max-width: 180px) 100vw, 180px\" \/><\/a>\u00c0 proximit\u00e9 de St Jean Pied-de-Port (\u00e0\u00a050 km\u00a0de BAYONNE), <strong>Alexis<\/strong> vous propose de d\u00e9couvrir cette r\u00e9gion sous un autre angle, hors des sentiers battus.<\/p>\n<p style=\"text-align: justify;\">\u00c0 travers des activit\u00e9s de pleine nature comme la sp\u00e9l\u00e9ologie et la descente de canyon, il\u00a0vous fera vivre une exp\u00e9rience unique adapt\u00e9e \u00e0 votre demande et \u00e0 vos envies.<\/p>\n<p style=\"text-align: justify;\">Alors, pour un voyage au c\u0153ur de la roche ou une randonn\u00e9e au fond de gorges secr\u00e8tes, contactez-le pour construire, ensemble, une balade\u00a0<i>INOUBLIABLE<\/i>.\u00a0<strong><a href=\"http:\/\/www.alexispeleo.com\/\">www.alexispeleo.com<\/a><\/strong><\/p>\n<p style=\"text-align: center;\">&#8212;&#8212;&#8212;&#8212;&#8212;&#8212;&#8212;&#8212;&#8212;&#8212;&#8212;&#8212;&#8212;&#8212;&#8212;&#8212;&#8212;&#8212;&#8212;&#8212;&#8212;&#8212;&#8212;&#8212;&#8212;&#8212;&#8212;&#8212;&#8212;&#8212;-<\/p>\n<p style=\"text-align: justify;\"><a href=\"http:\/\/cds64.org\/WordPress3\/wp-content\/uploads\/2014\/03\/Pyrenees-aventures-nouvelles.jpg\"><img loading=\"lazy\" decoding=\"async\" class=\" wp-image-426 alignleft\" src=\"http:\/\/cds64.org\/WordPress3\/wp-content\/uploads\/2014\/03\/Pyrenees-aventures-nouvelles.jpg\" alt=\"Pyrenees-aventures-nouvelles\" width=\"210\" height=\"257\" srcset=\"http:\/\/cds64.org\/WordPress3\/wp-content\/uploads\/2014\/03\/Pyrenees-aventures-nouvelles.jpg 300w, http:\/\/cds64.org\/WordPress3\/wp-content\/uploads\/2014\/03\/Pyrenees-aventures-nouvelles-245x300.jpg 245w, http:\/\/cds64.org\/WordPress3\/wp-content\/uploads\/2014\/03\/Pyrenees-aventures-nouvelles-122x150.jpg 122w\" sizes=\"auto, (max-width: 210px) 100vw, 210px\" \/><\/a>Situ\u00e9e \u00e0 LANNE, dans la vall\u00e9e du BARETOUS, aux limites du B\u00e9arn, du Pays Basque et de l&#8217;Espagne, <strong>Pyr\u00e9n\u00e9es Aventures Nouvelles<\/strong> est une entreprise de loisirs sportifs sp\u00e9cialis\u00e9e depuis 15 ans dans l&#8217;accueil des groupes et des individuels en\u00a0escalade, sp\u00e9l\u00e9o, canyon et randonn\u00e9es<\/p>\n<p style=\"text-align: justify;\">Ils disposent d&#8217;un camping sp\u00e9cialement r\u00e9serv\u00e9 aux groupes, ainsi que d&#8217;une\u00a0\u00e9quipe d&#8217;encadrement, connaissant parfaitement la r\u00e9gion.<\/p>\n<p style=\"text-align: justify;\">De l&#8217;activit\u00e9 sportive \u00e0 la d\u00e9couverte de notre r\u00e9gion, son patrimoine et sa culture,<br \/>\nils vous conseilleront durant votre s\u00e9jour.<\/p>\n<p style=\"text-align: justify;\"><strong><a href=\"http:\/\/www.pyrenees-aventures-nouvelles.com\/\">www.pyrenees-aventures-nouvelles.com<\/a><\/strong><\/p>\n<p style=\"text-align: center;\">&#8212;&#8212;&#8212;&#8212;&#8212;&#8212;&#8212;&#8212;&#8212;&#8212;&#8212;&#8212;&#8212;&#8212;&#8212;&#8212;&#8212;&#8212;&#8212;&#8212;&#8212;&#8212;&#8212;&#8212;&#8212;&#8212;&#8212;&#8212;&#8212;&#8212;-<\/p>\n<p style=\"text-align: left;\"><strong>Aventure Chlorophylle<\/strong>, c\u2019est le bureau\u00a0<strong>des moniteurs de la vall\u00e9e d\u2019Ossau.<\/strong><\/p>\n<p style=\"text-align: left;\">Une \u00e9quipe d\u2019une douzaine de professionnels ind\u00e9pendants vous proposent :<\/p>\n<ul>\n<li><a href=\"http:\/\/www.aventure-chlorophylle.com\/\" target=\"_blank\" rel=\"noopener noreferrer\"><img loading=\"lazy\" decoding=\"async\" class=\"alignright wp-image-432\" src=\"http:\/\/cds64.org\/WordPress3\/wp-content\/uploads\/2014\/03\/titre.jpg\" alt=\"titre\" width=\"468\" height=\"150\" srcset=\"http:\/\/cds64.org\/WordPress3\/wp-content\/uploads\/2014\/03\/titre.jpg 780w, http:\/\/cds64.org\/WordPress3\/wp-content\/uploads\/2014\/03\/titre-600x192.jpg 600w, http:\/\/cds64.org\/WordPress3\/wp-content\/uploads\/2014\/03\/titre-300x96.jpg 300w, http:\/\/cds64.org\/WordPress3\/wp-content\/uploads\/2014\/03\/titre-250x80.jpg 250w, http:\/\/cds64.org\/WordPress3\/wp-content\/uploads\/2014\/03\/titre-150x48.jpg 150w\" sizes=\"auto, (max-width: 468px) 100vw, 468px\" \/><\/a>Rafting \/ Canoraft \/ Kayakraft<\/li>\n<li>Hydrospeed<\/li>\n<li>Canyoning<\/li>\n<li>Sp\u00e9l\u00e9ologie<\/li>\n<li>Escalade<\/li>\n<li>Via Corda<\/li>\n<\/ul>\n<p><strong><a href=\"http:\/\/www.aventure-chlorophylle.com\/\">www.aventure-chlorophylle.com<\/a><\/strong><\/p>\n<p style=\"text-align: center;\">&#8212;&#8212;&#8212;&#8212;&#8212;&#8212;&#8212;&#8212;&#8212;&#8212;&#8212;&#8212;&#8212;&#8212;&#8212;&#8212;&#8212;&#8212;&#8212;&#8212;&#8212;&#8212;&#8212;&#8212;&#8212;&#8212;&#8212;&#8212;&#8212;&#8212;-<\/p>\n<p><a href=\"http:\/\/cds64.org\/WordPress3\/wp-content\/uploads\/2014\/03\/logo_experience_canyon.png\"><img loading=\"lazy\" decoding=\"async\" class=\"wp-image-439 alignleft\" src=\"http:\/\/cds64.org\/WordPress3\/wp-content\/uploads\/2014\/03\/logo_experience_canyon.png\" alt=\"logo_experience_canyon\" width=\"396\" height=\"74\" srcset=\"http:\/\/cds64.org\/WordPress3\/wp-content\/uploads\/2014\/03\/logo_experience_canyon.png 565w, http:\/\/cds64.org\/WordPress3\/wp-content\/uploads\/2014\/03\/logo_experience_canyon-300x55.png 300w, http:\/\/cds64.org\/WordPress3\/wp-content\/uploads\/2014\/03\/logo_experience_canyon-250x46.png 250w, http:\/\/cds64.org\/WordPress3\/wp-content\/uploads\/2014\/03\/logo_experience_canyon-150x27.png 150w\" sizes=\"auto, (max-width: 396px) 100vw, 396px\" \/><\/a><strong>EXPERIENCE CANYON<\/strong> est un centre de canyoning situ\u00e9 \u00e0 Pau.<\/p>\n<p>Ce centre labellis\u00e9 ICOpro vous propose des sorties Canyoning et ICE Canyon, ainsi que des formations \u00e0 destination des professionnels et du grand public.<\/p>\n<p>Les sorties de descente de canyons sont propos\u00e9es \u00e0 la journ\u00e9e, \u00e0 la demi journ\u00e9e, mais \u00e9galement au week-end ou \u00e0 la semaine.<\/p>\n<p>Ils proposent des canyons dans les r\u00e9gions suivantes en France ou en Espagne : Vall\u00e9e d&#8217;Ossau, Vall\u00e9e de Luz Gavarnie, Vall\u00e9e d&#8217;Aspe, Pays Basque, Arbailles, Zone des gorges de Kakouetta, Sierra de Guara, Mont Perdu, Ordessa, R\u00e9gion d&#8217;Alquezar, R\u00e9gion de Rodellar.<\/p>\n<p><strong><a href=\"http:\/\/www.experience-canyon.com\">www.experience-canyon.com<\/a><\/strong><\/p>\n<p style=\"text-align: center;\">&#8212;&#8212;&#8212;&#8212;&#8212;&#8212;&#8212;&#8212;&#8212;&#8212;&#8212;&#8212;&#8212;&#8212;&#8212;&#8212;&#8212;&#8212;&#8212;&#8212;&#8212;&#8212;&#8212;&#8212;&#8212;&#8212;&#8212;&#8212;&#8212;&#8212;-<\/p>\n<p><a href=\"http:\/\/kathaayatraa.fr\/\" target=\"_blank\" rel=\"noopener noreferrer\"><img loading=\"lazy\" decoding=\"async\" class=\"alignright wp-image-462\" style=\"line-height: 18px;\" src=\"http:\/\/cds64.org\/WordPress3\/wp-content\/uploads\/2014\/03\/56cde3e12d-logo-2.jpg\" alt=\"56cde3e12d-logo-2\" width=\"378\" height=\"76\" srcset=\"http:\/\/cds64.org\/WordPress3\/wp-content\/uploads\/2014\/03\/56cde3e12d-logo-2.jpg 630w, http:\/\/cds64.org\/WordPress3\/wp-content\/uploads\/2014\/03\/56cde3e12d-logo-2-600x120.jpg 600w, http:\/\/cds64.org\/WordPress3\/wp-content\/uploads\/2014\/03\/56cde3e12d-logo-2-300x60.jpg 300w, http:\/\/cds64.org\/WordPress3\/wp-content\/uploads\/2014\/03\/56cde3e12d-logo-2-250x50.jpg 250w, http:\/\/cds64.org\/WordPress3\/wp-content\/uploads\/2014\/03\/56cde3e12d-logo-2-150x30.jpg 150w\" sizes=\"auto, (max-width: 378px) 100vw, 378px\" \/><\/a>Pr\u00eats \u00e0 d\u00e9couvrir ce monde cach\u00e9 des pyr\u00e9n\u00e9es, de la vall\u00e9e d&#8217;Ossau ( ou du monde)\u00a0o\u00f9 le\u00a0min\u00e9ral fait corps avec l&#8217;aquatique ?<\/p>\n<p>Plaisir&#8230; Frissons&#8230; Sensations&#8230;\u00a0Sauts, toboggans, nage et\u00a0descentes en rappel sont de la partie&#8230;<\/p>\n<p>Alors lace tes baskets, ferme la combinaison n\u00e9opr\u00e8ne, ajuste le casque , choisi la descente qui te convient et deviens&#8230;&#8230;&#8230;&#8230;&#8230;&#8230;&#8230;&#8230;&#8230;&#8230;&#8230;&#8230;&#8230;&#8230;&#8230;&#8230;&#8230;&#8230;..\u00a0canyoniste ! \u00a0 \u00a0 \u00a0\u00a0<strong><a href=\"http:\/\/kathaayatraa.fr\/\" target=\"_blank\" rel=\"noopener noreferrer\">www.kathaayatraa.fr<\/a><\/strong><\/p>\n<hr \/>\n<p><a href=\"http:\/\/www.uretalur.fr\/\" target=\"_blank\" rel=\"noopener noreferrer\"><img loading=\"lazy\" decoding=\"async\" class=\"size-medium wp-image-1123 alignleft\" src=\"http:\/\/cds64.org\/WordPress3\/wp-content\/uploads\/2014\/03\/uretalur-300x154.png\" alt=\"\" width=\"300\" height=\"154\" srcset=\"http:\/\/cds64.org\/WordPress3\/wp-content\/uploads\/2014\/03\/uretalur-300x154.png 300w, http:\/\/cds64.org\/WordPress3\/wp-content\/uploads\/2014\/03\/uretalur-600x308.png 600w, http:\/\/cds64.org\/WordPress3\/wp-content\/uploads\/2014\/03\/uretalur-768x394.png 768w, http:\/\/cds64.org\/WordPress3\/wp-content\/uploads\/2014\/03\/uretalur-250x128.png 250w, http:\/\/cds64.org\/WordPress3\/wp-content\/uploads\/2014\/03\/uretalur-150x77.png 150w, http:\/\/cds64.org\/WordPress3\/wp-content\/uploads\/2014\/03\/uretalur.png 796w\" sizes=\"auto, (max-width: 300px) 100vw, 300px\" \/><\/a>Nouveau dipl\u00f4m\u00e9 canyon au Pays Basque, mais pratiquant depuis assez de temps pour vous \u00e9clabousser de plaisir, Iban va jouer autant que vous dans les canyons du d\u00e9partement, mais avec le regard et l&#8217;accompagnement du professionnel.<\/p>\n<p><a href=\"http:\/\/www.uretalur.fr\/\" target=\"_blank\" rel=\"noopener noreferrer\">www.uretalur.fr\u00a0<\/a><\/p>\n<\/div>\n","protected":false},"excerpt":{"rendered":"<p>&nbsp; Un lieu d&#8217;exception, quelle que soit la formule de visite, vous d\u00e9couvrirez, \u00e0 La Verna, l&#8217;un des endroits magiques \u2026 <a class=\"continue-reading-link\" href=\"http:\/\/cds64.org\/WordPress3\/pratiquer\/professionnels-recommandes\/\">Lire la suite <span class=\"meta-nav\">&rarr; <\/span><\/a><\/p>\n","protected":false},"author":1,"featured_media":0,"parent":107,"menu_order":4,"comment_status":"closed","ping_status":"open","template":"","meta":{"footnotes":""},"class_list":["post-113","page","type-page","status-publish","hentry"],"_links":{"self":[{"href":"http:\/\/cds64.org\/WordPress3\/wp-json\/wp\/v2\/pages\/113","targetHints":{"allow":["GET"]}}],"collection":[{"href":"http:\/\/cds64.org\/WordPress3\/wp-json\/wp\/v2\/pages"}],"about":[{"href":"http:\/\/cds64.org\/WordPress3\/wp-json\/wp\/v2\/types\/page"}],"author":[{"embeddable":true,"href":"http:\/\/cds64.org\/WordPress3\/wp-json\/wp\/v2\/users\/1"}],"replies":[{"embeddable":true,"href":"http:\/\/cds64.org\/WordPress3\/wp-json\/wp\/v2\/comments?post=113"}],"version-history":[{"count":26,"href":"http:\/\/cds64.org\/WordPress3\/wp-json\/wp\/v2\/pages\/113\/revisions"}],"predecessor-version":[{"id":1151,"href":"http:\/\/cds64.org\/WordPress3\/wp-json\/wp\/v2\/pages\/113\/revisions\/1151"}],"up":[{"embeddable":true,"href":"http:\/\/cds64.org\/WordPress3\/wp-json\/wp\/v2\/pages\/107"}],"wp:attachment":[{"href":"http:\/\/cds64.org\/WordPress3\/wp-json\/wp\/v2\/media?parent=113"}],"curies":[{"name":"wp","href":"https:\/\/api.w.org\/{rel}","templated":true}]}}