{"id":107,"date":"2014-03-20T16:01:09","date_gmt":"2014-03-20T15:01:09","guid":{"rendered":"http:\/\/cds64.org\/WordPress3\/?page_id=107"},"modified":"2014-04-01T11:07:42","modified_gmt":"2014-04-01T09:07:42","slug":"pratiquer","status":"publish","type":"page","link":"http:\/\/cds64.org\/WordPress3\/pratiquer\/","title":{"rendered":"Voyagez sous l&#8217;horizon"},"content":{"rendered":"<h1><span style=\"font-size: 16px;\"><a href=\"http:\/\/cds64.org\/WordPress3\/wp-content\/uploads\/2014\/03\/Yeti-084.jpg\"><img loading=\"lazy\" decoding=\"async\" class=\"alignright  wp-image-62\" alt=\"Yeti 084\" src=\"http:\/\/cds64.org\/WordPress3\/wp-content\/uploads\/2014\/03\/Yeti-084-1024x680.jpg\" width=\"300\" height=\"160\" \/><\/a><\/span><\/h1>\n<p><span style=\"font-size: 16px;\">C\u2019est avec vos amis que vous pouvez venir d\u00e9couvrir ces nouveaux mondes.<\/span><\/p>\n<p style=\"text-align: justify;\">Les clubs des f\u00e9d\u00e9r\u00e9s sont r\u00e9partis un peu partout sur le d\u00e9partement mais pour le plus grand nombre ils sont \u00e0 proximit\u00e9 de terrains d\u2019aventure et ne demandent qu\u2019\u00e0 vous accompagner dans de passionnantes explorations. <a title=\"Les clubs du d\u00e9partement\" href=\"http:\/\/cds64.org\/WordPress3\/les-clubs-du-departement\/\">Voir les clubs du d\u00e9partement<\/a><\/p>\n<p style=\"text-align: justify;\">Les sp\u00e9l\u00e9ologues et les canyonistes vous donneront de bons conseils pour progresser sans risque et ils vous fourniront tout le mat\u00e9riel utile apr\u00e8s vous en avoir expliqu\u00e9 le fonctionnement.<\/p>\n<p style=\"text-align: justify;\"><strong><a href=\"http:\/\/cds64.org\/WordPress3\/wp-content\/uploads\/2014\/03\/MG_8041.jpg\"><img loading=\"lazy\" decoding=\"async\" class=\" wp-image-38 alignleft\" alt=\"_MG_8041\" src=\"http:\/\/cds64.org\/WordPress3\/wp-content\/uploads\/2014\/03\/MG_8041-682x1024.jpg\" width=\"204\" height=\"307\" srcset=\"http:\/\/cds64.org\/WordPress3\/wp-content\/uploads\/2014\/03\/MG_8041-682x1024.jpg 682w, http:\/\/cds64.org\/WordPress3\/wp-content\/uploads\/2014\/03\/MG_8041-600x900.jpg 600w, http:\/\/cds64.org\/WordPress3\/wp-content\/uploads\/2014\/03\/MG_8041-200x300.jpg 200w, http:\/\/cds64.org\/WordPress3\/wp-content\/uploads\/2014\/03\/MG_8041-100x150.jpg 100w\" sizes=\"auto, (max-width: 204px) 100vw, 204px\" \/><\/a>Ces voyages que vous allez faire sous l\u2019horizon seront pour vous de formidables souvenirs ponctu\u00e9s probablement de photographies et de rires<\/strong>.<\/p>\n<p style=\"text-align: justify;\">Mais attention, vous risquez d\u2019attraper le \u00ab\u00a0<em>virus\u00a0<\/em>\u00bb ; et l\u00e0, c\u2019est une autre histoire\u2026<\/p>\n<p style=\"text-align: justify;\">\n","protected":false},"excerpt":{"rendered":"<p>C\u2019est avec vos amis que vous pouvez venir d\u00e9couvrir ces nouveaux mondes. Les clubs des f\u00e9d\u00e9r\u00e9s sont r\u00e9partis un peu \u2026 <a class=\"continue-reading-link\" href=\"http:\/\/cds64.org\/WordPress3\/pratiquer\/\">Lire la suite <span class=\"meta-nav\">&rarr; <\/span><\/a><\/p>\n","protected":false},"author":1,"featured_media":0,"parent":0,"menu_order":0,"comment_status":"closed","ping_status":"open","template":"","meta":{"footnotes":""},"class_list":["post-107","page","type-page","status-publish","hentry"],"_links":{"self":[{"href":"http:\/\/cds64.org\/WordPress3\/wp-json\/wp\/v2\/pages\/107","targetHints":{"allow":["GET"]}}],"collection":[{"href":"http:\/\/cds64.org\/WordPress3\/wp-json\/wp\/v2\/pages"}],"about":[{"href":"http:\/\/cds64.org\/WordPress3\/wp-json\/wp\/v2\/types\/page"}],"author":[{"embeddable":true,"href":"http:\/\/cds64.org\/WordPress3\/wp-json\/wp\/v2\/users\/1"}],"replies":[{"embeddable":true,"href":"http:\/\/cds64.org\/WordPress3\/wp-json\/wp\/v2\/comments?post=107"}],"version-history":[{"count":8,"href":"http:\/\/cds64.org\/WordPress3\/wp-json\/wp\/v2\/pages\/107\/revisions"}],"predecessor-version":[{"id":397,"href":"http:\/\/cds64.org\/WordPress3\/wp-json\/wp\/v2\/pages\/107\/revisions\/397"}],"wp:attachment":[{"href":"http:\/\/cds64.org\/WordPress3\/wp-json\/wp\/v2\/media?parent=107"}],"curies":[{"name":"wp","href":"https:\/\/api.w.org\/{rel}","templated":true}]}}