{"id":105,"date":"2014-03-20T16:00:20","date_gmt":"2014-03-20T15:00:20","guid":{"rendered":"http:\/\/cds64.org\/WordPress3\/?page_id=105"},"modified":"2014-04-01T10:32:04","modified_gmt":"2014-04-01T08:32:04","slug":"speleo-secours","status":"publish","type":"page","link":"http:\/\/cds64.org\/WordPress3\/activites\/speleo-secours\/","title":{"rendered":"Sp\u00e9l\u00e9o secours"},"content":{"rendered":"<p>La F\u00e9d\u00e9ration fran\u00e7aise de sp\u00e9l\u00e9ologie est la seule f\u00e9d\u00e9ration sportive \u00e0 inclure dans son activit\u00e9 la r\u00e9alisation des secours pour toute personne en difficult\u00e9 sous terre.<\/p>\n<p>\u00ab\u00a0<em>Il faut avant tout \u00eatre sp\u00e9l\u00e9ologue pour pouvoir intervenir sous terre en toute s\u00e9curit\u00e9 et en toute efficacit\u00e9 gr\u00e2ce \u00e0 une parfaite connaissance de ce milieu tr\u00e8s sp\u00e9cifique.<\/em>\u00a0\u00bb<\/p>\n<p><a href=\"http:\/\/cds64.org\/WordPress3\/wp-content\/uploads\/2014\/03\/logossf3.jpg\"><img loading=\"lazy\" decoding=\"async\" class=\"alignright size-full wp-image-390\" alt=\"logossf3\" src=\"http:\/\/cds64.org\/WordPress3\/wp-content\/uploads\/2014\/03\/logossf3.jpg\" width=\"150\" height=\"180\" srcset=\"http:\/\/cds64.org\/WordPress3\/wp-content\/uploads\/2014\/03\/logossf3.jpg 150w, http:\/\/cds64.org\/WordPress3\/wp-content\/uploads\/2014\/03\/logossf3-125x150.jpg 125w\" sizes=\"auto, (max-width: 150px) 100vw, 150px\" \/><\/a>Le Sp\u00e9l\u00e9o secours fran\u00e7ais (SSF) est n\u00e9 de cette id\u00e9e en 1977, c\u2019est une commission technique de la F\u00e9d\u00e9ration fran\u00e7aise de sp\u00e9l\u00e9ologie (FFS) qui assure les missions suivantes :<\/p>\n<ul>\n<li>Le secours en milieu souterrain, naturel ou artificiel, noy\u00e9 ou \u00e0 l\u2019air libre.<\/li>\n<li>L\u2019Etude et l\u2019analyse des accidents li\u00e9s au milieu souterrain pour contribuer \u00e0 la pr\u00e9vention.<\/li>\n<li>L\u2019\u00e9tude, la conception et la r\u00e9alisation du mat\u00e9riel adapt\u00e9 aux besoins.<\/li>\n<li>La constitution et l\u2019entretien des stocks de mat\u00e9riel sp\u00e9cifique n\u00e9cessaire au secours.<\/li>\n<li>La formation des \u00e9quipes de secours.<\/li>\n<\/ul>\n<p>Les\u00a0<strong>2000<\/strong>\u00a0sauveteurs du SSF sont tous des b\u00e9n\u00e9voles civils,\u00a0<strong>exp\u00e9riment\u00e9s, membres de la F\u00e9d\u00e9ration fran\u00e7aise de sp\u00e9l\u00e9ologie, form\u00e9s par la f\u00e9d\u00e9ration, qui participent chaque ann\u00e9e \u00e0 une vingtaine d\u2019interventions sur l\u2019ensemble du territoire fran\u00e7ais mais aussi \u00e0 l\u2019\u00e9tranger.<\/strong><\/p>\n<p>De nombreuses comp\u00e9tences sont n\u00e9cessaires pour constituer les \u00e9quipes indispensables \u00e0 la r\u00e9alisation d\u2019un secours : assistance \u00e0 la victime, transmissions, \u00e9quipe d\u2019\u00e9vacuation, artificiers, plongeurs, gestionnaires de sauvetage, m\u00e9decins\u2026<\/p>\n<p>Les comp\u00e9tences du SSF sont reconnues par les autorit\u00e9s au travers de l\u2019attribution d\u2019un agr\u00e9ment de s\u00e9curit\u00e9 civile, d\u2019une convention d\u2019assistance technique avec la Direction de la s\u00e9curit\u00e9 civile, et de l\u2019int\u00e9gration dans les plans d\u00e9partementaux de secours souterrains arr\u00eat\u00e9s par les Pr\u00e9fets. Les interventions des sauveteurs sont r\u00e9alis\u00e9es sur r\u00e9quisition d&#8217;une autorit\u00e9 administrative.<\/p>\n<p>Pour tout compl\u00e9ment d\u2019information :\u00a0<a title=\"sp\u00e9l\u00e9o secours fran\u00e7ais\" href=\"http:\/\/www.speleo-secours-francais.com\/\" target=\"_blank\">http:\/\/www.speleo-secours-francais.com<\/a><\/p>\n<p style=\"text-align: center;\"><strong><a title=\"En cas d\u2019accident\" href=\"http:\/\/cds64.org\/WordPress3\/membres\/en-cas-daccident\/\">PROCEDURE D&#8217;ALERTE EN CAS D&#8217;ACCIDENT<\/a><\/strong><\/p>\n","protected":false},"excerpt":{"rendered":"<p>La F\u00e9d\u00e9ration fran\u00e7aise de sp\u00e9l\u00e9ologie est la seule f\u00e9d\u00e9ration sportive \u00e0 inclure dans son activit\u00e9 la r\u00e9alisation des secours pour \u2026 <a class=\"continue-reading-link\" href=\"http:\/\/cds64.org\/WordPress3\/activites\/speleo-secours\/\">Lire la suite <span class=\"meta-nav\">&rarr; <\/span><\/a><\/p>\n","protected":false},"author":1,"featured_media":0,"parent":96,"menu_order":4,"comment_status":"closed","ping_status":"open","template":"","meta":{"footnotes":""},"class_list":["post-105","page","type-page","status-publish","hentry"],"_links":{"self":[{"href":"http:\/\/cds64.org\/WordPress3\/wp-json\/wp\/v2\/pages\/105","targetHints":{"allow":["GET"]}}],"collection":[{"href":"http:\/\/cds64.org\/WordPress3\/wp-json\/wp\/v2\/pages"}],"about":[{"href":"http:\/\/cds64.org\/WordPress3\/wp-json\/wp\/v2\/types\/page"}],"author":[{"embeddable":true,"href":"http:\/\/cds64.org\/WordPress3\/wp-json\/wp\/v2\/users\/1"}],"replies":[{"embeddable":true,"href":"http:\/\/cds64.org\/WordPress3\/wp-json\/wp\/v2\/comments?post=105"}],"version-history":[{"count":5,"href":"http:\/\/cds64.org\/WordPress3\/wp-json\/wp\/v2\/pages\/105\/revisions"}],"predecessor-version":[{"id":391,"href":"http:\/\/cds64.org\/WordPress3\/wp-json\/wp\/v2\/pages\/105\/revisions\/391"}],"up":[{"embeddable":true,"href":"http:\/\/cds64.org\/WordPress3\/wp-json\/wp\/v2\/pages\/96"}],"wp:attachment":[{"href":"http:\/\/cds64.org\/WordPress3\/wp-json\/wp\/v2\/media?parent=105"}],"curies":[{"name":"wp","href":"https:\/\/api.w.org\/{rel}","templated":true}]}}