{"id":103,"date":"2014-03-20T15:59:41","date_gmt":"2014-03-20T14:59:41","guid":{"rendered":"http:\/\/cds64.org\/WordPress3\/?page_id=103"},"modified":"2014-03-21T14:16:24","modified_gmt":"2014-03-21T13:16:24","slug":"plongee-souterraine","status":"publish","type":"page","link":"http:\/\/cds64.org\/WordPress3\/activites\/plongee-souterraine\/","title":{"rendered":"Plong\u00e9e souterraine"},"content":{"rendered":"<p><strong>L\u2019eau, source de vie, parcourt de nombreux kilom\u00e8tres \u00e0 travers le sol : c\u2019est ainsi que les cavit\u00e9s se forment.<\/strong>\u00a0Les sp\u00e9l\u00e9ologues explorent, \u00e9tudient et d\u00e9couvrent ces magnifiques r\u00e9seaux exond\u00e9s mais de nombreux obstacles stoppent les explorations. Ce sont parfois des tr\u00e9mies, des passages \u00e9troits ou l\u2019eau elle-m\u00eame. C\u2019est le domaine de la sp\u00e9l\u00e9ologie subaquatique, ou plong\u00e9e souterraine. Il se pr\u00e9sente sous la forme de siphons ou de sa manifestation ext\u00e9rieure : les r\u00e9surgences.<\/p>\n<p><iframe loading=\"lazy\" src=\"\/\/www.youtube.com\/embed\/FfEmY8Dudv4\" height=\"315\" width=\"560\" allowfullscreen=\"\" frameborder=\"0\"><\/iframe><\/p>\n<p><strong>Pour continuer d\u2019avancer, ces aventuriers cavernicoles ont mis au point des techniques d\u2019exploration subaquatiques.<\/strong><\/p>\n<p>Depuis les premiers pas, en pieds lourds, ces techniques n\u2019ont jamais cesser de progresser, jusqu\u2019\u00e0 arriver \u00e0 nos jours \u00e0 une technicit\u00e9 de pointe avec du mat\u00e9riel tr\u00e8s sp\u00e9cialis\u00e9 . Chaque innovation apporte son lot de nouvelles d\u00e9couvertes. Aujourd\u2019hui, les d\u00e9couvertes se poursuivent parfois \u00e0 des distances d\u00e9passant plusieurs kilom\u00e8tres de galerie enti\u00e8rement noy\u00e9es.<\/p>\n<p>Les sp\u00e9l\u00e9ologues stopp\u00e9s lors d\u2019une exploration par un siphon, font appel aux sp\u00e9l\u00e9onautes pour continuer leurs aventures. Bien que les plong\u00e9es s\u2019effectuent souvent seul, la sp\u00e9l\u00e9ologie subaquatique est un sport d\u2019\u00e9quipe.<\/p>\n<p>&nbsp;<\/p>\n<h3>Mat\u00e9riel<\/h3>\n<p><strong>La redondance est le ma\u00eetre mot : le mat\u00e9riel est adapt\u00e9 de la plong\u00e9e sous marine et est syst\u00e9matiquement doubl\u00e9 afin d\u2019assurer la s\u00e9curit\u00e9.<\/strong><\/p>\n<p>Le sp\u00e9l\u00e9onaute est \u00e9quip\u00e9, au minimum, de deux bouteilles de plong\u00e9e (ou de recycleurs, ou des deux combin\u00e9s), de deux d\u00e9tendeurs, d\u2019un moyen de flottabilit\u00e9 (souvent comportant deux syst\u00e8mes redondants), d\u2019une combinaison adapt\u00e9e, de deux moyens de d\u00e9compression (ordinateur, table), d\u2019un d\u00e9rouleur de fil d\u2019Ariane (afin de garantir le retour du plongeur et aussi pour pouvoir topographier la cavit\u00e9 explor\u00e9e), d\u2019un compas, d\u2019un s\u00e9cateur, d\u2019un casque, de plusieurs \u00e9clairages\u2026<\/p>\n<p>La maitrise de l\u2019ensemble du mat\u00e9riel dans l\u2019environnement particulier est indispensable.<\/p>\n<p>&nbsp;<\/p>\n<p>Pour tout compl\u00e9ment d&#8217;information :<\/p>\n<p><a title=\"Site de la commission plong\u00e9e\" href=\"http:\/\/efps.ffspeleo.fr\/\" target=\"_blank\">http:\/\/efps.ffspeleo.fr\/<\/a><\/p>\n","protected":false},"excerpt":{"rendered":"<p>L\u2019eau, source de vie, parcourt de nombreux kilom\u00e8tres \u00e0 travers le sol : c\u2019est ainsi que les cavit\u00e9s se forment.\u00a0Les \u2026 <a class=\"continue-reading-link\" href=\"http:\/\/cds64.org\/WordPress3\/activites\/plongee-souterraine\/\">Lire la suite <span class=\"meta-nav\">&rarr; <\/span><\/a><\/p>\n","protected":false},"author":1,"featured_media":0,"parent":96,"menu_order":3,"comment_status":"closed","ping_status":"open","template":"","meta":{"footnotes":""},"class_list":["post-103","page","type-page","status-publish","hentry"],"_links":{"self":[{"href":"http:\/\/cds64.org\/WordPress3\/wp-json\/wp\/v2\/pages\/103","targetHints":{"allow":["GET"]}}],"collection":[{"href":"http:\/\/cds64.org\/WordPress3\/wp-json\/wp\/v2\/pages"}],"about":[{"href":"http:\/\/cds64.org\/WordPress3\/wp-json\/wp\/v2\/types\/page"}],"author":[{"embeddable":true,"href":"http:\/\/cds64.org\/WordPress3\/wp-json\/wp\/v2\/users\/1"}],"replies":[{"embeddable":true,"href":"http:\/\/cds64.org\/WordPress3\/wp-json\/wp\/v2\/comments?post=103"}],"version-history":[{"count":2,"href":"http:\/\/cds64.org\/WordPress3\/wp-json\/wp\/v2\/pages\/103\/revisions"}],"predecessor-version":[{"id":159,"href":"http:\/\/cds64.org\/WordPress3\/wp-json\/wp\/v2\/pages\/103\/revisions\/159"}],"up":[{"embeddable":true,"href":"http:\/\/cds64.org\/WordPress3\/wp-json\/wp\/v2\/pages\/96"}],"wp:attachment":[{"href":"http:\/\/cds64.org\/WordPress3\/wp-json\/wp\/v2\/media?parent=103"}],"curies":[{"name":"wp","href":"https:\/\/api.w.org\/{rel}","templated":true}]}}