{"id":101,"date":"2014-03-20T15:59:05","date_gmt":"2014-03-20T14:59:05","guid":{"rendered":"http:\/\/cds64.org\/WordPress3\/?page_id=101"},"modified":"2014-04-01T10:27:35","modified_gmt":"2014-04-01T08:27:35","slug":"canyonisme","status":"publish","type":"page","link":"http:\/\/cds64.org\/WordPress3\/activites\/canyonisme\/","title":{"rendered":"Canyonisme"},"content":{"rendered":"<p><a style=\"color: #ff4b33; line-height: 24px; font-size: 16px; text-align: justify;\" href=\"http:\/\/cds64.org\/WordPress3\/wp-content\/uploads\/2014\/03\/IMG_9033.jpg\"><img loading=\"lazy\" decoding=\"async\" class=\"alignright  wp-image-54\" alt=\"IMG_9033\" src=\"http:\/\/cds64.org\/WordPress3\/wp-content\/uploads\/2014\/03\/IMG_9033-682x1024.jpg\" width=\"204\" height=\"307\" srcset=\"http:\/\/cds64.org\/WordPress3\/wp-content\/uploads\/2014\/03\/IMG_9033-682x1024.jpg 682w, http:\/\/cds64.org\/WordPress3\/wp-content\/uploads\/2014\/03\/IMG_9033-600x900.jpg 600w, http:\/\/cds64.org\/WordPress3\/wp-content\/uploads\/2014\/03\/IMG_9033-200x300.jpg 200w, http:\/\/cds64.org\/WordPress3\/wp-content\/uploads\/2014\/03\/IMG_9033-100x150.jpg 100w\" sizes=\"auto, (max-width: 204px) 100vw, 204px\" \/><\/a><\/p>\n<p style=\"text-align: justify;\">L&#8217;origine de l&#8217;activit\u00e9 canyonisme est commun\u00e9ment reli\u00e9e \u00e0 la descente de la rivi\u00e8re souterraine de Bramabiau, au c\u0153ur du parc des C\u00e9vennes par E.-A. Martel en 1888.<\/p>\n<div style=\"text-align: justify;\">\n<p>Depuis cette \u00e9poque, plusieurs pr\u00e9curseurs vont progressivement d\u00e9velopper l&#8217;activit\u00e9 jusqu&#8217;\u00e0 la cr\u00e9ation dans les ann\u00e9es 90 d&#8217;une commission de sp\u00e9l\u00e9ologie \u00e0 ciel ouvert au sein de la f\u00e9d\u00e9ration fran\u00e7aise de sp\u00e9l\u00e9ologie, qui deviendra rapidement la commission canyon jusqu&#8217;\u00e0 prendre le nom de \u00ab\u00a0<em>Ecole fran\u00e7aise de descente de canyon<\/em>\u00a0\u00bb au d\u00e9but des ann\u00e9es 2000.<\/p>\n<p>D&#8217;un abord ludique l&#8217;activit\u00e9 s&#8217;est structur\u00e9e autour d&#8217;explorations, de recherches et de publications par des pratiquants de plus en plus nombreux.<\/p>\n<p><strong>Le canyonisme est un sport de nature qui se pratique dans un environnement sp\u00e9cifique.<\/strong><\/p>\n<p><a href=\"http:\/\/cds64.org\/WordPress3\/wp-content\/uploads\/2014\/03\/CRW_6293.jpg\"><img loading=\"lazy\" decoding=\"async\" class=\" wp-image-41 alignleft\" alt=\"CRW_6293\" src=\"http:\/\/cds64.org\/WordPress3\/wp-content\/uploads\/2014\/03\/CRW_6293-682x1024.jpg\" width=\"204\" height=\"307\" srcset=\"http:\/\/cds64.org\/WordPress3\/wp-content\/uploads\/2014\/03\/CRW_6293-682x1024.jpg 682w, http:\/\/cds64.org\/WordPress3\/wp-content\/uploads\/2014\/03\/CRW_6293-600x900.jpg 600w, http:\/\/cds64.org\/WordPress3\/wp-content\/uploads\/2014\/03\/CRW_6293-200x300.jpg 200w, http:\/\/cds64.org\/WordPress3\/wp-content\/uploads\/2014\/03\/CRW_6293-100x150.jpg 100w, http:\/\/cds64.org\/WordPress3\/wp-content\/uploads\/2014\/03\/CRW_6293.jpg 2048w\" sizes=\"auto, (max-width: 204px) 100vw, 204px\" \/><\/a>Il consiste \u00e0 descendre un thalweg pouvant se pr\u00e9senter sous forme de torrents, ruisseaux,\u00a0rivi\u00e8res, gorges (plus ou moins \u00e9troits, profonds), avec ou sans pr\u00e9sence permanente d&#8217;eau et\u00a0pouvant pr\u00e9senter des cascades, des vasques, des biefs, des parties sub-verticales.<\/p>\n<p>Il exige une progression et des franchissements par la marche, la nage, les sauts, les glissades,\u00a0la d\u00e9sescalade, la descente en rappel et autres techniques d&#8217;\u00e9volution sur corde.<\/p>\n<p>&nbsp;<\/p>\n<p><strong>Pour tout compl\u00e9ment d\u2019information :<\/strong><br \/>\n<a title=\"Canyon\" href=\"http:\/\/canyon.ffspeleo.fr\/\" target=\"_blank\">http:\/\/canyon.ffspeleo.fr<\/a><\/p>\n<\/div>\n","protected":false},"excerpt":{"rendered":"<p>L&#8217;origine de l&#8217;activit\u00e9 canyonisme est commun\u00e9ment reli\u00e9e \u00e0 la descente de la rivi\u00e8re souterraine de Bramabiau, au c\u0153ur du parc \u2026 <a class=\"continue-reading-link\" href=\"http:\/\/cds64.org\/WordPress3\/activites\/canyonisme\/\">Lire la suite <span class=\"meta-nav\">&rarr; <\/span><\/a><\/p>\n","protected":false},"author":1,"featured_media":0,"parent":96,"menu_order":2,"comment_status":"closed","ping_status":"open","template":"","meta":{"footnotes":""},"class_list":["post-101","page","type-page","status-publish","hentry"],"_links":{"self":[{"href":"http:\/\/cds64.org\/WordPress3\/wp-json\/wp\/v2\/pages\/101","targetHints":{"allow":["GET"]}}],"collection":[{"href":"http:\/\/cds64.org\/WordPress3\/wp-json\/wp\/v2\/pages"}],"about":[{"href":"http:\/\/cds64.org\/WordPress3\/wp-json\/wp\/v2\/types\/page"}],"author":[{"embeddable":true,"href":"http:\/\/cds64.org\/WordPress3\/wp-json\/wp\/v2\/users\/1"}],"replies":[{"embeddable":true,"href":"http:\/\/cds64.org\/WordPress3\/wp-json\/wp\/v2\/comments?post=101"}],"version-history":[{"count":3,"href":"http:\/\/cds64.org\/WordPress3\/wp-json\/wp\/v2\/pages\/101\/revisions"}],"predecessor-version":[{"id":389,"href":"http:\/\/cds64.org\/WordPress3\/wp-json\/wp\/v2\/pages\/101\/revisions\/389"}],"up":[{"embeddable":true,"href":"http:\/\/cds64.org\/WordPress3\/wp-json\/wp\/v2\/pages\/96"}],"wp:attachment":[{"href":"http:\/\/cds64.org\/WordPress3\/wp-json\/wp\/v2\/media?parent=101"}],"curies":[{"name":"wp","href":"https:\/\/api.w.org\/{rel}","templated":true}]}}